{"id":76,"date":"2024-04-01T10:08:14","date_gmt":"2024-04-01T08:08:14","guid":{"rendered":"https:\/\/msc-werlte.de\/?page_id=76"},"modified":"2024-06-21T16:41:10","modified_gmt":"2024-06-21T14:41:10","slug":"was-macht-die-jugendgruppe","status":"publish","type":"page","link":"https:\/\/msc-werlte.de\/index.php\/jugendgruppe\/was-macht-die-jugendgruppe\/","title":{"rendered":"Was macht die Jugendgruppe?"},"content":{"rendered":"<p><img loading=\"lazy\" decoding=\"async\" class=\"aligncenter wp-image-759 \" src=\"https:\/\/msc-werlte.de\/wp-content\/uploads\/2024\/06\/IMG_3733-1.jpg\" alt=\"\" width=\"558\" height=\"189\" srcset=\"https:\/\/msc-werlte.de\/wp-content\/uploads\/2024\/06\/IMG_3733-1.jpg 828w, https:\/\/msc-werlte.de\/wp-content\/uploads\/2024\/06\/IMG_3733-1-300x101.jpg 300w, https:\/\/msc-werlte.de\/wp-content\/uploads\/2024\/06\/IMG_3733-1-768x260.jpg 768w\" sizes=\"auto, (max-width: 558px) 100vw, 558px\" \/><\/p>\n<p>Unsere Jugendgruppe wurde 1985 von Bernd Br\u00f6ker ins Leben gerufen. Bis heute ist die Jugendgruppe aktiv, wor\u00fcber wir sehr froh und gl\u00fccklich sind.<\/p>\n<p>Mit unserer clubeigenen Jugendgruppe m\u00f6chten wir Kinder den Motorsport n\u00e4herbringen.<\/p>\n<p>Wir m\u00f6chten den Kindern den Umgang und die Kameradschaft beibringen, sie ermutigen, an\u00a0 sportlichen Aktivit\u00e4ten teilzunehmen.<\/p>\n<p>Auch wenn die Erwachsenen die jungen Mitglieder unterst\u00fctzen, sollten junge Menschen die M\u00f6glichkeit erhalten, ihre eigenen Aktivit\u00e4ten zu gestalten und gleichzeitig F\u00fchrungs-, Kommunikations- und Teamf\u00e4higkeit sowie Kreativit\u00e4t zu entwickeln.<br \/>\nEs ist uns wichtig, dass sich die Jugendlichen in unserer Jugendgruppe wohl, ermutigt und sicher f\u00fchlen.<\/p>\n\n\t\t<style type=\"text\/css\">\n\t\t\t#gallery-1 {\n\t\t\t\tmargin: auto;\n\t\t\t}\n\t\t\t#gallery-1 .gallery-item {\n\t\t\t\tfloat: left;\n\t\t\t\tmargin-top: 10px;\n\t\t\t\ttext-align: center;\n\t\t\t\twidth: 20%;\n\t\t\t}\n\t\t\t#gallery-1 img {\n\t\t\t\tborder: 2px solid #cfcfcf;\n\t\t\t}\n\t\t\t#gallery-1 .gallery-caption {\n\t\t\t\tmargin-left: 0;\n\t\t\t}\n\t\t\t\/* see gallery_shortcode() in wp-includes\/media.php *\/\n\t\t<\/style>\n\t\t<div id='gallery-1' class='gallery galleryid-76 gallery-columns-5 gallery-size-thumbnail'><dl class='gallery-item'>\n\t\t\t<dt class='gallery-icon landscape'>\n\t\t\t\t<a href='https:\/\/msc-werlte.de\/img_3738\/'><img loading=\"lazy\" decoding=\"async\" width=\"150\" height=\"150\" src=\"https:\/\/msc-werlte.de\/wp-content\/uploads\/2024\/06\/IMG_3738-150x150.jpg\" class=\"attachment-thumbnail size-thumbnail\" alt=\"\" \/><\/a>\n\t\t\t<\/dt><\/dl><dl class='gallery-item'>\n\t\t\t<dt class='gallery-icon landscape'>\n\t\t\t\t<a href='https:\/\/msc-werlte.de\/img_3737\/'><img loading=\"lazy\" decoding=\"async\" width=\"150\" height=\"150\" src=\"https:\/\/msc-werlte.de\/wp-content\/uploads\/2024\/06\/IMG_3737-150x150.jpg\" class=\"attachment-thumbnail size-thumbnail\" alt=\"\" \/><\/a>\n\t\t\t<\/dt><\/dl><dl class='gallery-item'>\n\t\t\t<dt class='gallery-icon landscape'>\n\t\t\t\t<a href='https:\/\/msc-werlte.de\/img_3736\/'><img loading=\"lazy\" decoding=\"async\" width=\"150\" height=\"150\" src=\"https:\/\/msc-werlte.de\/wp-content\/uploads\/2024\/06\/IMG_3736-150x150.jpg\" class=\"attachment-thumbnail size-thumbnail\" alt=\"\" \/><\/a>\n\t\t\t<\/dt><\/dl><dl class='gallery-item'>\n\t\t\t<dt class='gallery-icon landscape'>\n\t\t\t\t<a href='https:\/\/msc-werlte.de\/img_3735\/'><img loading=\"lazy\" decoding=\"async\" width=\"150\" height=\"150\" src=\"https:\/\/msc-werlte.de\/wp-content\/uploads\/2024\/06\/IMG_3735-150x150.jpg\" class=\"attachment-thumbnail size-thumbnail\" alt=\"\" \/><\/a>\n\t\t\t<\/dt><\/dl><dl class='gallery-item'>\n\t\t\t<dt class='gallery-icon landscape'>\n\t\t\t\t<a href='https:\/\/msc-werlte.de\/index.php\/jugendgruppe\/was-macht-die-jugendgruppe\/img_3734\/'><img loading=\"lazy\" decoding=\"async\" width=\"150\" height=\"150\" src=\"https:\/\/msc-werlte.de\/wp-content\/uploads\/2024\/06\/IMG_3734-150x150.jpg\" class=\"attachment-thumbnail size-thumbnail\" alt=\"\" \/><\/a>\n\t\t\t<\/dt><\/dl><br style=\"clear: both\" \/><dl class='gallery-item'>\n\t\t\t<dt class='gallery-icon landscape'>\n\t\t\t\t<a href='https:\/\/msc-werlte.de\/img_3733\/'><img loading=\"lazy\" decoding=\"async\" width=\"150\" height=\"150\" src=\"https:\/\/msc-werlte.de\/wp-content\/uploads\/2024\/06\/IMG_3733-150x150.jpg\" class=\"attachment-thumbnail size-thumbnail\" alt=\"\" \/><\/a>\n\t\t\t<\/dt><\/dl><dl class='gallery-item'>\n\t\t\t<dt class='gallery-icon landscape'>\n\t\t\t\t<a href='https:\/\/msc-werlte.de\/img_3732\/'><img loading=\"lazy\" decoding=\"async\" width=\"150\" height=\"150\" src=\"https:\/\/msc-werlte.de\/wp-content\/uploads\/2024\/06\/IMG_3732-150x150.jpg\" class=\"attachment-thumbnail size-thumbnail\" alt=\"\" \/><\/a>\n\t\t\t<\/dt><\/dl><dl class='gallery-item'>\n\t\t\t<dt class='gallery-icon landscape'>\n\t\t\t\t<a href='https:\/\/msc-werlte.de\/img_3731\/'><img loading=\"lazy\" decoding=\"async\" width=\"150\" height=\"150\" src=\"https:\/\/msc-werlte.de\/wp-content\/uploads\/2024\/06\/IMG_3731-150x150.jpg\" class=\"attachment-thumbnail size-thumbnail\" alt=\"\" \/><\/a>\n\t\t\t<\/dt><\/dl><dl class='gallery-item'>\n\t\t\t<dt class='gallery-icon landscape'>\n\t\t\t\t<a href='https:\/\/msc-werlte.de\/img_3730\/'><img loading=\"lazy\" decoding=\"async\" width=\"150\" height=\"150\" src=\"https:\/\/msc-werlte.de\/wp-content\/uploads\/2024\/06\/IMG_3730-150x150.jpg\" class=\"attachment-thumbnail size-thumbnail\" alt=\"\" \/><\/a>\n\t\t\t<\/dt><\/dl><dl class='gallery-item'>\n\t\t\t<dt class='gallery-icon landscape'>\n\t\t\t\t<a href='https:\/\/msc-werlte.de\/img_3729\/'><img loading=\"lazy\" decoding=\"async\" width=\"150\" height=\"150\" src=\"https:\/\/msc-werlte.de\/wp-content\/uploads\/2024\/06\/IMG_3729-150x150.jpg\" class=\"attachment-thumbnail size-thumbnail\" alt=\"\" \/><\/a>\n\t\t\t<\/dt><\/dl><br style=\"clear: both\" \/>\n\t\t<\/div>\n\n<p>Unsere Jugendarbeit setzt an den St\u00e4rken junger Menschen an und unterst\u00fctzt ihre Entwicklung zu eigenverantwortlichen und gemeinschaftsf\u00e4higen Pers\u00f6nlichkeiten.<br \/>\nWir f\u00f6rdern und fordern Kinder und Jugendliche in ihrer Entwicklung sowie in den Bereichen Geduld und Empathie.<br \/>\nF\u00fcr uns als Verein und f\u00fcr unsere Trainer ist es aber auch wichtig, die Jugendlichen nach ihrem Zeitplan agieren zu lassen, sie bestm\u00f6glich zu unterst\u00fctzen, indem wir ihnen aktiv zuh\u00f6ren.<br \/>\nLetztlich soll der Fokus der Jugendgruppe darauf zielen, Kinder in ihren F\u00e4higkeiten zu st\u00e4rken und dabei soll der Spa\u00df im Vordergrund stehen.<\/p>\n<p>&nbsp;<\/p>\n<p>&nbsp;<\/p>\n<p><img loading=\"lazy\" decoding=\"async\" class=\"aligncenter wp-image-754 \" src=\"https:\/\/msc-werlte.de\/wp-content\/uploads\/2024\/06\/IMG_3734.jpg\" alt=\"\" width=\"516\" height=\"281\" srcset=\"https:\/\/msc-werlte.de\/wp-content\/uploads\/2024\/06\/IMG_3734.jpg 1280w, https:\/\/msc-werlte.de\/wp-content\/uploads\/2024\/06\/IMG_3734-300x163.jpg 300w, https:\/\/msc-werlte.de\/wp-content\/uploads\/2024\/06\/IMG_3734-1024x558.jpg 1024w, https:\/\/msc-werlte.de\/wp-content\/uploads\/2024\/06\/IMG_3734-768x418.jpg 768w\" sizes=\"auto, (max-width: 516px) 100vw, 516px\" \/><\/p>\n<p style=\"text-align: center;\">Gruppenfoto mit <strong>Bernd Br\u00f6ker<\/strong>, der die Jugendgruppe 1985 ins Leben gerufen hat.<\/p>\n<p>&nbsp;<\/p>\n<p>&nbsp;<\/p>\n<div class=\"shariff\" data-services=\"facebook\" data-url=\"https:\/\/msc-werlte.de\/index.php\/jugendgruppe\/was-macht-die-jugendgruppe\/\" data-timestamp=\"1718988070\" data-backendurl=\"https:\/\/msc-werlte.de\/wp-json\/shariff\/v1\/share_counts?\"><ul class=\"shariff-buttons theme-default orientation-horizontal buttonsize-medium\"><li class=\"shariff-button facebook shariff-nocustomcolor\" style=\"background-color:#4273c8\"><a href=\"https:\/\/www.facebook.com\/sharer\/sharer.php?u=https%3A%2F%2Fmsc-werlte.de%2Findex.php%2Fjugendgruppe%2Fwas-macht-die-jugendgruppe%2F\" title=\"Bei Facebook teilen\" aria-label=\"Bei Facebook teilen\" role=\"button\" rel=\"nofollow\" class=\"shariff-link\" style=\"; background-color:#3b5998; color:#fff\" target=\"_blank\"><span class=\"shariff-icon\" style=\"\"><svg width=\"32px\" height=\"20px\" xmlns=\"http:\/\/www.w3.org\/2000\/svg\" viewBox=\"0 0 18 32\"><path fill=\"#3b5998\" d=\"M17.1 0.2v4.7h-2.8q-1.5 0-2.1 0.6t-0.5 1.9v3.4h5.2l-0.7 5.3h-4.5v13.6h-5.5v-13.6h-4.5v-5.3h4.5v-3.9q0-3.3 1.9-5.2t5-1.8q2.6 0 4.1 0.2z\"\/><\/svg><\/span><span class=\"shariff-text\">teilen<\/span>&nbsp;<span data-service=\"facebook\" style=\"color:#3b5998\" class=\"shariff-count shariff-hidezero\"><\/span>&nbsp;<\/a><\/li><\/ul><\/div>","protected":false},"excerpt":{"rendered":"<p>Unsere Jugendgruppe wurde 1985 von Bernd Br\u00f6ker ins Leben gerufen. Bis heute ist die Jugendgruppe aktiv, wor\u00fcber wir sehr froh und gl\u00fccklich sind. Mit unserer clubeigenen Jugendgruppe m\u00f6chten wir Kinder den Motorsport n\u00e4herbringen. Wir m\u00f6chten den Kindern den Umgang und die Kameradschaft beibringen, sie ermutigen, an\u00a0 sportlichen Aktivit\u00e4ten teilzunehmen. Auch wenn die Erwachsenen die jungen Mitglieder unterst\u00fctzen, sollten junge Menschen [&hellip;]<\/p>\n","protected":false},"author":1,"featured_media":0,"parent":74,"menu_order":0,"comment_status":"closed","ping_status":"closed","template":"","meta":{"footnotes":""},"class_list":["post-76","page","type-page","status-publish","hentry"],"yoast_head":"<!-- This site is optimized with the Yoast SEO plugin v27.5 - https:\/\/yoast.com\/product\/yoast-seo-wordpress\/ -->\n<title>Was macht die Jugendgruppe? - MSC H\u00fcmmling Werlte<\/title>\n<meta name=\"robots\" content=\"index, follow, max-snippet:-1, max-image-preview:large, max-video-preview:-1\" \/>\n<link rel=\"canonical\" href=\"https:\/\/msc-werlte.de\/index.php\/jugendgruppe\/was-macht-die-jugendgruppe\/\" \/>\n<meta property=\"og:locale\" content=\"de_DE\" \/>\n<meta property=\"og:type\" content=\"article\" \/>\n<meta property=\"og:title\" content=\"Was macht die Jugendgruppe? - MSC H\u00fcmmling Werlte\" \/>\n<meta property=\"og:description\" content=\"Unsere Jugendgruppe wurde 1985 von Bernd Br\u00f6ker ins Leben gerufen. Bis heute ist die Jugendgruppe aktiv, wor\u00fcber wir sehr froh und gl\u00fccklich sind. Mit unserer clubeigenen Jugendgruppe m\u00f6chten wir Kinder den Motorsport n\u00e4herbringen. Wir m\u00f6chten den Kindern den Umgang und die Kameradschaft beibringen, sie ermutigen, an\u00a0 sportlichen Aktivit\u00e4ten teilzunehmen. Auch wenn die Erwachsenen die jungen Mitglieder unterst\u00fctzen, sollten junge Menschen [&hellip;]\" \/>\n<meta property=\"og:url\" content=\"https:\/\/msc-werlte.de\/index.php\/jugendgruppe\/was-macht-die-jugendgruppe\/\" \/>\n<meta property=\"og:site_name\" content=\"MSC H\u00fcmmling Werlte\" \/>\n<meta property=\"article:publisher\" content=\"https:\/\/www.facebook.com\/MscHummlingWerlteEvImAdac\" \/>\n<meta property=\"article:modified_time\" content=\"2024-06-21T14:41:10+00:00\" \/>\n<meta property=\"og:image\" content=\"https:\/\/msc-werlte.de\/wp-content\/uploads\/2024\/06\/IMG_3733-1.jpg\" \/>\n<meta name=\"twitter:card\" content=\"summary_large_image\" \/>\n<meta name=\"twitter:label1\" content=\"Gesch\u00e4tzte Lesezeit\" \/>\n\t<meta name=\"twitter:data1\" content=\"2\u00a0Minuten\" \/>\n<script type=\"application\/ld+json\" class=\"yoast-schema-graph\">{\"@context\":\"https:\\\/\\\/schema.org\",\"@graph\":[{\"@type\":\"WebPage\",\"@id\":\"https:\\\/\\\/msc-werlte.de\\\/index.php\\\/jugendgruppe\\\/was-macht-die-jugendgruppe\\\/\",\"url\":\"https:\\\/\\\/msc-werlte.de\\\/index.php\\\/jugendgruppe\\\/was-macht-die-jugendgruppe\\\/\",\"name\":\"Was macht die Jugendgruppe? - MSC H\u00fcmmling Werlte\",\"isPartOf\":{\"@id\":\"https:\\\/\\\/msc-werlte.de\\\/#website\"},\"primaryImageOfPage\":{\"@id\":\"https:\\\/\\\/msc-werlte.de\\\/index.php\\\/jugendgruppe\\\/was-macht-die-jugendgruppe\\\/#primaryimage\"},\"image\":{\"@id\":\"https:\\\/\\\/msc-werlte.de\\\/index.php\\\/jugendgruppe\\\/was-macht-die-jugendgruppe\\\/#primaryimage\"},\"thumbnailUrl\":\"https:\\\/\\\/msc-werlte.de\\\/wp-content\\\/uploads\\\/2024\\\/06\\\/IMG_3733-1.jpg\",\"datePublished\":\"2024-04-01T08:08:14+00:00\",\"dateModified\":\"2024-06-21T14:41:10+00:00\",\"breadcrumb\":{\"@id\":\"https:\\\/\\\/msc-werlte.de\\\/index.php\\\/jugendgruppe\\\/was-macht-die-jugendgruppe\\\/#breadcrumb\"},\"inLanguage\":\"de\",\"potentialAction\":[{\"@type\":\"ReadAction\",\"target\":[\"https:\\\/\\\/msc-werlte.de\\\/index.php\\\/jugendgruppe\\\/was-macht-die-jugendgruppe\\\/\"]}]},{\"@type\":\"ImageObject\",\"inLanguage\":\"de\",\"@id\":\"https:\\\/\\\/msc-werlte.de\\\/index.php\\\/jugendgruppe\\\/was-macht-die-jugendgruppe\\\/#primaryimage\",\"url\":\"https:\\\/\\\/msc-werlte.de\\\/wp-content\\\/uploads\\\/2024\\\/06\\\/IMG_3733-1.jpg\",\"contentUrl\":\"https:\\\/\\\/msc-werlte.de\\\/wp-content\\\/uploads\\\/2024\\\/06\\\/IMG_3733-1.jpg\",\"width\":828,\"height\":280},{\"@type\":\"BreadcrumbList\",\"@id\":\"https:\\\/\\\/msc-werlte.de\\\/index.php\\\/jugendgruppe\\\/was-macht-die-jugendgruppe\\\/#breadcrumb\",\"itemListElement\":[{\"@type\":\"ListItem\",\"position\":1,\"name\":\"Startseite\",\"item\":\"https:\\\/\\\/msc-werlte.de\\\/\"},{\"@type\":\"ListItem\",\"position\":2,\"name\":\"Jugendgruppe\",\"item\":\"https:\\\/\\\/msc-werlte.de\\\/index.php\\\/jugendgruppe\\\/\"},{\"@type\":\"ListItem\",\"position\":3,\"name\":\"Was macht die Jugendgruppe?\"}]},{\"@type\":\"WebSite\",\"@id\":\"https:\\\/\\\/msc-werlte.de\\\/#website\",\"url\":\"https:\\\/\\\/msc-werlte.de\\\/\",\"name\":\"MSC H\u00fcmmling Werlte\",\"description\":\"\",\"publisher\":{\"@id\":\"https:\\\/\\\/msc-werlte.de\\\/#organization\"},\"potentialAction\":[{\"@type\":\"SearchAction\",\"target\":{\"@type\":\"EntryPoint\",\"urlTemplate\":\"https:\\\/\\\/msc-werlte.de\\\/?s={search_term_string}\"},\"query-input\":{\"@type\":\"PropertyValueSpecification\",\"valueRequired\":true,\"valueName\":\"search_term_string\"}}],\"inLanguage\":\"de\"},{\"@type\":\"Organization\",\"@id\":\"https:\\\/\\\/msc-werlte.de\\\/#organization\",\"name\":\"MSC H\u00fcmmling Werlte\",\"url\":\"https:\\\/\\\/msc-werlte.de\\\/\",\"logo\":{\"@type\":\"ImageObject\",\"inLanguage\":\"de\",\"@id\":\"https:\\\/\\\/msc-werlte.de\\\/#\\\/schema\\\/logo\\\/image\\\/\",\"url\":\"https:\\\/\\\/msc-werlte.de\\\/wp-content\\\/uploads\\\/2022\\\/10\\\/MSC-Werlte_329px_Final.png\",\"contentUrl\":\"https:\\\/\\\/msc-werlte.de\\\/wp-content\\\/uploads\\\/2022\\\/10\\\/MSC-Werlte_329px_Final.png\",\"width\":329,\"height\":329,\"caption\":\"MSC H\u00fcmmling Werlte\"},\"image\":{\"@id\":\"https:\\\/\\\/msc-werlte.de\\\/#\\\/schema\\\/logo\\\/image\\\/\"},\"sameAs\":[\"https:\\\/\\\/www.facebook.com\\\/MscHummlingWerlteEvImAdac\"]}]}<\/script>\n<!-- \/ Yoast SEO plugin. -->","yoast_head_json":{"title":"Was macht die Jugendgruppe? - MSC H\u00fcmmling Werlte","robots":{"index":"index","follow":"follow","max-snippet":"max-snippet:-1","max-image-preview":"max-image-preview:large","max-video-preview":"max-video-preview:-1"},"canonical":"https:\/\/msc-werlte.de\/index.php\/jugendgruppe\/was-macht-die-jugendgruppe\/","og_locale":"de_DE","og_type":"article","og_title":"Was macht die Jugendgruppe? - MSC H\u00fcmmling Werlte","og_description":"Unsere Jugendgruppe wurde 1985 von Bernd Br\u00f6ker ins Leben gerufen. Bis heute ist die Jugendgruppe aktiv, wor\u00fcber wir sehr froh und gl\u00fccklich sind. Mit unserer clubeigenen Jugendgruppe m\u00f6chten wir Kinder den Motorsport n\u00e4herbringen. Wir m\u00f6chten den Kindern den Umgang und die Kameradschaft beibringen, sie ermutigen, an\u00a0 sportlichen Aktivit\u00e4ten teilzunehmen. Auch wenn die Erwachsenen die jungen Mitglieder unterst\u00fctzen, sollten junge Menschen [&hellip;]","og_url":"https:\/\/msc-werlte.de\/index.php\/jugendgruppe\/was-macht-die-jugendgruppe\/","og_site_name":"MSC H\u00fcmmling Werlte","article_publisher":"https:\/\/www.facebook.com\/MscHummlingWerlteEvImAdac","article_modified_time":"2024-06-21T14:41:10+00:00","og_image":[{"url":"https:\/\/msc-werlte.de\/wp-content\/uploads\/2024\/06\/IMG_3733-1.jpg","type":"","width":"","height":""}],"twitter_card":"summary_large_image","twitter_misc":{"Gesch\u00e4tzte Lesezeit":"2\u00a0Minuten"},"schema":{"@context":"https:\/\/schema.org","@graph":[{"@type":"WebPage","@id":"https:\/\/msc-werlte.de\/index.php\/jugendgruppe\/was-macht-die-jugendgruppe\/","url":"https:\/\/msc-werlte.de\/index.php\/jugendgruppe\/was-macht-die-jugendgruppe\/","name":"Was macht die Jugendgruppe? - MSC H\u00fcmmling Werlte","isPartOf":{"@id":"https:\/\/msc-werlte.de\/#website"},"primaryImageOfPage":{"@id":"https:\/\/msc-werlte.de\/index.php\/jugendgruppe\/was-macht-die-jugendgruppe\/#primaryimage"},"image":{"@id":"https:\/\/msc-werlte.de\/index.php\/jugendgruppe\/was-macht-die-jugendgruppe\/#primaryimage"},"thumbnailUrl":"https:\/\/msc-werlte.de\/wp-content\/uploads\/2024\/06\/IMG_3733-1.jpg","datePublished":"2024-04-01T08:08:14+00:00","dateModified":"2024-06-21T14:41:10+00:00","breadcrumb":{"@id":"https:\/\/msc-werlte.de\/index.php\/jugendgruppe\/was-macht-die-jugendgruppe\/#breadcrumb"},"inLanguage":"de","potentialAction":[{"@type":"ReadAction","target":["https:\/\/msc-werlte.de\/index.php\/jugendgruppe\/was-macht-die-jugendgruppe\/"]}]},{"@type":"ImageObject","inLanguage":"de","@id":"https:\/\/msc-werlte.de\/index.php\/jugendgruppe\/was-macht-die-jugendgruppe\/#primaryimage","url":"https:\/\/msc-werlte.de\/wp-content\/uploads\/2024\/06\/IMG_3733-1.jpg","contentUrl":"https:\/\/msc-werlte.de\/wp-content\/uploads\/2024\/06\/IMG_3733-1.jpg","width":828,"height":280},{"@type":"BreadcrumbList","@id":"https:\/\/msc-werlte.de\/index.php\/jugendgruppe\/was-macht-die-jugendgruppe\/#breadcrumb","itemListElement":[{"@type":"ListItem","position":1,"name":"Startseite","item":"https:\/\/msc-werlte.de\/"},{"@type":"ListItem","position":2,"name":"Jugendgruppe","item":"https:\/\/msc-werlte.de\/index.php\/jugendgruppe\/"},{"@type":"ListItem","position":3,"name":"Was macht die Jugendgruppe?"}]},{"@type":"WebSite","@id":"https:\/\/msc-werlte.de\/#website","url":"https:\/\/msc-werlte.de\/","name":"MSC H\u00fcmmling Werlte","description":"","publisher":{"@id":"https:\/\/msc-werlte.de\/#organization"},"potentialAction":[{"@type":"SearchAction","target":{"@type":"EntryPoint","urlTemplate":"https:\/\/msc-werlte.de\/?s={search_term_string}"},"query-input":{"@type":"PropertyValueSpecification","valueRequired":true,"valueName":"search_term_string"}}],"inLanguage":"de"},{"@type":"Organization","@id":"https:\/\/msc-werlte.de\/#organization","name":"MSC H\u00fcmmling Werlte","url":"https:\/\/msc-werlte.de\/","logo":{"@type":"ImageObject","inLanguage":"de","@id":"https:\/\/msc-werlte.de\/#\/schema\/logo\/image\/","url":"https:\/\/msc-werlte.de\/wp-content\/uploads\/2022\/10\/MSC-Werlte_329px_Final.png","contentUrl":"https:\/\/msc-werlte.de\/wp-content\/uploads\/2022\/10\/MSC-Werlte_329px_Final.png","width":329,"height":329,"caption":"MSC H\u00fcmmling Werlte"},"image":{"@id":"https:\/\/msc-werlte.de\/#\/schema\/logo\/image\/"},"sameAs":["https:\/\/www.facebook.com\/MscHummlingWerlteEvImAdac"]}]}},"_links":{"self":[{"href":"https:\/\/msc-werlte.de\/index.php\/wp-json\/wp\/v2\/pages\/76","targetHints":{"allow":["GET"]}}],"collection":[{"href":"https:\/\/msc-werlte.de\/index.php\/wp-json\/wp\/v2\/pages"}],"about":[{"href":"https:\/\/msc-werlte.de\/index.php\/wp-json\/wp\/v2\/types\/page"}],"author":[{"embeddable":true,"href":"https:\/\/msc-werlte.de\/index.php\/wp-json\/wp\/v2\/users\/1"}],"replies":[{"embeddable":true,"href":"https:\/\/msc-werlte.de\/index.php\/wp-json\/wp\/v2\/comments?post=76"}],"version-history":[{"count":3,"href":"https:\/\/msc-werlte.de\/index.php\/wp-json\/wp\/v2\/pages\/76\/revisions"}],"predecessor-version":[{"id":765,"href":"https:\/\/msc-werlte.de\/index.php\/wp-json\/wp\/v2\/pages\/76\/revisions\/765"}],"up":[{"embeddable":true,"href":"https:\/\/msc-werlte.de\/index.php\/wp-json\/wp\/v2\/pages\/74"}],"wp:attachment":[{"href":"https:\/\/msc-werlte.de\/index.php\/wp-json\/wp\/v2\/media?parent=76"}],"curies":[{"name":"wp","href":"https:\/\/api.w.org\/{rel}","templated":true}]}}