{"id":72,"date":"2024-04-01T10:07:12","date_gmt":"2024-04-01T08:07:12","guid":{"rendered":"https:\/\/msc-werlte.de\/?page_id=72"},"modified":"2024-06-17T20:33:13","modified_gmt":"2024-06-17T18:33:13","slug":"berichte","status":"publish","type":"page","link":"https:\/\/msc-werlte.de\/index.php\/adac-weser-ems-bahnsport-nachwuchs-cup\/berichte\/","title":{"rendered":"ADAC Nachwuchs Cup 2024"},"content":{"rendered":"<p><strong><img loading=\"lazy\" decoding=\"async\" class=\"wp-image-389 aligncenter\" src=\"https:\/\/msc-werlte.de\/wp-content\/uploads\/2024\/04\/image0-300x208.jpeg\" alt=\"\" width=\"363\" height=\"252\" srcset=\"https:\/\/msc-werlte.de\/wp-content\/uploads\/2024\/04\/image0-300x208.jpeg 300w, https:\/\/msc-werlte.de\/wp-content\/uploads\/2024\/04\/image0-1024x710.jpeg 1024w, https:\/\/msc-werlte.de\/wp-content\/uploads\/2024\/04\/image0-768x532.jpeg 768w, https:\/\/msc-werlte.de\/wp-content\/uploads\/2024\/04\/image0-1536x1064.jpeg 1536w, https:\/\/msc-werlte.de\/wp-content\/uploads\/2024\/04\/image0-100x70.jpeg 100w, https:\/\/msc-werlte.de\/wp-content\/uploads\/2024\/04\/image0.jpeg 2048w\" sizes=\"auto, (max-width: 363px) 100vw, 363px\" \/><\/strong><\/p>\n<p><strong>Saisonauftakt beim MSC \u201eH\u00fcmmling\u201c Werlte ein voller Erfolg<\/strong><\/p>\n<p>&nbsp;<\/p>\n<p>Am 09. M\u00e4rz 2024 war es endlich wieder soweit: nach der langen Winterpause lud der MSC Werlte zum ersten Rennen der Saison ein. Der ADAC Weser Ems Bahnsport Nachwuchs Cup stand auf dem Plan; eine Veranstaltung, die ganz im Sinne des Nachwuchses und der Talentf\u00f6rderung steht.<\/p>\n<p>Ehe die ersten Motoren endlich wieder laufen konnten und der Methanolgeruch in der Luft lag, begr\u00fc\u00dfte der 1.Vorsitzende Josef Hukelmann die knapp 30 Sportler und Sportlerinnen, die aus ganz Deutschland angereist waren. Nach einem Theorieteil und einem Aufw\u00e4rmtraining durften die Nachwuchstalente im Alter von 6- 20 Jahren dann endlich aufs Motorrad steigen und die ersten Runden auf der Trainingsbahn drehen.<\/p>\n<p>Nach dem freien Training begannen die Rennl\u00e4ufe. Hier gingen die Klassen Junior A PW50, Junior A, Junior B, Junior C und die U21 an den Start und leisteten sich spannende Rennen untereinander.<\/p>\n<p>Unsere Clubfahrer Lian Will und Luca Dammeier strahlten am Ende des Renntages auf den R\u00e4ngen 3 und 4 auf dem Siegerpodest. Auch alle anderen SiegerInnen wurden nach dem Rennen bei strahlendem Sonnenschein auf dem Siegerehrungswagen geehrt und erhielten eine Urkunde sowie Pokale f\u00fcr die erfolgreiche Teilnahme.<\/p>\n<p>Sehr gefreut hat sich der Veranstalter \u00fcber die vielen Neuanf\u00e4nger. Knapp zehn Neulinge haben gek\u00e4mpft, Mut bewiesen, fairen Sport gezeigt und sich den erfahrenen Fahrern in den Rennen gestellt. \u201eEine grandiose Leistung, die die Kinder gezeigt haben. In allen Fahrern und Fahrerinnen steckt gro\u00dfes Talent und Potential f\u00fcr eine gro\u00dfe Karriere im Bahnsport\u201c, so Hukelmann.<\/p>\n<p>F\u00fcr den erfolgreichen Ablauf des Trainings m\u00f6chte sich der Vorstand des MSC \u201eH\u00fcmmling\u201c Werlte nochmals bei allen freiwilligen Helfern, beim DRK Werlte und der Renn\u00e4rztin Almut Opolka den Offiziellen sowie bei allen TeilnehmerInnen bedanken und w\u00fcnscht eine spannende und unfallfreie Rennsaison 2024!<\/p>\n<p>&nbsp;<\/p>\n<p>Fotos sind unter folgendem Link einzusehen:<\/p>\n<p>https:\/\/www.baansportfansite.nl\/nieuws\/2516\/fotoreportage-adac-weser-ems-cup-in-werlte<\/p>\n<p><strong>\u00a0<\/strong><\/p>\n<p><strong>\u00a0<\/strong><\/p>\n<div class=\"shariff\" data-services=\"facebook\" data-url=\"https:\/\/msc-werlte.de\/index.php\/adac-weser-ems-bahnsport-nachwuchs-cup\/berichte\/\" data-timestamp=\"1718656393\" data-backendurl=\"https:\/\/msc-werlte.de\/wp-json\/shariff\/v1\/share_counts?\"><ul class=\"shariff-buttons theme-default orientation-horizontal buttonsize-medium\"><li class=\"shariff-button facebook shariff-nocustomcolor\" style=\"background-color:#4273c8\"><a href=\"https:\/\/www.facebook.com\/sharer\/sharer.php?u=https%3A%2F%2Fmsc-werlte.de%2Findex.php%2Fadac-weser-ems-bahnsport-nachwuchs-cup%2Fberichte%2F\" title=\"Bei Facebook teilen\" aria-label=\"Bei Facebook teilen\" role=\"button\" rel=\"nofollow\" class=\"shariff-link\" style=\"; background-color:#3b5998; color:#fff\" target=\"_blank\"><span class=\"shariff-icon\" style=\"\"><svg width=\"32px\" height=\"20px\" xmlns=\"http:\/\/www.w3.org\/2000\/svg\" viewBox=\"0 0 18 32\"><path fill=\"#3b5998\" d=\"M17.1 0.2v4.7h-2.8q-1.5 0-2.1 0.6t-0.5 1.9v3.4h5.2l-0.7 5.3h-4.5v13.6h-5.5v-13.6h-4.5v-5.3h4.5v-3.9q0-3.3 1.9-5.2t5-1.8q2.6 0 4.1 0.2z\"\/><\/svg><\/span><span class=\"shariff-text\">teilen<\/span>&nbsp;<span data-service=\"facebook\" style=\"color:#3b5998\" class=\"shariff-count shariff-hidezero\"><\/span>&nbsp;<\/a><\/li><\/ul><\/div>","protected":false},"excerpt":{"rendered":"<p>Saisonauftakt beim MSC \u201eH\u00fcmmling\u201c Werlte ein voller Erfolg &nbsp; Am 09. M\u00e4rz 2024 war es endlich wieder soweit: nach der langen Winterpause lud der MSC Werlte zum ersten Rennen der Saison ein. Der ADAC Weser Ems Bahnsport Nachwuchs Cup stand auf dem Plan; eine Veranstaltung, die ganz im Sinne des Nachwuchses und der Talentf\u00f6rderung steht. Ehe die ersten Motoren endlich [&hellip;]<\/p>\n","protected":false},"author":1,"featured_media":0,"parent":66,"menu_order":0,"comment_status":"closed","ping_status":"closed","template":"","meta":{"footnotes":""},"class_list":["post-72","page","type-page","status-publish","hentry"],"yoast_head":"<!-- This site is optimized with the Yoast SEO plugin v27.5 - https:\/\/yoast.com\/product\/yoast-seo-wordpress\/ -->\n<title>ADAC Nachwuchs Cup 2024 - MSC H\u00fcmmling Werlte<\/title>\n<meta name=\"robots\" content=\"index, follow, max-snippet:-1, max-image-preview:large, max-video-preview:-1\" \/>\n<link rel=\"canonical\" href=\"https:\/\/msc-werlte.de\/index.php\/adac-weser-ems-bahnsport-nachwuchs-cup\/berichte\/\" \/>\n<meta property=\"og:locale\" content=\"de_DE\" \/>\n<meta property=\"og:type\" content=\"article\" \/>\n<meta property=\"og:title\" content=\"ADAC Nachwuchs Cup 2024 - MSC H\u00fcmmling Werlte\" \/>\n<meta property=\"og:description\" content=\"Saisonauftakt beim MSC \u201eH\u00fcmmling\u201c Werlte ein voller Erfolg &nbsp; Am 09. M\u00e4rz 2024 war es endlich wieder soweit: nach der langen Winterpause lud der MSC Werlte zum ersten Rennen der Saison ein. Der ADAC Weser Ems Bahnsport Nachwuchs Cup stand auf dem Plan; eine Veranstaltung, die ganz im Sinne des Nachwuchses und der Talentf\u00f6rderung steht. Ehe die ersten Motoren endlich [&hellip;]\" \/>\n<meta property=\"og:url\" content=\"https:\/\/msc-werlte.de\/index.php\/adac-weser-ems-bahnsport-nachwuchs-cup\/berichte\/\" \/>\n<meta property=\"og:site_name\" content=\"MSC H\u00fcmmling Werlte\" \/>\n<meta property=\"article:publisher\" content=\"https:\/\/www.facebook.com\/MscHummlingWerlteEvImAdac\" \/>\n<meta property=\"article:modified_time\" content=\"2024-06-17T18:33:13+00:00\" \/>\n<meta property=\"og:image\" content=\"https:\/\/msc-werlte.de\/wp-content\/uploads\/2024\/04\/image0-300x208.jpeg\" \/>\n<meta name=\"twitter:card\" content=\"summary_large_image\" \/>\n<meta name=\"twitter:label1\" content=\"Gesch\u00e4tzte Lesezeit\" \/>\n\t<meta name=\"twitter:data1\" content=\"2\u00a0Minuten\" \/>\n<script type=\"application\/ld+json\" class=\"yoast-schema-graph\">{\"@context\":\"https:\\\/\\\/schema.org\",\"@graph\":[{\"@type\":\"WebPage\",\"@id\":\"https:\\\/\\\/msc-werlte.de\\\/index.php\\\/adac-weser-ems-bahnsport-nachwuchs-cup\\\/berichte\\\/\",\"url\":\"https:\\\/\\\/msc-werlte.de\\\/index.php\\\/adac-weser-ems-bahnsport-nachwuchs-cup\\\/berichte\\\/\",\"name\":\"ADAC Nachwuchs Cup 2024 - MSC H\u00fcmmling Werlte\",\"isPartOf\":{\"@id\":\"https:\\\/\\\/msc-werlte.de\\\/#website\"},\"primaryImageOfPage\":{\"@id\":\"https:\\\/\\\/msc-werlte.de\\\/index.php\\\/adac-weser-ems-bahnsport-nachwuchs-cup\\\/berichte\\\/#primaryimage\"},\"image\":{\"@id\":\"https:\\\/\\\/msc-werlte.de\\\/index.php\\\/adac-weser-ems-bahnsport-nachwuchs-cup\\\/berichte\\\/#primaryimage\"},\"thumbnailUrl\":\"https:\\\/\\\/msc-werlte.de\\\/wp-content\\\/uploads\\\/2024\\\/04\\\/image0-300x208.jpeg\",\"datePublished\":\"2024-04-01T08:07:12+00:00\",\"dateModified\":\"2024-06-17T18:33:13+00:00\",\"breadcrumb\":{\"@id\":\"https:\\\/\\\/msc-werlte.de\\\/index.php\\\/adac-weser-ems-bahnsport-nachwuchs-cup\\\/berichte\\\/#breadcrumb\"},\"inLanguage\":\"de\",\"potentialAction\":[{\"@type\":\"ReadAction\",\"target\":[\"https:\\\/\\\/msc-werlte.de\\\/index.php\\\/adac-weser-ems-bahnsport-nachwuchs-cup\\\/berichte\\\/\"]}]},{\"@type\":\"ImageObject\",\"inLanguage\":\"de\",\"@id\":\"https:\\\/\\\/msc-werlte.de\\\/index.php\\\/adac-weser-ems-bahnsport-nachwuchs-cup\\\/berichte\\\/#primaryimage\",\"url\":\"https:\\\/\\\/msc-werlte.de\\\/wp-content\\\/uploads\\\/2024\\\/04\\\/image0.jpeg\",\"contentUrl\":\"https:\\\/\\\/msc-werlte.de\\\/wp-content\\\/uploads\\\/2024\\\/04\\\/image0.jpeg\",\"width\":2048,\"height\":1419},{\"@type\":\"BreadcrumbList\",\"@id\":\"https:\\\/\\\/msc-werlte.de\\\/index.php\\\/adac-weser-ems-bahnsport-nachwuchs-cup\\\/berichte\\\/#breadcrumb\",\"itemListElement\":[{\"@type\":\"ListItem\",\"position\":1,\"name\":\"Startseite\",\"item\":\"https:\\\/\\\/msc-werlte.de\\\/\"},{\"@type\":\"ListItem\",\"position\":2,\"name\":\"ADAC Weser Ems Bahnsport Nachwuchs Cup\",\"item\":\"https:\\\/\\\/msc-werlte.de\\\/index.php\\\/adac-weser-ems-bahnsport-nachwuchs-cup\\\/\"},{\"@type\":\"ListItem\",\"position\":3,\"name\":\"ADAC Nachwuchs Cup 2024\"}]},{\"@type\":\"WebSite\",\"@id\":\"https:\\\/\\\/msc-werlte.de\\\/#website\",\"url\":\"https:\\\/\\\/msc-werlte.de\\\/\",\"name\":\"MSC H\u00fcmmling Werlte\",\"description\":\"\",\"publisher\":{\"@id\":\"https:\\\/\\\/msc-werlte.de\\\/#organization\"},\"potentialAction\":[{\"@type\":\"SearchAction\",\"target\":{\"@type\":\"EntryPoint\",\"urlTemplate\":\"https:\\\/\\\/msc-werlte.de\\\/?s={search_term_string}\"},\"query-input\":{\"@type\":\"PropertyValueSpecification\",\"valueRequired\":true,\"valueName\":\"search_term_string\"}}],\"inLanguage\":\"de\"},{\"@type\":\"Organization\",\"@id\":\"https:\\\/\\\/msc-werlte.de\\\/#organization\",\"name\":\"MSC H\u00fcmmling Werlte\",\"url\":\"https:\\\/\\\/msc-werlte.de\\\/\",\"logo\":{\"@type\":\"ImageObject\",\"inLanguage\":\"de\",\"@id\":\"https:\\\/\\\/msc-werlte.de\\\/#\\\/schema\\\/logo\\\/image\\\/\",\"url\":\"https:\\\/\\\/msc-werlte.de\\\/wp-content\\\/uploads\\\/2022\\\/10\\\/MSC-Werlte_329px_Final.png\",\"contentUrl\":\"https:\\\/\\\/msc-werlte.de\\\/wp-content\\\/uploads\\\/2022\\\/10\\\/MSC-Werlte_329px_Final.png\",\"width\":329,\"height\":329,\"caption\":\"MSC H\u00fcmmling Werlte\"},\"image\":{\"@id\":\"https:\\\/\\\/msc-werlte.de\\\/#\\\/schema\\\/logo\\\/image\\\/\"},\"sameAs\":[\"https:\\\/\\\/www.facebook.com\\\/MscHummlingWerlteEvImAdac\"]}]}<\/script>\n<!-- \/ Yoast SEO plugin. -->","yoast_head_json":{"title":"ADAC Nachwuchs Cup 2024 - MSC H\u00fcmmling Werlte","robots":{"index":"index","follow":"follow","max-snippet":"max-snippet:-1","max-image-preview":"max-image-preview:large","max-video-preview":"max-video-preview:-1"},"canonical":"https:\/\/msc-werlte.de\/index.php\/adac-weser-ems-bahnsport-nachwuchs-cup\/berichte\/","og_locale":"de_DE","og_type":"article","og_title":"ADAC Nachwuchs Cup 2024 - MSC H\u00fcmmling Werlte","og_description":"Saisonauftakt beim MSC \u201eH\u00fcmmling\u201c Werlte ein voller Erfolg &nbsp; Am 09. M\u00e4rz 2024 war es endlich wieder soweit: nach der langen Winterpause lud der MSC Werlte zum ersten Rennen der Saison ein. Der ADAC Weser Ems Bahnsport Nachwuchs Cup stand auf dem Plan; eine Veranstaltung, die ganz im Sinne des Nachwuchses und der Talentf\u00f6rderung steht. Ehe die ersten Motoren endlich [&hellip;]","og_url":"https:\/\/msc-werlte.de\/index.php\/adac-weser-ems-bahnsport-nachwuchs-cup\/berichte\/","og_site_name":"MSC H\u00fcmmling Werlte","article_publisher":"https:\/\/www.facebook.com\/MscHummlingWerlteEvImAdac","article_modified_time":"2024-06-17T18:33:13+00:00","og_image":[{"url":"https:\/\/msc-werlte.de\/wp-content\/uploads\/2024\/04\/image0-300x208.jpeg","type":"","width":"","height":""}],"twitter_card":"summary_large_image","twitter_misc":{"Gesch\u00e4tzte Lesezeit":"2\u00a0Minuten"},"schema":{"@context":"https:\/\/schema.org","@graph":[{"@type":"WebPage","@id":"https:\/\/msc-werlte.de\/index.php\/adac-weser-ems-bahnsport-nachwuchs-cup\/berichte\/","url":"https:\/\/msc-werlte.de\/index.php\/adac-weser-ems-bahnsport-nachwuchs-cup\/berichte\/","name":"ADAC Nachwuchs Cup 2024 - MSC H\u00fcmmling Werlte","isPartOf":{"@id":"https:\/\/msc-werlte.de\/#website"},"primaryImageOfPage":{"@id":"https:\/\/msc-werlte.de\/index.php\/adac-weser-ems-bahnsport-nachwuchs-cup\/berichte\/#primaryimage"},"image":{"@id":"https:\/\/msc-werlte.de\/index.php\/adac-weser-ems-bahnsport-nachwuchs-cup\/berichte\/#primaryimage"},"thumbnailUrl":"https:\/\/msc-werlte.de\/wp-content\/uploads\/2024\/04\/image0-300x208.jpeg","datePublished":"2024-04-01T08:07:12+00:00","dateModified":"2024-06-17T18:33:13+00:00","breadcrumb":{"@id":"https:\/\/msc-werlte.de\/index.php\/adac-weser-ems-bahnsport-nachwuchs-cup\/berichte\/#breadcrumb"},"inLanguage":"de","potentialAction":[{"@type":"ReadAction","target":["https:\/\/msc-werlte.de\/index.php\/adac-weser-ems-bahnsport-nachwuchs-cup\/berichte\/"]}]},{"@type":"ImageObject","inLanguage":"de","@id":"https:\/\/msc-werlte.de\/index.php\/adac-weser-ems-bahnsport-nachwuchs-cup\/berichte\/#primaryimage","url":"https:\/\/msc-werlte.de\/wp-content\/uploads\/2024\/04\/image0.jpeg","contentUrl":"https:\/\/msc-werlte.de\/wp-content\/uploads\/2024\/04\/image0.jpeg","width":2048,"height":1419},{"@type":"BreadcrumbList","@id":"https:\/\/msc-werlte.de\/index.php\/adac-weser-ems-bahnsport-nachwuchs-cup\/berichte\/#breadcrumb","itemListElement":[{"@type":"ListItem","position":1,"name":"Startseite","item":"https:\/\/msc-werlte.de\/"},{"@type":"ListItem","position":2,"name":"ADAC Weser Ems Bahnsport Nachwuchs Cup","item":"https:\/\/msc-werlte.de\/index.php\/adac-weser-ems-bahnsport-nachwuchs-cup\/"},{"@type":"ListItem","position":3,"name":"ADAC Nachwuchs Cup 2024"}]},{"@type":"WebSite","@id":"https:\/\/msc-werlte.de\/#website","url":"https:\/\/msc-werlte.de\/","name":"MSC H\u00fcmmling Werlte","description":"","publisher":{"@id":"https:\/\/msc-werlte.de\/#organization"},"potentialAction":[{"@type":"SearchAction","target":{"@type":"EntryPoint","urlTemplate":"https:\/\/msc-werlte.de\/?s={search_term_string}"},"query-input":{"@type":"PropertyValueSpecification","valueRequired":true,"valueName":"search_term_string"}}],"inLanguage":"de"},{"@type":"Organization","@id":"https:\/\/msc-werlte.de\/#organization","name":"MSC H\u00fcmmling Werlte","url":"https:\/\/msc-werlte.de\/","logo":{"@type":"ImageObject","inLanguage":"de","@id":"https:\/\/msc-werlte.de\/#\/schema\/logo\/image\/","url":"https:\/\/msc-werlte.de\/wp-content\/uploads\/2022\/10\/MSC-Werlte_329px_Final.png","contentUrl":"https:\/\/msc-werlte.de\/wp-content\/uploads\/2022\/10\/MSC-Werlte_329px_Final.png","width":329,"height":329,"caption":"MSC H\u00fcmmling Werlte"},"image":{"@id":"https:\/\/msc-werlte.de\/#\/schema\/logo\/image\/"},"sameAs":["https:\/\/www.facebook.com\/MscHummlingWerlteEvImAdac"]}]}},"_links":{"self":[{"href":"https:\/\/msc-werlte.de\/index.php\/wp-json\/wp\/v2\/pages\/72","targetHints":{"allow":["GET"]}}],"collection":[{"href":"https:\/\/msc-werlte.de\/index.php\/wp-json\/wp\/v2\/pages"}],"about":[{"href":"https:\/\/msc-werlte.de\/index.php\/wp-json\/wp\/v2\/types\/page"}],"author":[{"embeddable":true,"href":"https:\/\/msc-werlte.de\/index.php\/wp-json\/wp\/v2\/users\/1"}],"replies":[{"embeddable":true,"href":"https:\/\/msc-werlte.de\/index.php\/wp-json\/wp\/v2\/comments?post=72"}],"version-history":[{"count":1,"href":"https:\/\/msc-werlte.de\/index.php\/wp-json\/wp\/v2\/pages\/72\/revisions"}],"predecessor-version":[{"id":743,"href":"https:\/\/msc-werlte.de\/index.php\/wp-json\/wp\/v2\/pages\/72\/revisions\/743"}],"up":[{"embeddable":true,"href":"https:\/\/msc-werlte.de\/index.php\/wp-json\/wp\/v2\/pages\/66"}],"wp:attachment":[{"href":"https:\/\/msc-werlte.de\/index.php\/wp-json\/wp\/v2\/media?parent=72"}],"curies":[{"name":"wp","href":"https:\/\/api.w.org\/{rel}","templated":true}]}}