{"id":700,"date":"2024-05-25T12:30:20","date_gmt":"2024-05-25T10:30:20","guid":{"rendered":"https:\/\/msc-werlte.de\/?page_id=700"},"modified":"2024-05-25T12:35:29","modified_gmt":"2024-05-25T10:35:29","slug":"einverstaendniserklaerung-e-mail-korrespondenz","status":"publish","type":"page","link":"https:\/\/msc-werlte.de\/index.php\/einverstaendniserklaerung-e-mail-korrespondenz\/","title":{"rendered":"Einverst\u00e4ndniserkl\u00e4rung E-Mail Korrespondenz"},"content":{"rendered":"<p><span style=\"font-size: 20px;\">Liebe Mitglieder,<\/span><\/p>\n<p><span style=\"font-size: 20px;\">hier k\u00f6nnt ihr euch die Einverst\u00e4ndniserkl\u00e4rung bzgl. des E-Mail Versands von Vereinspost downloaden.<\/span><\/p>\n<p>Zum einen m\u00f6chten wir im Sinne der Umwelt auf Nachhaltigkeit achten und mit dem Versenden von Vereinspost Ressourcen sch\u00fctzen. Zum anderen haben wir j\u00e4hrlich noch immer sehr hohe Ausgaben f\u00fcr den Versand der Vereinspost auf dem Briefweg. Daher w\u00fcrden wir uns freuen, die Vereinspost zuk\u00fcnftig auf elektronischem Wege versenden zu k\u00f6nnen.<\/p>\n<p>Wir hoffen, dass uns viele Mitglieder diesen Weg erm\u00f6glichen und die beigef\u00fcgte Erkl\u00e4rung unter Einhaltung der Datenschutzbestimmungen und somit der Wahrung eurer pers\u00f6nlichen Daten unterschreiben. Die unterschriebene und ausgef\u00fcllte Erkl\u00e4rung k\u00f6nnt ihr uns einfach mailen.<\/p>\n<p>Email: <a href=\"mailto:info@msc-werlte.de\">info@msc-werlte.de<\/a><\/p>\n<p>Solltet ihr euch gegen eine elektronische Versendung der Vereinspost entscheiden, erhaltet ihr weiterhin wichtige Dokumente auf dem Briefweg.<\/p>\n<p>&nbsp;<\/p>\n<p><strong><span style=\"font-size: 20px;\">Download: <a href=\"https:\/\/msc-werlte.de\/wp-content\/uploads\/2024\/05\/einverstaendniserklaerung-email-verkehr-1.pdf\" target=\"_blank\" rel=\"noopener\">Einverst\u00e4ndniserkl\u00e4rung E-Mail- Korrespondenz<\/a><\/span><\/strong><\/p>\n<div class=\"shariff\" data-services=\"facebook\" data-url=\"https:\/\/msc-werlte.de\/index.php\/einverstaendniserklaerung-e-mail-korrespondenz\/\" data-timestamp=\"1716640529\" data-backendurl=\"https:\/\/msc-werlte.de\/wp-json\/shariff\/v1\/share_counts?\"><ul class=\"shariff-buttons theme-default orientation-horizontal buttonsize-medium\"><li class=\"shariff-button facebook shariff-nocustomcolor\" style=\"background-color:#4273c8\"><a href=\"https:\/\/www.facebook.com\/sharer\/sharer.php?u=https%3A%2F%2Fmsc-werlte.de%2Findex.php%2Feinverstaendniserklaerung-e-mail-korrespondenz%2F\" title=\"Bei Facebook teilen\" aria-label=\"Bei Facebook teilen\" role=\"button\" rel=\"nofollow\" class=\"shariff-link\" style=\"; background-color:#3b5998; color:#fff\" target=\"_blank\"><span class=\"shariff-icon\" style=\"\"><svg width=\"32px\" height=\"20px\" xmlns=\"http:\/\/www.w3.org\/2000\/svg\" viewBox=\"0 0 18 32\"><path fill=\"#3b5998\" d=\"M17.1 0.2v4.7h-2.8q-1.5 0-2.1 0.6t-0.5 1.9v3.4h5.2l-0.7 5.3h-4.5v13.6h-5.5v-13.6h-4.5v-5.3h4.5v-3.9q0-3.3 1.9-5.2t5-1.8q2.6 0 4.1 0.2z\"\/><\/svg><\/span><span class=\"shariff-text\">teilen<\/span>&nbsp;<span data-service=\"facebook\" style=\"color:#3b5998\" class=\"shariff-count shariff-hidezero\"><\/span>&nbsp;<\/a><\/li><\/ul><\/div>","protected":false},"excerpt":{"rendered":"<p>Liebe Mitglieder, hier k\u00f6nnt ihr euch die Einverst\u00e4ndniserkl\u00e4rung bzgl. des E-Mail Versands von Vereinspost downloaden. Zum einen m\u00f6chten wir im Sinne der Umwelt auf Nachhaltigkeit achten und mit dem Versenden von Vereinspost Ressourcen sch\u00fctzen. Zum anderen haben wir j\u00e4hrlich noch immer sehr hohe Ausgaben f\u00fcr den Versand der Vereinspost auf dem Briefweg. Daher w\u00fcrden wir uns freuen, die Vereinspost zuk\u00fcnftig [&hellip;]<\/p>\n","protected":false},"author":2,"featured_media":0,"parent":0,"menu_order":0,"comment_status":"closed","ping_status":"closed","template":"","meta":{"footnotes":""},"class_list":["post-700","page","type-page","status-publish","hentry"],"yoast_head":"<!-- This site is optimized with the Yoast SEO plugin v27.5 - https:\/\/yoast.com\/product\/yoast-seo-wordpress\/ -->\n<title>Einverst\u00e4ndniserkl\u00e4rung E-Mail Korrespondenz - MSC H\u00fcmmling Werlte<\/title>\n<meta name=\"robots\" content=\"index, follow, max-snippet:-1, max-image-preview:large, max-video-preview:-1\" \/>\n<link rel=\"canonical\" href=\"https:\/\/msc-werlte.de\/index.php\/einverstaendniserklaerung-e-mail-korrespondenz\/\" \/>\n<meta property=\"og:locale\" content=\"de_DE\" \/>\n<meta property=\"og:type\" content=\"article\" \/>\n<meta property=\"og:title\" content=\"Einverst\u00e4ndniserkl\u00e4rung E-Mail Korrespondenz - MSC H\u00fcmmling Werlte\" \/>\n<meta property=\"og:description\" content=\"Liebe Mitglieder, hier k\u00f6nnt ihr euch die Einverst\u00e4ndniserkl\u00e4rung bzgl. des E-Mail Versands von Vereinspost downloaden. Zum einen m\u00f6chten wir im Sinne der Umwelt auf Nachhaltigkeit achten und mit dem Versenden von Vereinspost Ressourcen sch\u00fctzen. Zum anderen haben wir j\u00e4hrlich noch immer sehr hohe Ausgaben f\u00fcr den Versand der Vereinspost auf dem Briefweg. Daher w\u00fcrden wir uns freuen, die Vereinspost zuk\u00fcnftig [&hellip;]\" \/>\n<meta property=\"og:url\" content=\"https:\/\/msc-werlte.de\/index.php\/einverstaendniserklaerung-e-mail-korrespondenz\/\" \/>\n<meta property=\"og:site_name\" content=\"MSC H\u00fcmmling Werlte\" \/>\n<meta property=\"article:publisher\" content=\"https:\/\/www.facebook.com\/MscHummlingWerlteEvImAdac\" \/>\n<meta property=\"article:modified_time\" content=\"2024-05-25T10:35:29+00:00\" \/>\n<meta name=\"twitter:card\" content=\"summary_large_image\" \/>\n<meta name=\"twitter:label1\" content=\"Gesch\u00e4tzte Lesezeit\" \/>\n\t<meta name=\"twitter:data1\" content=\"1\u00a0Minute\" \/>\n<script type=\"application\/ld+json\" class=\"yoast-schema-graph\">{\"@context\":\"https:\\\/\\\/schema.org\",\"@graph\":[{\"@type\":\"WebPage\",\"@id\":\"https:\\\/\\\/msc-werlte.de\\\/index.php\\\/einverstaendniserklaerung-e-mail-korrespondenz\\\/\",\"url\":\"https:\\\/\\\/msc-werlte.de\\\/index.php\\\/einverstaendniserklaerung-e-mail-korrespondenz\\\/\",\"name\":\"Einverst\u00e4ndniserkl\u00e4rung E-Mail Korrespondenz - MSC H\u00fcmmling Werlte\",\"isPartOf\":{\"@id\":\"https:\\\/\\\/msc-werlte.de\\\/#website\"},\"datePublished\":\"2024-05-25T10:30:20+00:00\",\"dateModified\":\"2024-05-25T10:35:29+00:00\",\"breadcrumb\":{\"@id\":\"https:\\\/\\\/msc-werlte.de\\\/index.php\\\/einverstaendniserklaerung-e-mail-korrespondenz\\\/#breadcrumb\"},\"inLanguage\":\"de\",\"potentialAction\":[{\"@type\":\"ReadAction\",\"target\":[\"https:\\\/\\\/msc-werlte.de\\\/index.php\\\/einverstaendniserklaerung-e-mail-korrespondenz\\\/\"]}]},{\"@type\":\"BreadcrumbList\",\"@id\":\"https:\\\/\\\/msc-werlte.de\\\/index.php\\\/einverstaendniserklaerung-e-mail-korrespondenz\\\/#breadcrumb\",\"itemListElement\":[{\"@type\":\"ListItem\",\"position\":1,\"name\":\"Startseite\",\"item\":\"https:\\\/\\\/msc-werlte.de\\\/\"},{\"@type\":\"ListItem\",\"position\":2,\"name\":\"Einverst\u00e4ndniserkl\u00e4rung E-Mail Korrespondenz\"}]},{\"@type\":\"WebSite\",\"@id\":\"https:\\\/\\\/msc-werlte.de\\\/#website\",\"url\":\"https:\\\/\\\/msc-werlte.de\\\/\",\"name\":\"MSC H\u00fcmmling Werlte\",\"description\":\"\",\"publisher\":{\"@id\":\"https:\\\/\\\/msc-werlte.de\\\/#organization\"},\"potentialAction\":[{\"@type\":\"SearchAction\",\"target\":{\"@type\":\"EntryPoint\",\"urlTemplate\":\"https:\\\/\\\/msc-werlte.de\\\/?s={search_term_string}\"},\"query-input\":{\"@type\":\"PropertyValueSpecification\",\"valueRequired\":true,\"valueName\":\"search_term_string\"}}],\"inLanguage\":\"de\"},{\"@type\":\"Organization\",\"@id\":\"https:\\\/\\\/msc-werlte.de\\\/#organization\",\"name\":\"MSC H\u00fcmmling Werlte\",\"url\":\"https:\\\/\\\/msc-werlte.de\\\/\",\"logo\":{\"@type\":\"ImageObject\",\"inLanguage\":\"de\",\"@id\":\"https:\\\/\\\/msc-werlte.de\\\/#\\\/schema\\\/logo\\\/image\\\/\",\"url\":\"https:\\\/\\\/msc-werlte.de\\\/wp-content\\\/uploads\\\/2022\\\/10\\\/MSC-Werlte_329px_Final.png\",\"contentUrl\":\"https:\\\/\\\/msc-werlte.de\\\/wp-content\\\/uploads\\\/2022\\\/10\\\/MSC-Werlte_329px_Final.png\",\"width\":329,\"height\":329,\"caption\":\"MSC H\u00fcmmling Werlte\"},\"image\":{\"@id\":\"https:\\\/\\\/msc-werlte.de\\\/#\\\/schema\\\/logo\\\/image\\\/\"},\"sameAs\":[\"https:\\\/\\\/www.facebook.com\\\/MscHummlingWerlteEvImAdac\"]}]}<\/script>\n<!-- \/ Yoast SEO plugin. -->","yoast_head_json":{"title":"Einverst\u00e4ndniserkl\u00e4rung E-Mail Korrespondenz - MSC H\u00fcmmling Werlte","robots":{"index":"index","follow":"follow","max-snippet":"max-snippet:-1","max-image-preview":"max-image-preview:large","max-video-preview":"max-video-preview:-1"},"canonical":"https:\/\/msc-werlte.de\/index.php\/einverstaendniserklaerung-e-mail-korrespondenz\/","og_locale":"de_DE","og_type":"article","og_title":"Einverst\u00e4ndniserkl\u00e4rung E-Mail Korrespondenz - MSC H\u00fcmmling Werlte","og_description":"Liebe Mitglieder, hier k\u00f6nnt ihr euch die Einverst\u00e4ndniserkl\u00e4rung bzgl. des E-Mail Versands von Vereinspost downloaden. Zum einen m\u00f6chten wir im Sinne der Umwelt auf Nachhaltigkeit achten und mit dem Versenden von Vereinspost Ressourcen sch\u00fctzen. Zum anderen haben wir j\u00e4hrlich noch immer sehr hohe Ausgaben f\u00fcr den Versand der Vereinspost auf dem Briefweg. Daher w\u00fcrden wir uns freuen, die Vereinspost zuk\u00fcnftig [&hellip;]","og_url":"https:\/\/msc-werlte.de\/index.php\/einverstaendniserklaerung-e-mail-korrespondenz\/","og_site_name":"MSC H\u00fcmmling Werlte","article_publisher":"https:\/\/www.facebook.com\/MscHummlingWerlteEvImAdac","article_modified_time":"2024-05-25T10:35:29+00:00","twitter_card":"summary_large_image","twitter_misc":{"Gesch\u00e4tzte Lesezeit":"1\u00a0Minute"},"schema":{"@context":"https:\/\/schema.org","@graph":[{"@type":"WebPage","@id":"https:\/\/msc-werlte.de\/index.php\/einverstaendniserklaerung-e-mail-korrespondenz\/","url":"https:\/\/msc-werlte.de\/index.php\/einverstaendniserklaerung-e-mail-korrespondenz\/","name":"Einverst\u00e4ndniserkl\u00e4rung E-Mail Korrespondenz - MSC H\u00fcmmling Werlte","isPartOf":{"@id":"https:\/\/msc-werlte.de\/#website"},"datePublished":"2024-05-25T10:30:20+00:00","dateModified":"2024-05-25T10:35:29+00:00","breadcrumb":{"@id":"https:\/\/msc-werlte.de\/index.php\/einverstaendniserklaerung-e-mail-korrespondenz\/#breadcrumb"},"inLanguage":"de","potentialAction":[{"@type":"ReadAction","target":["https:\/\/msc-werlte.de\/index.php\/einverstaendniserklaerung-e-mail-korrespondenz\/"]}]},{"@type":"BreadcrumbList","@id":"https:\/\/msc-werlte.de\/index.php\/einverstaendniserklaerung-e-mail-korrespondenz\/#breadcrumb","itemListElement":[{"@type":"ListItem","position":1,"name":"Startseite","item":"https:\/\/msc-werlte.de\/"},{"@type":"ListItem","position":2,"name":"Einverst\u00e4ndniserkl\u00e4rung E-Mail Korrespondenz"}]},{"@type":"WebSite","@id":"https:\/\/msc-werlte.de\/#website","url":"https:\/\/msc-werlte.de\/","name":"MSC H\u00fcmmling Werlte","description":"","publisher":{"@id":"https:\/\/msc-werlte.de\/#organization"},"potentialAction":[{"@type":"SearchAction","target":{"@type":"EntryPoint","urlTemplate":"https:\/\/msc-werlte.de\/?s={search_term_string}"},"query-input":{"@type":"PropertyValueSpecification","valueRequired":true,"valueName":"search_term_string"}}],"inLanguage":"de"},{"@type":"Organization","@id":"https:\/\/msc-werlte.de\/#organization","name":"MSC H\u00fcmmling Werlte","url":"https:\/\/msc-werlte.de\/","logo":{"@type":"ImageObject","inLanguage":"de","@id":"https:\/\/msc-werlte.de\/#\/schema\/logo\/image\/","url":"https:\/\/msc-werlte.de\/wp-content\/uploads\/2022\/10\/MSC-Werlte_329px_Final.png","contentUrl":"https:\/\/msc-werlte.de\/wp-content\/uploads\/2022\/10\/MSC-Werlte_329px_Final.png","width":329,"height":329,"caption":"MSC H\u00fcmmling Werlte"},"image":{"@id":"https:\/\/msc-werlte.de\/#\/schema\/logo\/image\/"},"sameAs":["https:\/\/www.facebook.com\/MscHummlingWerlteEvImAdac"]}]}},"_links":{"self":[{"href":"https:\/\/msc-werlte.de\/index.php\/wp-json\/wp\/v2\/pages\/700","targetHints":{"allow":["GET"]}}],"collection":[{"href":"https:\/\/msc-werlte.de\/index.php\/wp-json\/wp\/v2\/pages"}],"about":[{"href":"https:\/\/msc-werlte.de\/index.php\/wp-json\/wp\/v2\/types\/page"}],"author":[{"embeddable":true,"href":"https:\/\/msc-werlte.de\/index.php\/wp-json\/wp\/v2\/users\/2"}],"replies":[{"embeddable":true,"href":"https:\/\/msc-werlte.de\/index.php\/wp-json\/wp\/v2\/comments?post=700"}],"version-history":[{"count":2,"href":"https:\/\/msc-werlte.de\/index.php\/wp-json\/wp\/v2\/pages\/700\/revisions"}],"predecessor-version":[{"id":704,"href":"https:\/\/msc-werlte.de\/index.php\/wp-json\/wp\/v2\/pages\/700\/revisions\/704"}],"wp:attachment":[{"href":"https:\/\/msc-werlte.de\/index.php\/wp-json\/wp\/v2\/media?parent=700"}],"curies":[{"name":"wp","href":"https:\/\/api.w.org\/{rel}","templated":true}]}}