{"id":62,"date":"2024-04-01T10:04:47","date_gmt":"2024-04-01T08:04:47","guid":{"rendered":"https:\/\/msc-werlte.de\/?page_id=62"},"modified":"2024-07-19T13:20:30","modified_gmt":"2024-07-19T11:20:30","slug":"camping","status":"publish","type":"page","link":"https:\/\/msc-werlte.de\/index.php\/flutlicht-grasbahnrennen\/camping\/","title":{"rendered":"Camping"},"content":{"rendered":"<p>Auch Camper sind bei uns herzlich willkommen!<\/p>\n<p><img loading=\"lazy\" decoding=\"async\" class=\"aligncenter wp-image-839 size-full\" src=\"https:\/\/msc-werlte.de\/wp-content\/uploads\/2024\/07\/bild-infos-camper.jpg\" alt=\"\" width=\"1799\" height=\"1106\" srcset=\"https:\/\/msc-werlte.de\/wp-content\/uploads\/2024\/07\/bild-infos-camper.jpg 1799w, https:\/\/msc-werlte.de\/wp-content\/uploads\/2024\/07\/bild-infos-camper-300x184.jpg 300w, https:\/\/msc-werlte.de\/wp-content\/uploads\/2024\/07\/bild-infos-camper-1024x630.jpg 1024w, https:\/\/msc-werlte.de\/wp-content\/uploads\/2024\/07\/bild-infos-camper-768x472.jpg 768w, https:\/\/msc-werlte.de\/wp-content\/uploads\/2024\/07\/bild-infos-camper-1536x944.jpg 1536w\" sizes=\"auto, (max-width: 1799px) 100vw, 1799px\" \/><\/p>\n<p>&nbsp;<\/p>\n<p>&nbsp;<\/p>\n<p>&nbsp;<\/p>\n<p>&nbsp;<\/p>\n<p>Das preisgekr\u00f6nte Team vom H\u00fcmmlinger Campingplatz bietet auch Stellpl\u00e4tze am Veranstaltungstag an. Diese M\u00dcSSEN reserviert werden und k\u00f6nnen auch NUR mit einer Reservierung genutzt werden.<\/p>\n<p>Auch k\u00f6nnt ihr euch einen festen Platz oder eine Nacht im Schlaffass, Sch\u00e4ferwagen oder Baumzelt buchen, dann nehmt gerne \u00fcber folgenden Link oder Telefon Kontakt auf.<\/p>\n<p><a href=\"https:\/\/www.huemmlingerland.de\/\">Link:<\/a><\/p>\n<p><a href=\"https:\/\/www.huemmlingerland.de\/\">https:\/\/www.huemmlingerland.de\/<\/a><\/p>\n<p>Telefon Campingplatz H\u00fcmmlingerland: 0049 5951 5353<\/p>\n<div class=\"shariff\" data-services=\"facebook\" data-url=\"https:\/\/msc-werlte.de\/index.php\/flutlicht-grasbahnrennen\/camping\/\" data-timestamp=\"1721395230\" data-backendurl=\"https:\/\/msc-werlte.de\/wp-json\/shariff\/v1\/share_counts?\"><ul class=\"shariff-buttons theme-default orientation-horizontal buttonsize-medium\"><li class=\"shariff-button facebook shariff-nocustomcolor\" style=\"background-color:#4273c8\"><a href=\"https:\/\/www.facebook.com\/sharer\/sharer.php?u=https%3A%2F%2Fmsc-werlte.de%2Findex.php%2Fflutlicht-grasbahnrennen%2Fcamping%2F\" title=\"Bei Facebook teilen\" aria-label=\"Bei Facebook teilen\" role=\"button\" rel=\"nofollow\" class=\"shariff-link\" style=\"; background-color:#3b5998; color:#fff\" target=\"_blank\"><span class=\"shariff-icon\" style=\"\"><svg width=\"32px\" height=\"20px\" xmlns=\"http:\/\/www.w3.org\/2000\/svg\" viewBox=\"0 0 18 32\"><path fill=\"#3b5998\" d=\"M17.1 0.2v4.7h-2.8q-1.5 0-2.1 0.6t-0.5 1.9v3.4h5.2l-0.7 5.3h-4.5v13.6h-5.5v-13.6h-4.5v-5.3h4.5v-3.9q0-3.3 1.9-5.2t5-1.8q2.6 0 4.1 0.2z\"\/><\/svg><\/span><span class=\"shariff-text\">teilen<\/span>&nbsp;<span data-service=\"facebook\" style=\"color:#3b5998\" class=\"shariff-count shariff-hidezero\"><\/span>&nbsp;<\/a><\/li><\/ul><\/div>","protected":false},"excerpt":{"rendered":"<p>Auch Camper sind bei uns herzlich willkommen! &nbsp; &nbsp; &nbsp; &nbsp; Das preisgekr\u00f6nte Team vom H\u00fcmmlinger Campingplatz bietet auch Stellpl\u00e4tze am Veranstaltungstag an. Diese M\u00dcSSEN reserviert werden und k\u00f6nnen auch NUR mit einer Reservierung genutzt werden. Auch k\u00f6nnt ihr euch einen festen Platz oder eine Nacht im Schlaffass, Sch\u00e4ferwagen oder Baumzelt buchen, dann nehmt gerne \u00fcber folgenden Link oder Telefon [&hellip;]<\/p>\n","protected":false},"author":1,"featured_media":0,"parent":52,"menu_order":0,"comment_status":"closed","ping_status":"closed","template":"","meta":{"footnotes":""},"class_list":["post-62","page","type-page","status-publish","hentry"],"yoast_head":"<!-- This site is optimized with the Yoast SEO plugin v27.5 - https:\/\/yoast.com\/product\/yoast-seo-wordpress\/ -->\n<title>Camping - MSC H\u00fcmmling Werlte<\/title>\n<meta name=\"robots\" content=\"index, follow, max-snippet:-1, max-image-preview:large, max-video-preview:-1\" \/>\n<link rel=\"canonical\" href=\"https:\/\/msc-werlte.de\/index.php\/flutlicht-grasbahnrennen\/camping\/\" \/>\n<meta property=\"og:locale\" content=\"de_DE\" \/>\n<meta property=\"og:type\" content=\"article\" \/>\n<meta property=\"og:title\" content=\"Camping - MSC H\u00fcmmling Werlte\" \/>\n<meta property=\"og:description\" content=\"Auch Camper sind bei uns herzlich willkommen! &nbsp; &nbsp; &nbsp; &nbsp; Das preisgekr\u00f6nte Team vom H\u00fcmmlinger Campingplatz bietet auch Stellpl\u00e4tze am Veranstaltungstag an. Diese M\u00dcSSEN reserviert werden und k\u00f6nnen auch NUR mit einer Reservierung genutzt werden. Auch k\u00f6nnt ihr euch einen festen Platz oder eine Nacht im Schlaffass, Sch\u00e4ferwagen oder Baumzelt buchen, dann nehmt gerne \u00fcber folgenden Link oder Telefon [&hellip;]\" \/>\n<meta property=\"og:url\" content=\"https:\/\/msc-werlte.de\/index.php\/flutlicht-grasbahnrennen\/camping\/\" \/>\n<meta property=\"og:site_name\" content=\"MSC H\u00fcmmling Werlte\" \/>\n<meta property=\"article:publisher\" content=\"https:\/\/www.facebook.com\/MscHummlingWerlteEvImAdac\" \/>\n<meta property=\"article:modified_time\" content=\"2024-07-19T11:20:30+00:00\" \/>\n<meta property=\"og:image\" content=\"https:\/\/msc-werlte.de\/wp-content\/uploads\/2024\/07\/bild-infos-camper.jpg\" \/>\n<meta name=\"twitter:card\" content=\"summary_large_image\" \/>\n<meta name=\"twitter:label1\" content=\"Gesch\u00e4tzte Lesezeit\" \/>\n\t<meta name=\"twitter:data1\" content=\"1\u00a0Minute\" \/>\n<script type=\"application\/ld+json\" class=\"yoast-schema-graph\">{\"@context\":\"https:\\\/\\\/schema.org\",\"@graph\":[{\"@type\":\"WebPage\",\"@id\":\"https:\\\/\\\/msc-werlte.de\\\/index.php\\\/flutlicht-grasbahnrennen\\\/camping\\\/\",\"url\":\"https:\\\/\\\/msc-werlte.de\\\/index.php\\\/flutlicht-grasbahnrennen\\\/camping\\\/\",\"name\":\"Camping - MSC H\u00fcmmling Werlte\",\"isPartOf\":{\"@id\":\"https:\\\/\\\/msc-werlte.de\\\/#website\"},\"primaryImageOfPage\":{\"@id\":\"https:\\\/\\\/msc-werlte.de\\\/index.php\\\/flutlicht-grasbahnrennen\\\/camping\\\/#primaryimage\"},\"image\":{\"@id\":\"https:\\\/\\\/msc-werlte.de\\\/index.php\\\/flutlicht-grasbahnrennen\\\/camping\\\/#primaryimage\"},\"thumbnailUrl\":\"https:\\\/\\\/msc-werlte.de\\\/wp-content\\\/uploads\\\/2024\\\/07\\\/bild-infos-camper.jpg\",\"datePublished\":\"2024-04-01T08:04:47+00:00\",\"dateModified\":\"2024-07-19T11:20:30+00:00\",\"breadcrumb\":{\"@id\":\"https:\\\/\\\/msc-werlte.de\\\/index.php\\\/flutlicht-grasbahnrennen\\\/camping\\\/#breadcrumb\"},\"inLanguage\":\"de\",\"potentialAction\":[{\"@type\":\"ReadAction\",\"target\":[\"https:\\\/\\\/msc-werlte.de\\\/index.php\\\/flutlicht-grasbahnrennen\\\/camping\\\/\"]}]},{\"@type\":\"ImageObject\",\"inLanguage\":\"de\",\"@id\":\"https:\\\/\\\/msc-werlte.de\\\/index.php\\\/flutlicht-grasbahnrennen\\\/camping\\\/#primaryimage\",\"url\":\"https:\\\/\\\/msc-werlte.de\\\/wp-content\\\/uploads\\\/2024\\\/07\\\/bild-infos-camper.jpg\",\"contentUrl\":\"https:\\\/\\\/msc-werlte.de\\\/wp-content\\\/uploads\\\/2024\\\/07\\\/bild-infos-camper.jpg\",\"width\":1799,\"height\":1106},{\"@type\":\"BreadcrumbList\",\"@id\":\"https:\\\/\\\/msc-werlte.de\\\/index.php\\\/flutlicht-grasbahnrennen\\\/camping\\\/#breadcrumb\",\"itemListElement\":[{\"@type\":\"ListItem\",\"position\":1,\"name\":\"Startseite\",\"item\":\"https:\\\/\\\/msc-werlte.de\\\/\"},{\"@type\":\"ListItem\",\"position\":2,\"name\":\"Flutlicht &#8211; Grasbahnrennen\",\"item\":\"https:\\\/\\\/msc-werlte.de\\\/index.php\\\/flutlicht-grasbahnrennen\\\/\"},{\"@type\":\"ListItem\",\"position\":3,\"name\":\"Camping\"}]},{\"@type\":\"WebSite\",\"@id\":\"https:\\\/\\\/msc-werlte.de\\\/#website\",\"url\":\"https:\\\/\\\/msc-werlte.de\\\/\",\"name\":\"MSC H\u00fcmmling Werlte\",\"description\":\"\",\"publisher\":{\"@id\":\"https:\\\/\\\/msc-werlte.de\\\/#organization\"},\"potentialAction\":[{\"@type\":\"SearchAction\",\"target\":{\"@type\":\"EntryPoint\",\"urlTemplate\":\"https:\\\/\\\/msc-werlte.de\\\/?s={search_term_string}\"},\"query-input\":{\"@type\":\"PropertyValueSpecification\",\"valueRequired\":true,\"valueName\":\"search_term_string\"}}],\"inLanguage\":\"de\"},{\"@type\":\"Organization\",\"@id\":\"https:\\\/\\\/msc-werlte.de\\\/#organization\",\"name\":\"MSC H\u00fcmmling Werlte\",\"url\":\"https:\\\/\\\/msc-werlte.de\\\/\",\"logo\":{\"@type\":\"ImageObject\",\"inLanguage\":\"de\",\"@id\":\"https:\\\/\\\/msc-werlte.de\\\/#\\\/schema\\\/logo\\\/image\\\/\",\"url\":\"https:\\\/\\\/msc-werlte.de\\\/wp-content\\\/uploads\\\/2022\\\/10\\\/MSC-Werlte_329px_Final.png\",\"contentUrl\":\"https:\\\/\\\/msc-werlte.de\\\/wp-content\\\/uploads\\\/2022\\\/10\\\/MSC-Werlte_329px_Final.png\",\"width\":329,\"height\":329,\"caption\":\"MSC H\u00fcmmling Werlte\"},\"image\":{\"@id\":\"https:\\\/\\\/msc-werlte.de\\\/#\\\/schema\\\/logo\\\/image\\\/\"},\"sameAs\":[\"https:\\\/\\\/www.facebook.com\\\/MscHummlingWerlteEvImAdac\"]}]}<\/script>\n<!-- \/ Yoast SEO plugin. -->","yoast_head_json":{"title":"Camping - MSC H\u00fcmmling Werlte","robots":{"index":"index","follow":"follow","max-snippet":"max-snippet:-1","max-image-preview":"max-image-preview:large","max-video-preview":"max-video-preview:-1"},"canonical":"https:\/\/msc-werlte.de\/index.php\/flutlicht-grasbahnrennen\/camping\/","og_locale":"de_DE","og_type":"article","og_title":"Camping - MSC H\u00fcmmling Werlte","og_description":"Auch Camper sind bei uns herzlich willkommen! &nbsp; &nbsp; &nbsp; &nbsp; Das preisgekr\u00f6nte Team vom H\u00fcmmlinger Campingplatz bietet auch Stellpl\u00e4tze am Veranstaltungstag an. Diese M\u00dcSSEN reserviert werden und k\u00f6nnen auch NUR mit einer Reservierung genutzt werden. Auch k\u00f6nnt ihr euch einen festen Platz oder eine Nacht im Schlaffass, Sch\u00e4ferwagen oder Baumzelt buchen, dann nehmt gerne \u00fcber folgenden Link oder Telefon [&hellip;]","og_url":"https:\/\/msc-werlte.de\/index.php\/flutlicht-grasbahnrennen\/camping\/","og_site_name":"MSC H\u00fcmmling Werlte","article_publisher":"https:\/\/www.facebook.com\/MscHummlingWerlteEvImAdac","article_modified_time":"2024-07-19T11:20:30+00:00","og_image":[{"url":"https:\/\/msc-werlte.de\/wp-content\/uploads\/2024\/07\/bild-infos-camper.jpg","type":"","width":"","height":""}],"twitter_card":"summary_large_image","twitter_misc":{"Gesch\u00e4tzte Lesezeit":"1\u00a0Minute"},"schema":{"@context":"https:\/\/schema.org","@graph":[{"@type":"WebPage","@id":"https:\/\/msc-werlte.de\/index.php\/flutlicht-grasbahnrennen\/camping\/","url":"https:\/\/msc-werlte.de\/index.php\/flutlicht-grasbahnrennen\/camping\/","name":"Camping - MSC H\u00fcmmling Werlte","isPartOf":{"@id":"https:\/\/msc-werlte.de\/#website"},"primaryImageOfPage":{"@id":"https:\/\/msc-werlte.de\/index.php\/flutlicht-grasbahnrennen\/camping\/#primaryimage"},"image":{"@id":"https:\/\/msc-werlte.de\/index.php\/flutlicht-grasbahnrennen\/camping\/#primaryimage"},"thumbnailUrl":"https:\/\/msc-werlte.de\/wp-content\/uploads\/2024\/07\/bild-infos-camper.jpg","datePublished":"2024-04-01T08:04:47+00:00","dateModified":"2024-07-19T11:20:30+00:00","breadcrumb":{"@id":"https:\/\/msc-werlte.de\/index.php\/flutlicht-grasbahnrennen\/camping\/#breadcrumb"},"inLanguage":"de","potentialAction":[{"@type":"ReadAction","target":["https:\/\/msc-werlte.de\/index.php\/flutlicht-grasbahnrennen\/camping\/"]}]},{"@type":"ImageObject","inLanguage":"de","@id":"https:\/\/msc-werlte.de\/index.php\/flutlicht-grasbahnrennen\/camping\/#primaryimage","url":"https:\/\/msc-werlte.de\/wp-content\/uploads\/2024\/07\/bild-infos-camper.jpg","contentUrl":"https:\/\/msc-werlte.de\/wp-content\/uploads\/2024\/07\/bild-infos-camper.jpg","width":1799,"height":1106},{"@type":"BreadcrumbList","@id":"https:\/\/msc-werlte.de\/index.php\/flutlicht-grasbahnrennen\/camping\/#breadcrumb","itemListElement":[{"@type":"ListItem","position":1,"name":"Startseite","item":"https:\/\/msc-werlte.de\/"},{"@type":"ListItem","position":2,"name":"Flutlicht &#8211; Grasbahnrennen","item":"https:\/\/msc-werlte.de\/index.php\/flutlicht-grasbahnrennen\/"},{"@type":"ListItem","position":3,"name":"Camping"}]},{"@type":"WebSite","@id":"https:\/\/msc-werlte.de\/#website","url":"https:\/\/msc-werlte.de\/","name":"MSC H\u00fcmmling Werlte","description":"","publisher":{"@id":"https:\/\/msc-werlte.de\/#organization"},"potentialAction":[{"@type":"SearchAction","target":{"@type":"EntryPoint","urlTemplate":"https:\/\/msc-werlte.de\/?s={search_term_string}"},"query-input":{"@type":"PropertyValueSpecification","valueRequired":true,"valueName":"search_term_string"}}],"inLanguage":"de"},{"@type":"Organization","@id":"https:\/\/msc-werlte.de\/#organization","name":"MSC H\u00fcmmling Werlte","url":"https:\/\/msc-werlte.de\/","logo":{"@type":"ImageObject","inLanguage":"de","@id":"https:\/\/msc-werlte.de\/#\/schema\/logo\/image\/","url":"https:\/\/msc-werlte.de\/wp-content\/uploads\/2022\/10\/MSC-Werlte_329px_Final.png","contentUrl":"https:\/\/msc-werlte.de\/wp-content\/uploads\/2022\/10\/MSC-Werlte_329px_Final.png","width":329,"height":329,"caption":"MSC H\u00fcmmling Werlte"},"image":{"@id":"https:\/\/msc-werlte.de\/#\/schema\/logo\/image\/"},"sameAs":["https:\/\/www.facebook.com\/MscHummlingWerlteEvImAdac"]}]}},"_links":{"self":[{"href":"https:\/\/msc-werlte.de\/index.php\/wp-json\/wp\/v2\/pages\/62","targetHints":{"allow":["GET"]}}],"collection":[{"href":"https:\/\/msc-werlte.de\/index.php\/wp-json\/wp\/v2\/pages"}],"about":[{"href":"https:\/\/msc-werlte.de\/index.php\/wp-json\/wp\/v2\/types\/page"}],"author":[{"embeddable":true,"href":"https:\/\/msc-werlte.de\/index.php\/wp-json\/wp\/v2\/users\/1"}],"replies":[{"embeddable":true,"href":"https:\/\/msc-werlte.de\/index.php\/wp-json\/wp\/v2\/comments?post=62"}],"version-history":[{"count":2,"href":"https:\/\/msc-werlte.de\/index.php\/wp-json\/wp\/v2\/pages\/62\/revisions"}],"predecessor-version":[{"id":842,"href":"https:\/\/msc-werlte.de\/index.php\/wp-json\/wp\/v2\/pages\/62\/revisions\/842"}],"up":[{"embeddable":true,"href":"https:\/\/msc-werlte.de\/index.php\/wp-json\/wp\/v2\/pages\/52"}],"wp:attachment":[{"href":"https:\/\/msc-werlte.de\/index.php\/wp-json\/wp\/v2\/media?parent=62"}],"curies":[{"name":"wp","href":"https:\/\/api.w.org\/{rel}","templated":true}]}}