{"id":574,"date":"2024-05-05T17:07:43","date_gmt":"2024-05-05T15:07:43","guid":{"rendered":"https:\/\/msc-werlte.de\/?page_id=574"},"modified":"2024-06-21T16:36:58","modified_gmt":"2024-06-21T14:36:58","slug":"enzo-kruse-hansen","status":"publish","type":"page","link":"https:\/\/msc-werlte.de\/index.php\/enzo-kruse-hansen\/","title":{"rendered":"Enzo Kruse Hansen"},"content":{"rendered":"<p><img loading=\"lazy\" decoding=\"async\" class=\"aligncenter wp-image-591 \" src=\"https:\/\/msc-werlte.de\/wp-content\/uploads\/2024\/05\/IMG_3351.jpg\" alt=\"\" width=\"167\" height=\"333\" srcset=\"https:\/\/msc-werlte.de\/wp-content\/uploads\/2024\/05\/IMG_3351.jpg 643w, https:\/\/msc-werlte.de\/wp-content\/uploads\/2024\/05\/IMG_3351-151x300.jpg 151w, https:\/\/msc-werlte.de\/wp-content\/uploads\/2024\/05\/IMG_3351-514x1024.jpg 514w\" sizes=\"auto, (max-width: 167px) 100vw, 167px\" \/><\/p>\n<p>&nbsp;<\/p>\n<table>\n<tbody>\n<tr>\n<td><strong>Geburtstag:<\/strong><\/td>\n<td>06.06.2018<\/td>\n<\/tr>\n<tr>\n<td><strong>Wohnort:<\/strong><\/td>\n<td>Haslev, D\u00e4nemark<\/td>\n<\/tr>\n<tr>\n<td><strong>Hobbies:<\/strong><\/td>\n<td>Fu\u00dfball spielen, Computer spielen, Freunde treffen<\/td>\n<\/tr>\n<tr>\n<td><strong>Beruf:<\/strong><\/td>\n<td>Sch\u00fcler<\/td>\n<\/tr>\n<tr>\n<td><strong>Lieblingsbahn(en):<\/strong><\/td>\n<td>Slangerup<\/td>\n<\/tr>\n<tr>\n<td><strong>Rennfahrer seit:<\/strong><\/td>\n<td>2023<\/td>\n<\/tr>\n<tr>\n<td><strong>Gr\u00f6\u00dfter Erfolg:<\/strong><\/td>\n<td>4. Platz in Regionalmeisterschaft<\/p>\n<p>5. Platz Clubmeisterschaft<\/td>\n<\/tr>\n<tr>\n<td><strong>Vereine:<\/strong><\/td>\n<td>MSC Werlte, Glumso (DK)<\/td>\n<\/tr>\n<tr>\n<td><strong>Erkennungsmerkmal:<\/strong><\/td>\n<td>#333<\/td>\n<\/tr>\n<tr>\n<td><strong>Motivationsritual:<\/strong><\/td>\n<td>Pok\u00e9mon spielen und Spa\u00df haben mit der Familie<\/td>\n<\/tr>\n<\/tbody>\n<\/table>\n<p>&nbsp;<\/p>\n<p><strong>Homepage Kenneth Kruse Hansen:<\/strong><\/p>\n<p><a title=\"Homepage Kenneth\" href=\"https:\/\/www.facebook.com\/KruseHansenRacing\/?locale=de_DE\">https:\/\/www.facebook.com\/KruseHansenRacing\/?locale=de_DE<\/a><\/p>\n<p>&nbsp;<\/p>\n<p>&nbsp;<\/p>\n<div class=\"shariff\" data-services=\"facebook\" data-url=\"https:\/\/msc-werlte.de\/index.php\/enzo-kruse-hansen\/\" data-timestamp=\"1718987818\" data-backendurl=\"https:\/\/msc-werlte.de\/wp-json\/shariff\/v1\/share_counts?\"><ul class=\"shariff-buttons theme-default orientation-horizontal buttonsize-medium\"><li class=\"shariff-button facebook shariff-nocustomcolor\" style=\"background-color:#4273c8\"><a href=\"https:\/\/www.facebook.com\/sharer\/sharer.php?u=https%3A%2F%2Fmsc-werlte.de%2Findex.php%2Fenzo-kruse-hansen%2F\" title=\"Bei Facebook teilen\" aria-label=\"Bei Facebook teilen\" role=\"button\" rel=\"nofollow\" class=\"shariff-link\" style=\"; background-color:#3b5998; color:#fff\" target=\"_blank\"><span class=\"shariff-icon\" style=\"\"><svg width=\"32px\" height=\"20px\" xmlns=\"http:\/\/www.w3.org\/2000\/svg\" viewBox=\"0 0 18 32\"><path fill=\"#3b5998\" d=\"M17.1 0.2v4.7h-2.8q-1.5 0-2.1 0.6t-0.5 1.9v3.4h5.2l-0.7 5.3h-4.5v13.6h-5.5v-13.6h-4.5v-5.3h4.5v-3.9q0-3.3 1.9-5.2t5-1.8q2.6 0 4.1 0.2z\"\/><\/svg><\/span><span class=\"shariff-text\">teilen<\/span>&nbsp;<span data-service=\"facebook\" style=\"color:#3b5998\" class=\"shariff-count shariff-hidezero\"><\/span>&nbsp;<\/a><\/li><\/ul><\/div>","protected":false},"excerpt":{"rendered":"<p>&nbsp; Geburtstag: 06.06.2018 Wohnort: Haslev, D\u00e4nemark Hobbies: Fu\u00dfball spielen, Computer spielen, Freunde treffen Beruf: Sch\u00fcler Lieblingsbahn(en): Slangerup Rennfahrer seit: 2023 Gr\u00f6\u00dfter Erfolg: 4. Platz in Regionalmeisterschaft 5. Platz Clubmeisterschaft Vereine: MSC Werlte, Glumso (DK) Erkennungsmerkmal: #333 Motivationsritual: Pok\u00e9mon spielen und Spa\u00df haben mit der Familie &nbsp; Homepage Kenneth Kruse Hansen: https:\/\/www.facebook.com\/KruseHansenRacing\/?locale=de_DE &nbsp; &nbsp;<\/p>\n","protected":false},"author":2,"featured_media":0,"parent":0,"menu_order":0,"comment_status":"closed","ping_status":"closed","template":"","meta":{"footnotes":""},"class_list":["post-574","page","type-page","status-publish","hentry"],"yoast_head":"<!-- This site is optimized with the Yoast SEO plugin v27.5 - https:\/\/yoast.com\/product\/yoast-seo-wordpress\/ -->\n<title>Enzo Kruse Hansen - MSC H\u00fcmmling Werlte<\/title>\n<meta name=\"robots\" content=\"index, follow, max-snippet:-1, max-image-preview:large, max-video-preview:-1\" \/>\n<link rel=\"canonical\" href=\"https:\/\/msc-werlte.de\/index.php\/enzo-kruse-hansen\/\" \/>\n<meta property=\"og:locale\" content=\"de_DE\" \/>\n<meta property=\"og:type\" content=\"article\" \/>\n<meta property=\"og:title\" content=\"Enzo Kruse Hansen - MSC H\u00fcmmling Werlte\" \/>\n<meta property=\"og:description\" content=\"&nbsp; Geburtstag: 06.06.2018 Wohnort: Haslev, D\u00e4nemark Hobbies: Fu\u00dfball spielen, Computer spielen, Freunde treffen Beruf: Sch\u00fcler Lieblingsbahn(en): Slangerup Rennfahrer seit: 2023 Gr\u00f6\u00dfter Erfolg: 4. Platz in Regionalmeisterschaft 5. Platz Clubmeisterschaft Vereine: MSC Werlte, Glumso (DK) Erkennungsmerkmal: #333 Motivationsritual: Pok\u00e9mon spielen und Spa\u00df haben mit der Familie &nbsp; Homepage Kenneth Kruse Hansen: https:\/\/www.facebook.com\/KruseHansenRacing\/?locale=de_DE &nbsp; &nbsp;\" \/>\n<meta property=\"og:url\" content=\"https:\/\/msc-werlte.de\/index.php\/enzo-kruse-hansen\/\" \/>\n<meta property=\"og:site_name\" content=\"MSC H\u00fcmmling Werlte\" \/>\n<meta property=\"article:publisher\" content=\"https:\/\/www.facebook.com\/MscHummlingWerlteEvImAdac\" \/>\n<meta property=\"article:modified_time\" content=\"2024-06-21T14:36:58+00:00\" \/>\n<meta property=\"og:image\" content=\"https:\/\/msc-werlte.de\/wp-content\/uploads\/2024\/05\/IMG_3351.jpg\" \/>\n<meta name=\"twitter:card\" content=\"summary_large_image\" \/>\n<meta name=\"twitter:label1\" content=\"Gesch\u00e4tzte Lesezeit\" \/>\n\t<meta name=\"twitter:data1\" content=\"1\u00a0Minute\" \/>\n<script type=\"application\/ld+json\" class=\"yoast-schema-graph\">{\"@context\":\"https:\\\/\\\/schema.org\",\"@graph\":[{\"@type\":\"WebPage\",\"@id\":\"https:\\\/\\\/msc-werlte.de\\\/index.php\\\/enzo-kruse-hansen\\\/\",\"url\":\"https:\\\/\\\/msc-werlte.de\\\/index.php\\\/enzo-kruse-hansen\\\/\",\"name\":\"Enzo Kruse Hansen - MSC H\u00fcmmling Werlte\",\"isPartOf\":{\"@id\":\"https:\\\/\\\/msc-werlte.de\\\/#website\"},\"primaryImageOfPage\":{\"@id\":\"https:\\\/\\\/msc-werlte.de\\\/index.php\\\/enzo-kruse-hansen\\\/#primaryimage\"},\"image\":{\"@id\":\"https:\\\/\\\/msc-werlte.de\\\/index.php\\\/enzo-kruse-hansen\\\/#primaryimage\"},\"thumbnailUrl\":\"https:\\\/\\\/msc-werlte.de\\\/wp-content\\\/uploads\\\/2024\\\/05\\\/IMG_3351.jpg\",\"datePublished\":\"2024-05-05T15:07:43+00:00\",\"dateModified\":\"2024-06-21T14:36:58+00:00\",\"breadcrumb\":{\"@id\":\"https:\\\/\\\/msc-werlte.de\\\/index.php\\\/enzo-kruse-hansen\\\/#breadcrumb\"},\"inLanguage\":\"de\",\"potentialAction\":[{\"@type\":\"ReadAction\",\"target\":[\"https:\\\/\\\/msc-werlte.de\\\/index.php\\\/enzo-kruse-hansen\\\/\"]}]},{\"@type\":\"ImageObject\",\"inLanguage\":\"de\",\"@id\":\"https:\\\/\\\/msc-werlte.de\\\/index.php\\\/enzo-kruse-hansen\\\/#primaryimage\",\"url\":\"https:\\\/\\\/msc-werlte.de\\\/wp-content\\\/uploads\\\/2024\\\/05\\\/IMG_3351.jpg\",\"contentUrl\":\"https:\\\/\\\/msc-werlte.de\\\/wp-content\\\/uploads\\\/2024\\\/05\\\/IMG_3351.jpg\",\"width\":643,\"height\":1280},{\"@type\":\"BreadcrumbList\",\"@id\":\"https:\\\/\\\/msc-werlte.de\\\/index.php\\\/enzo-kruse-hansen\\\/#breadcrumb\",\"itemListElement\":[{\"@type\":\"ListItem\",\"position\":1,\"name\":\"Startseite\",\"item\":\"https:\\\/\\\/msc-werlte.de\\\/\"},{\"@type\":\"ListItem\",\"position\":2,\"name\":\"Enzo Kruse Hansen\"}]},{\"@type\":\"WebSite\",\"@id\":\"https:\\\/\\\/msc-werlte.de\\\/#website\",\"url\":\"https:\\\/\\\/msc-werlte.de\\\/\",\"name\":\"MSC H\u00fcmmling Werlte\",\"description\":\"\",\"publisher\":{\"@id\":\"https:\\\/\\\/msc-werlte.de\\\/#organization\"},\"potentialAction\":[{\"@type\":\"SearchAction\",\"target\":{\"@type\":\"EntryPoint\",\"urlTemplate\":\"https:\\\/\\\/msc-werlte.de\\\/?s={search_term_string}\"},\"query-input\":{\"@type\":\"PropertyValueSpecification\",\"valueRequired\":true,\"valueName\":\"search_term_string\"}}],\"inLanguage\":\"de\"},{\"@type\":\"Organization\",\"@id\":\"https:\\\/\\\/msc-werlte.de\\\/#organization\",\"name\":\"MSC H\u00fcmmling Werlte\",\"url\":\"https:\\\/\\\/msc-werlte.de\\\/\",\"logo\":{\"@type\":\"ImageObject\",\"inLanguage\":\"de\",\"@id\":\"https:\\\/\\\/msc-werlte.de\\\/#\\\/schema\\\/logo\\\/image\\\/\",\"url\":\"https:\\\/\\\/msc-werlte.de\\\/wp-content\\\/uploads\\\/2022\\\/10\\\/MSC-Werlte_329px_Final.png\",\"contentUrl\":\"https:\\\/\\\/msc-werlte.de\\\/wp-content\\\/uploads\\\/2022\\\/10\\\/MSC-Werlte_329px_Final.png\",\"width\":329,\"height\":329,\"caption\":\"MSC H\u00fcmmling Werlte\"},\"image\":{\"@id\":\"https:\\\/\\\/msc-werlte.de\\\/#\\\/schema\\\/logo\\\/image\\\/\"},\"sameAs\":[\"https:\\\/\\\/www.facebook.com\\\/MscHummlingWerlteEvImAdac\"]}]}<\/script>\n<!-- \/ Yoast SEO plugin. -->","yoast_head_json":{"title":"Enzo Kruse Hansen - MSC H\u00fcmmling Werlte","robots":{"index":"index","follow":"follow","max-snippet":"max-snippet:-1","max-image-preview":"max-image-preview:large","max-video-preview":"max-video-preview:-1"},"canonical":"https:\/\/msc-werlte.de\/index.php\/enzo-kruse-hansen\/","og_locale":"de_DE","og_type":"article","og_title":"Enzo Kruse Hansen - MSC H\u00fcmmling Werlte","og_description":"&nbsp; Geburtstag: 06.06.2018 Wohnort: Haslev, D\u00e4nemark Hobbies: Fu\u00dfball spielen, Computer spielen, Freunde treffen Beruf: Sch\u00fcler Lieblingsbahn(en): Slangerup Rennfahrer seit: 2023 Gr\u00f6\u00dfter Erfolg: 4. Platz in Regionalmeisterschaft 5. Platz Clubmeisterschaft Vereine: MSC Werlte, Glumso (DK) Erkennungsmerkmal: #333 Motivationsritual: Pok\u00e9mon spielen und Spa\u00df haben mit der Familie &nbsp; Homepage Kenneth Kruse Hansen: https:\/\/www.facebook.com\/KruseHansenRacing\/?locale=de_DE &nbsp; &nbsp;","og_url":"https:\/\/msc-werlte.de\/index.php\/enzo-kruse-hansen\/","og_site_name":"MSC H\u00fcmmling Werlte","article_publisher":"https:\/\/www.facebook.com\/MscHummlingWerlteEvImAdac","article_modified_time":"2024-06-21T14:36:58+00:00","og_image":[{"url":"https:\/\/msc-werlte.de\/wp-content\/uploads\/2024\/05\/IMG_3351.jpg","type":"","width":"","height":""}],"twitter_card":"summary_large_image","twitter_misc":{"Gesch\u00e4tzte Lesezeit":"1\u00a0Minute"},"schema":{"@context":"https:\/\/schema.org","@graph":[{"@type":"WebPage","@id":"https:\/\/msc-werlte.de\/index.php\/enzo-kruse-hansen\/","url":"https:\/\/msc-werlte.de\/index.php\/enzo-kruse-hansen\/","name":"Enzo Kruse Hansen - MSC H\u00fcmmling Werlte","isPartOf":{"@id":"https:\/\/msc-werlte.de\/#website"},"primaryImageOfPage":{"@id":"https:\/\/msc-werlte.de\/index.php\/enzo-kruse-hansen\/#primaryimage"},"image":{"@id":"https:\/\/msc-werlte.de\/index.php\/enzo-kruse-hansen\/#primaryimage"},"thumbnailUrl":"https:\/\/msc-werlte.de\/wp-content\/uploads\/2024\/05\/IMG_3351.jpg","datePublished":"2024-05-05T15:07:43+00:00","dateModified":"2024-06-21T14:36:58+00:00","breadcrumb":{"@id":"https:\/\/msc-werlte.de\/index.php\/enzo-kruse-hansen\/#breadcrumb"},"inLanguage":"de","potentialAction":[{"@type":"ReadAction","target":["https:\/\/msc-werlte.de\/index.php\/enzo-kruse-hansen\/"]}]},{"@type":"ImageObject","inLanguage":"de","@id":"https:\/\/msc-werlte.de\/index.php\/enzo-kruse-hansen\/#primaryimage","url":"https:\/\/msc-werlte.de\/wp-content\/uploads\/2024\/05\/IMG_3351.jpg","contentUrl":"https:\/\/msc-werlte.de\/wp-content\/uploads\/2024\/05\/IMG_3351.jpg","width":643,"height":1280},{"@type":"BreadcrumbList","@id":"https:\/\/msc-werlte.de\/index.php\/enzo-kruse-hansen\/#breadcrumb","itemListElement":[{"@type":"ListItem","position":1,"name":"Startseite","item":"https:\/\/msc-werlte.de\/"},{"@type":"ListItem","position":2,"name":"Enzo Kruse Hansen"}]},{"@type":"WebSite","@id":"https:\/\/msc-werlte.de\/#website","url":"https:\/\/msc-werlte.de\/","name":"MSC H\u00fcmmling Werlte","description":"","publisher":{"@id":"https:\/\/msc-werlte.de\/#organization"},"potentialAction":[{"@type":"SearchAction","target":{"@type":"EntryPoint","urlTemplate":"https:\/\/msc-werlte.de\/?s={search_term_string}"},"query-input":{"@type":"PropertyValueSpecification","valueRequired":true,"valueName":"search_term_string"}}],"inLanguage":"de"},{"@type":"Organization","@id":"https:\/\/msc-werlte.de\/#organization","name":"MSC H\u00fcmmling Werlte","url":"https:\/\/msc-werlte.de\/","logo":{"@type":"ImageObject","inLanguage":"de","@id":"https:\/\/msc-werlte.de\/#\/schema\/logo\/image\/","url":"https:\/\/msc-werlte.de\/wp-content\/uploads\/2022\/10\/MSC-Werlte_329px_Final.png","contentUrl":"https:\/\/msc-werlte.de\/wp-content\/uploads\/2022\/10\/MSC-Werlte_329px_Final.png","width":329,"height":329,"caption":"MSC H\u00fcmmling Werlte"},"image":{"@id":"https:\/\/msc-werlte.de\/#\/schema\/logo\/image\/"},"sameAs":["https:\/\/www.facebook.com\/MscHummlingWerlteEvImAdac"]}]}},"_links":{"self":[{"href":"https:\/\/msc-werlte.de\/index.php\/wp-json\/wp\/v2\/pages\/574","targetHints":{"allow":["GET"]}}],"collection":[{"href":"https:\/\/msc-werlte.de\/index.php\/wp-json\/wp\/v2\/pages"}],"about":[{"href":"https:\/\/msc-werlte.de\/index.php\/wp-json\/wp\/v2\/types\/page"}],"author":[{"embeddable":true,"href":"https:\/\/msc-werlte.de\/index.php\/wp-json\/wp\/v2\/users\/2"}],"replies":[{"embeddable":true,"href":"https:\/\/msc-werlte.de\/index.php\/wp-json\/wp\/v2\/comments?post=574"}],"version-history":[{"count":5,"href":"https:\/\/msc-werlte.de\/index.php\/wp-json\/wp\/v2\/pages\/574\/revisions"}],"predecessor-version":[{"id":764,"href":"https:\/\/msc-werlte.de\/index.php\/wp-json\/wp\/v2\/pages\/574\/revisions\/764"}],"wp:attachment":[{"href":"https:\/\/msc-werlte.de\/index.php\/wp-json\/wp\/v2\/media?parent=574"}],"curies":[{"name":"wp","href":"https:\/\/api.w.org\/{rel}","templated":true}]}}