{"id":452,"date":"2024-04-11T20:29:25","date_gmt":"2024-04-11T18:29:25","guid":{"rendered":"https:\/\/msc-werlte.de\/?page_id=452"},"modified":"2024-04-11T20:41:02","modified_gmt":"2024-04-11T18:41:02","slug":"uebernachtungsmoeglichkeiten","status":"publish","type":"page","link":"https:\/\/msc-werlte.de\/index.php\/flutlicht-grasbahnrennen\/uebernachtungsmoeglichkeiten\/","title":{"rendered":"\u00dcbernachtungsm\u00f6glichkeiten"},"content":{"rendered":"<table style=\"border-collapse: collapse; width: 100%;\">\n<tbody>\n<tr>\n<td style=\"width: 50%;\">African Sky Hotel Werlte<\/td>\n<td style=\"width: 50%;\"><a title=\"African Sky Hotel\" href=\"https:\/\/africanskyhotel.de\/\">https:\/\/ africanskyhotel.de\/<\/a><\/p>\n<p>Telefon: 0049 5951 987 760<\/td>\n<\/tr>\n<tr>\n<td style=\"width: 50%;\">Motel &#8222;Am B\u00fcrgerpark&#8220;<\/td>\n<td style=\"width: 50%;\"><a href=\"https:\/\/www.motel-am-buergerpark.de\/\">https:\/\/www.motel-am-buergerpark.de\/<\/a><\/p>\n<p>Telefon: <a href=\"tel:+4915226132792\" target=\"_blank\" rel=\"noopener\">+49 (0) 152 26132792<\/a><\/td>\n<\/tr>\n<tr>\n<td style=\"width: 50%;\">Hotel Cramer &#8211; Bed&amp;Breakfast<\/td>\n<td style=\"width: 50%;\"><a href=\"https:\/\/www.bed-and-breakfast-cramer.de\/\">https:\/\/www.bed-and-breakfast-cramer.de\/<\/a><\/p>\n<p>Telefon: 0049 5951 5749<\/td>\n<\/tr>\n<tr>\n<td style=\"width: 50%;\">Campingplatz H\u00fcmmlinger Land<\/td>\n<td style=\"width: 50%;\"><a href=\"https:\/\/www.huemmlingerland.de\/\">https:\/\/www.huemmlingerland.de\/<\/a><\/p>\n<p>Telefon: 0049 5951 5353<\/td>\n<\/tr>\n<\/tbody>\n<\/table>\n<div class=\"shariff\" data-services=\"facebook\" data-url=\"https:\/\/msc-werlte.de\/index.php\/flutlicht-grasbahnrennen\/uebernachtungsmoeglichkeiten\/\" data-timestamp=\"1712868062\" data-backendurl=\"https:\/\/msc-werlte.de\/wp-json\/shariff\/v1\/share_counts?\"><ul class=\"shariff-buttons theme-default orientation-horizontal buttonsize-medium\"><li class=\"shariff-button facebook shariff-nocustomcolor\" style=\"background-color:#4273c8\"><a href=\"https:\/\/www.facebook.com\/sharer\/sharer.php?u=https%3A%2F%2Fmsc-werlte.de%2Findex.php%2Fflutlicht-grasbahnrennen%2Fuebernachtungsmoeglichkeiten%2F\" title=\"Bei Facebook teilen\" aria-label=\"Bei Facebook teilen\" role=\"button\" rel=\"nofollow\" class=\"shariff-link\" style=\"; background-color:#3b5998; color:#fff\" target=\"_blank\"><span class=\"shariff-icon\" style=\"\"><svg width=\"32px\" height=\"20px\" xmlns=\"http:\/\/www.w3.org\/2000\/svg\" viewBox=\"0 0 18 32\"><path fill=\"#3b5998\" d=\"M17.1 0.2v4.7h-2.8q-1.5 0-2.1 0.6t-0.5 1.9v3.4h5.2l-0.7 5.3h-4.5v13.6h-5.5v-13.6h-4.5v-5.3h4.5v-3.9q0-3.3 1.9-5.2t5-1.8q2.6 0 4.1 0.2z\"\/><\/svg><\/span><span class=\"shariff-text\">teilen<\/span>&nbsp;<span data-service=\"facebook\" style=\"color:#3b5998\" class=\"shariff-count shariff-hidezero\"><\/span>&nbsp;<\/a><\/li><\/ul><\/div>","protected":false},"excerpt":{"rendered":"<p>African Sky Hotel Werlte https:\/\/ africanskyhotel.de\/ Telefon: 0049 5951 987 760 Motel &#8222;Am B\u00fcrgerpark&#8220; https:\/\/www.motel-am-buergerpark.de\/ Telefon: +49 (0) 152 26132792 Hotel Cramer &#8211; Bed&amp;Breakfast https:\/\/www.bed-and-breakfast-cramer.de\/ Telefon: 0049 5951 5749 Campingplatz H\u00fcmmlinger Land https:\/\/www.huemmlingerland.de\/ Telefon: 0049 5951 5353<\/p>\n","protected":false},"author":2,"featured_media":0,"parent":52,"menu_order":0,"comment_status":"closed","ping_status":"closed","template":"","meta":{"footnotes":""},"class_list":["post-452","page","type-page","status-publish","hentry"],"yoast_head":"<!-- This site is optimized with the Yoast SEO plugin v27.5 - https:\/\/yoast.com\/product\/yoast-seo-wordpress\/ -->\n<title>\u00dcbernachtungsm\u00f6glichkeiten - MSC H\u00fcmmling Werlte<\/title>\n<meta name=\"robots\" content=\"index, follow, max-snippet:-1, max-image-preview:large, max-video-preview:-1\" \/>\n<link rel=\"canonical\" href=\"https:\/\/msc-werlte.de\/index.php\/flutlicht-grasbahnrennen\/uebernachtungsmoeglichkeiten\/\" \/>\n<meta property=\"og:locale\" content=\"de_DE\" \/>\n<meta property=\"og:type\" content=\"article\" \/>\n<meta property=\"og:title\" content=\"\u00dcbernachtungsm\u00f6glichkeiten - MSC H\u00fcmmling Werlte\" \/>\n<meta property=\"og:description\" content=\"African Sky Hotel Werlte https:\/\/ africanskyhotel.de\/ Telefon: 0049 5951 987 760 Motel &#8222;Am B\u00fcrgerpark&#8220; https:\/\/www.motel-am-buergerpark.de\/ Telefon: +49 (0) 152 26132792 Hotel Cramer &#8211; Bed&amp;Breakfast https:\/\/www.bed-and-breakfast-cramer.de\/ Telefon: 0049 5951 5749 Campingplatz H\u00fcmmlinger Land https:\/\/www.huemmlingerland.de\/ Telefon: 0049 5951 5353\" \/>\n<meta property=\"og:url\" content=\"https:\/\/msc-werlte.de\/index.php\/flutlicht-grasbahnrennen\/uebernachtungsmoeglichkeiten\/\" \/>\n<meta property=\"og:site_name\" content=\"MSC H\u00fcmmling Werlte\" \/>\n<meta property=\"article:publisher\" content=\"https:\/\/www.facebook.com\/MscHummlingWerlteEvImAdac\" \/>\n<meta property=\"article:modified_time\" content=\"2024-04-11T18:41:02+00:00\" \/>\n<meta name=\"twitter:card\" content=\"summary_large_image\" \/>\n<meta name=\"twitter:label1\" content=\"Gesch\u00e4tzte Lesezeit\" \/>\n\t<meta name=\"twitter:data1\" content=\"1\u00a0Minute\" \/>\n<script type=\"application\/ld+json\" class=\"yoast-schema-graph\">{\"@context\":\"https:\\\/\\\/schema.org\",\"@graph\":[{\"@type\":\"WebPage\",\"@id\":\"https:\\\/\\\/msc-werlte.de\\\/index.php\\\/flutlicht-grasbahnrennen\\\/uebernachtungsmoeglichkeiten\\\/\",\"url\":\"https:\\\/\\\/msc-werlte.de\\\/index.php\\\/flutlicht-grasbahnrennen\\\/uebernachtungsmoeglichkeiten\\\/\",\"name\":\"\u00dcbernachtungsm\u00f6glichkeiten - MSC H\u00fcmmling Werlte\",\"isPartOf\":{\"@id\":\"https:\\\/\\\/msc-werlte.de\\\/#website\"},\"datePublished\":\"2024-04-11T18:29:25+00:00\",\"dateModified\":\"2024-04-11T18:41:02+00:00\",\"breadcrumb\":{\"@id\":\"https:\\\/\\\/msc-werlte.de\\\/index.php\\\/flutlicht-grasbahnrennen\\\/uebernachtungsmoeglichkeiten\\\/#breadcrumb\"},\"inLanguage\":\"de\",\"potentialAction\":[{\"@type\":\"ReadAction\",\"target\":[\"https:\\\/\\\/msc-werlte.de\\\/index.php\\\/flutlicht-grasbahnrennen\\\/uebernachtungsmoeglichkeiten\\\/\"]}]},{\"@type\":\"BreadcrumbList\",\"@id\":\"https:\\\/\\\/msc-werlte.de\\\/index.php\\\/flutlicht-grasbahnrennen\\\/uebernachtungsmoeglichkeiten\\\/#breadcrumb\",\"itemListElement\":[{\"@type\":\"ListItem\",\"position\":1,\"name\":\"Startseite\",\"item\":\"https:\\\/\\\/msc-werlte.de\\\/\"},{\"@type\":\"ListItem\",\"position\":2,\"name\":\"Flutlicht &#8211; Grasbahnrennen\",\"item\":\"https:\\\/\\\/msc-werlte.de\\\/index.php\\\/flutlicht-grasbahnrennen\\\/\"},{\"@type\":\"ListItem\",\"position\":3,\"name\":\"\u00dcbernachtungsm\u00f6glichkeiten\"}]},{\"@type\":\"WebSite\",\"@id\":\"https:\\\/\\\/msc-werlte.de\\\/#website\",\"url\":\"https:\\\/\\\/msc-werlte.de\\\/\",\"name\":\"MSC H\u00fcmmling Werlte\",\"description\":\"\",\"publisher\":{\"@id\":\"https:\\\/\\\/msc-werlte.de\\\/#organization\"},\"potentialAction\":[{\"@type\":\"SearchAction\",\"target\":{\"@type\":\"EntryPoint\",\"urlTemplate\":\"https:\\\/\\\/msc-werlte.de\\\/?s={search_term_string}\"},\"query-input\":{\"@type\":\"PropertyValueSpecification\",\"valueRequired\":true,\"valueName\":\"search_term_string\"}}],\"inLanguage\":\"de\"},{\"@type\":\"Organization\",\"@id\":\"https:\\\/\\\/msc-werlte.de\\\/#organization\",\"name\":\"MSC H\u00fcmmling Werlte\",\"url\":\"https:\\\/\\\/msc-werlte.de\\\/\",\"logo\":{\"@type\":\"ImageObject\",\"inLanguage\":\"de\",\"@id\":\"https:\\\/\\\/msc-werlte.de\\\/#\\\/schema\\\/logo\\\/image\\\/\",\"url\":\"https:\\\/\\\/msc-werlte.de\\\/wp-content\\\/uploads\\\/2022\\\/10\\\/MSC-Werlte_329px_Final.png\",\"contentUrl\":\"https:\\\/\\\/msc-werlte.de\\\/wp-content\\\/uploads\\\/2022\\\/10\\\/MSC-Werlte_329px_Final.png\",\"width\":329,\"height\":329,\"caption\":\"MSC H\u00fcmmling Werlte\"},\"image\":{\"@id\":\"https:\\\/\\\/msc-werlte.de\\\/#\\\/schema\\\/logo\\\/image\\\/\"},\"sameAs\":[\"https:\\\/\\\/www.facebook.com\\\/MscHummlingWerlteEvImAdac\"]}]}<\/script>\n<!-- \/ Yoast SEO plugin. -->","yoast_head_json":{"title":"\u00dcbernachtungsm\u00f6glichkeiten - MSC H\u00fcmmling Werlte","robots":{"index":"index","follow":"follow","max-snippet":"max-snippet:-1","max-image-preview":"max-image-preview:large","max-video-preview":"max-video-preview:-1"},"canonical":"https:\/\/msc-werlte.de\/index.php\/flutlicht-grasbahnrennen\/uebernachtungsmoeglichkeiten\/","og_locale":"de_DE","og_type":"article","og_title":"\u00dcbernachtungsm\u00f6glichkeiten - MSC H\u00fcmmling Werlte","og_description":"African Sky Hotel Werlte https:\/\/ africanskyhotel.de\/ Telefon: 0049 5951 987 760 Motel &#8222;Am B\u00fcrgerpark&#8220; https:\/\/www.motel-am-buergerpark.de\/ Telefon: +49 (0) 152 26132792 Hotel Cramer &#8211; Bed&amp;Breakfast https:\/\/www.bed-and-breakfast-cramer.de\/ Telefon: 0049 5951 5749 Campingplatz H\u00fcmmlinger Land https:\/\/www.huemmlingerland.de\/ Telefon: 0049 5951 5353","og_url":"https:\/\/msc-werlte.de\/index.php\/flutlicht-grasbahnrennen\/uebernachtungsmoeglichkeiten\/","og_site_name":"MSC H\u00fcmmling Werlte","article_publisher":"https:\/\/www.facebook.com\/MscHummlingWerlteEvImAdac","article_modified_time":"2024-04-11T18:41:02+00:00","twitter_card":"summary_large_image","twitter_misc":{"Gesch\u00e4tzte Lesezeit":"1\u00a0Minute"},"schema":{"@context":"https:\/\/schema.org","@graph":[{"@type":"WebPage","@id":"https:\/\/msc-werlte.de\/index.php\/flutlicht-grasbahnrennen\/uebernachtungsmoeglichkeiten\/","url":"https:\/\/msc-werlte.de\/index.php\/flutlicht-grasbahnrennen\/uebernachtungsmoeglichkeiten\/","name":"\u00dcbernachtungsm\u00f6glichkeiten - MSC H\u00fcmmling Werlte","isPartOf":{"@id":"https:\/\/msc-werlte.de\/#website"},"datePublished":"2024-04-11T18:29:25+00:00","dateModified":"2024-04-11T18:41:02+00:00","breadcrumb":{"@id":"https:\/\/msc-werlte.de\/index.php\/flutlicht-grasbahnrennen\/uebernachtungsmoeglichkeiten\/#breadcrumb"},"inLanguage":"de","potentialAction":[{"@type":"ReadAction","target":["https:\/\/msc-werlte.de\/index.php\/flutlicht-grasbahnrennen\/uebernachtungsmoeglichkeiten\/"]}]},{"@type":"BreadcrumbList","@id":"https:\/\/msc-werlte.de\/index.php\/flutlicht-grasbahnrennen\/uebernachtungsmoeglichkeiten\/#breadcrumb","itemListElement":[{"@type":"ListItem","position":1,"name":"Startseite","item":"https:\/\/msc-werlte.de\/"},{"@type":"ListItem","position":2,"name":"Flutlicht &#8211; Grasbahnrennen","item":"https:\/\/msc-werlte.de\/index.php\/flutlicht-grasbahnrennen\/"},{"@type":"ListItem","position":3,"name":"\u00dcbernachtungsm\u00f6glichkeiten"}]},{"@type":"WebSite","@id":"https:\/\/msc-werlte.de\/#website","url":"https:\/\/msc-werlte.de\/","name":"MSC H\u00fcmmling Werlte","description":"","publisher":{"@id":"https:\/\/msc-werlte.de\/#organization"},"potentialAction":[{"@type":"SearchAction","target":{"@type":"EntryPoint","urlTemplate":"https:\/\/msc-werlte.de\/?s={search_term_string}"},"query-input":{"@type":"PropertyValueSpecification","valueRequired":true,"valueName":"search_term_string"}}],"inLanguage":"de"},{"@type":"Organization","@id":"https:\/\/msc-werlte.de\/#organization","name":"MSC H\u00fcmmling Werlte","url":"https:\/\/msc-werlte.de\/","logo":{"@type":"ImageObject","inLanguage":"de","@id":"https:\/\/msc-werlte.de\/#\/schema\/logo\/image\/","url":"https:\/\/msc-werlte.de\/wp-content\/uploads\/2022\/10\/MSC-Werlte_329px_Final.png","contentUrl":"https:\/\/msc-werlte.de\/wp-content\/uploads\/2022\/10\/MSC-Werlte_329px_Final.png","width":329,"height":329,"caption":"MSC H\u00fcmmling Werlte"},"image":{"@id":"https:\/\/msc-werlte.de\/#\/schema\/logo\/image\/"},"sameAs":["https:\/\/www.facebook.com\/MscHummlingWerlteEvImAdac"]}]}},"_links":{"self":[{"href":"https:\/\/msc-werlte.de\/index.php\/wp-json\/wp\/v2\/pages\/452","targetHints":{"allow":["GET"]}}],"collection":[{"href":"https:\/\/msc-werlte.de\/index.php\/wp-json\/wp\/v2\/pages"}],"about":[{"href":"https:\/\/msc-werlte.de\/index.php\/wp-json\/wp\/v2\/types\/page"}],"author":[{"embeddable":true,"href":"https:\/\/msc-werlte.de\/index.php\/wp-json\/wp\/v2\/users\/2"}],"replies":[{"embeddable":true,"href":"https:\/\/msc-werlte.de\/index.php\/wp-json\/wp\/v2\/comments?post=452"}],"version-history":[{"count":0,"href":"https:\/\/msc-werlte.de\/index.php\/wp-json\/wp\/v2\/pages\/452\/revisions"}],"up":[{"embeddable":true,"href":"https:\/\/msc-werlte.de\/index.php\/wp-json\/wp\/v2\/pages\/52"}],"wp:attachment":[{"href":"https:\/\/msc-werlte.de\/index.php\/wp-json\/wp\/v2\/media?parent=452"}],"curies":[{"name":"wp","href":"https:\/\/api.w.org\/{rel}","templated":true}]}}