{"id":41,"date":"2024-04-01T09:59:58","date_gmt":"2024-04-01T07:59:58","guid":{"rendered":"https:\/\/msc-werlte.de\/?page_id=41"},"modified":"2024-05-13T16:16:35","modified_gmt":"2024-05-13T14:16:35","slug":"entstehungsgeschichte","status":"publish","type":"page","link":"https:\/\/msc-werlte.de\/index.php\/verein\/entstehungsgeschichte\/","title":{"rendered":"Entstehungsgeschichte"},"content":{"rendered":"<p style=\"text-align: center;\">\n\t\t<style type=\"text\/css\">\n\t\t\t#gallery-1 {\n\t\t\t\tmargin: auto;\n\t\t\t}\n\t\t\t#gallery-1 .gallery-item {\n\t\t\t\tfloat: left;\n\t\t\t\tmargin-top: 10px;\n\t\t\t\ttext-align: center;\n\t\t\t\twidth: 20%;\n\t\t\t}\n\t\t\t#gallery-1 img {\n\t\t\t\tborder: 2px solid #cfcfcf;\n\t\t\t}\n\t\t\t#gallery-1 .gallery-caption {\n\t\t\t\tmargin-left: 0;\n\t\t\t}\n\t\t\t\/* see gallery_shortcode() in wp-includes\/media.php *\/\n\t\t<\/style>\n\t\t<div id='gallery-1' class='gallery galleryid-41 gallery-columns-5 gallery-size-thumbnail'><dl class='gallery-item'>\n\t\t\t<dt class='gallery-icon landscape'>\n\t\t\t\t<a href='https:\/\/msc-werlte.de\/img_3433\/'><img loading=\"lazy\" decoding=\"async\" width=\"150\" height=\"150\" src=\"https:\/\/msc-werlte.de\/wp-content\/uploads\/2024\/05\/IMG_3433-150x150.jpg\" class=\"attachment-thumbnail size-thumbnail\" alt=\"\" \/><\/a>\n\t\t\t<\/dt><\/dl><dl class='gallery-item'>\n\t\t\t<dt class='gallery-icon landscape'>\n\t\t\t\t<a href='https:\/\/msc-werlte.de\/img_3432\/'><img loading=\"lazy\" decoding=\"async\" width=\"150\" height=\"150\" src=\"https:\/\/msc-werlte.de\/wp-content\/uploads\/2024\/05\/IMG_3432-150x150.jpg\" class=\"attachment-thumbnail size-thumbnail\" alt=\"\" \/><\/a>\n\t\t\t<\/dt><\/dl><dl class='gallery-item'>\n\t\t\t<dt class='gallery-icon landscape'>\n\t\t\t\t<a href='https:\/\/msc-werlte.de\/img_3431\/'><img loading=\"lazy\" decoding=\"async\" width=\"150\" height=\"150\" src=\"https:\/\/msc-werlte.de\/wp-content\/uploads\/2024\/05\/IMG_3431-150x150.jpg\" class=\"attachment-thumbnail size-thumbnail\" alt=\"\" \/><\/a>\n\t\t\t<\/dt><\/dl><dl class='gallery-item'>\n\t\t\t<dt class='gallery-icon landscape'>\n\t\t\t\t<a href='https:\/\/msc-werlte.de\/img_3430\/'><img loading=\"lazy\" decoding=\"async\" width=\"150\" height=\"150\" src=\"https:\/\/msc-werlte.de\/wp-content\/uploads\/2024\/05\/IMG_3430-150x150.jpg\" class=\"attachment-thumbnail size-thumbnail\" alt=\"\" \/><\/a>\n\t\t\t<\/dt><\/dl><dl class='gallery-item'>\n\t\t\t<dt class='gallery-icon landscape'>\n\t\t\t\t<a href='https:\/\/msc-werlte.de\/img_3429-kopie-kopie\/'><img loading=\"lazy\" decoding=\"async\" width=\"150\" height=\"150\" src=\"https:\/\/msc-werlte.de\/wp-content\/uploads\/2024\/05\/IMG_3429-Kopie-Kopie-150x150.jpg\" class=\"attachment-thumbnail size-thumbnail\" alt=\"\" \/><\/a>\n\t\t\t<\/dt><\/dl><br style=\"clear: both\" \/>\n\t\t<\/div>\n<\/p>\n<p>&nbsp;<\/p>\n<p>1953 wurde MSC Werlte e.V. im ADAC durch Emil Goldschmidt gegr\u00fcndet. Ab 1968 wurde das Vereinsleben aktiviert. Zun\u00e4chst stand alles unter dem Fokus des Autosports: es gab Slalom-Geschicklichkeitsturniere, Orientierungsfahrten sowie Ralleys. In den 70r Jahren folgten dann Oldtimer Rallyecross-Veranstaltungen. Hier gab es sogar vereinsinterne Erfolge in der deutschen Meisterschaft 1972. Ab 1974 gab es Grasbahnrennen. Dazu mussten eine Bahn und eine Planke gebaut werden. Bei den ersten Rennen unter Leitung des Sportleiters Gerd-Rainer Schwalbe waren Weltmeister und Europameister am Start; ebenso gab es Pr\u00e4dikate. Fahrer, wie Don Godden, Ole Olsen, Karl Meier, Egon M\u00fcller waren gern gesehene G\u00e4ste auf dem h\u00fcmmlingring. Die Vorsitzenden Emil Goldschmidt, Hans Abeln, Bernhard Bruns, Wilhelm Staggnborg, Hermann Niehaus und Josef Hukelmann f\u00fchrten bzw f\u00fchren den Verein bis heute erfolgreich.<\/p>\n<p>&nbsp;<\/p>\n<p>Der MSC Werlte hat im Laufe der Jahre sein Angebot erweitert und bietet nun auch internationale Bahnsportrennen sowie Jugendrennen an. Der Verein hat sich zu einem wichtigen Anlaufpunkt f\u00fcr Motorsportbegeisterte nicht nur in der Region, sondern auch \u00fcberregional entwickelt und veranstaltet regelm\u00e4\u00dfig spannende Events f\u00fcr Fahrer und Zuschauer.<\/p>\n<p>Durch das Engagement der Mitglieder und die Unterst\u00fctzung der lokalen Gemeinschaft konnte der MSC Werlte zu einem erfolgreichen Motorsportverein heranwachsen. Die Tradition des Vereins wird bis heute gepflegt und die Mitglieder arbeiten kontinuierlich daran, den Motorsport in Werlte weiter zu f\u00f6rdern und zu etablieren.<\/p>\n<p>&nbsp;<\/p>\n<p>&nbsp;<\/p>\n<div class=\"shariff\" data-services=\"facebook\" data-url=\"https:\/\/msc-werlte.de\/index.php\/verein\/entstehungsgeschichte\/\" data-timestamp=\"1715616995\" data-backendurl=\"https:\/\/msc-werlte.de\/wp-json\/shariff\/v1\/share_counts?\"><ul class=\"shariff-buttons theme-default orientation-horizontal buttonsize-medium\"><li class=\"shariff-button facebook shariff-nocustomcolor\" style=\"background-color:#4273c8\"><a href=\"https:\/\/www.facebook.com\/sharer\/sharer.php?u=https%3A%2F%2Fmsc-werlte.de%2Findex.php%2Fverein%2Fentstehungsgeschichte%2F\" title=\"Bei Facebook teilen\" aria-label=\"Bei Facebook teilen\" role=\"button\" rel=\"nofollow\" class=\"shariff-link\" style=\"; background-color:#3b5998; color:#fff\" target=\"_blank\"><span class=\"shariff-icon\" style=\"\"><svg width=\"32px\" height=\"20px\" xmlns=\"http:\/\/www.w3.org\/2000\/svg\" viewBox=\"0 0 18 32\"><path fill=\"#3b5998\" d=\"M17.1 0.2v4.7h-2.8q-1.5 0-2.1 0.6t-0.5 1.9v3.4h5.2l-0.7 5.3h-4.5v13.6h-5.5v-13.6h-4.5v-5.3h4.5v-3.9q0-3.3 1.9-5.2t5-1.8q2.6 0 4.1 0.2z\"\/><\/svg><\/span><span class=\"shariff-text\">teilen<\/span>&nbsp;<span data-service=\"facebook\" style=\"color:#3b5998\" class=\"shariff-count shariff-hidezero\"><\/span>&nbsp;<\/a><\/li><\/ul><\/div>","protected":false},"excerpt":{"rendered":"<p>&nbsp; 1953 wurde MSC Werlte e.V. im ADAC durch Emil Goldschmidt gegr\u00fcndet. Ab 1968 wurde das Vereinsleben aktiviert. Zun\u00e4chst stand alles unter dem Fokus des Autosports: es gab Slalom-Geschicklichkeitsturniere, Orientierungsfahrten sowie Ralleys. In den 70r Jahren folgten dann Oldtimer Rallyecross-Veranstaltungen. Hier gab es sogar vereinsinterne Erfolge in der deutschen Meisterschaft 1972. Ab 1974 gab es Grasbahnrennen. Dazu mussten eine Bahn [&hellip;]<\/p>\n","protected":false},"author":1,"featured_media":0,"parent":37,"menu_order":0,"comment_status":"closed","ping_status":"closed","template":"","meta":{"footnotes":""},"class_list":["post-41","page","type-page","status-publish","hentry"],"yoast_head":"<!-- This site is optimized with the Yoast SEO plugin v27.5 - https:\/\/yoast.com\/product\/yoast-seo-wordpress\/ -->\n<title>Entstehungsgeschichte - MSC H\u00fcmmling Werlte<\/title>\n<meta name=\"robots\" content=\"index, follow, max-snippet:-1, max-image-preview:large, max-video-preview:-1\" \/>\n<link rel=\"canonical\" href=\"https:\/\/msc-werlte.de\/index.php\/verein\/entstehungsgeschichte\/\" \/>\n<meta property=\"og:locale\" content=\"de_DE\" \/>\n<meta property=\"og:type\" content=\"article\" \/>\n<meta property=\"og:title\" content=\"Entstehungsgeschichte - MSC H\u00fcmmling Werlte\" \/>\n<meta property=\"og:description\" content=\"&nbsp; 1953 wurde MSC Werlte e.V. im ADAC durch Emil Goldschmidt gegr\u00fcndet. Ab 1968 wurde das Vereinsleben aktiviert. Zun\u00e4chst stand alles unter dem Fokus des Autosports: es gab Slalom-Geschicklichkeitsturniere, Orientierungsfahrten sowie Ralleys. In den 70r Jahren folgten dann Oldtimer Rallyecross-Veranstaltungen. Hier gab es sogar vereinsinterne Erfolge in der deutschen Meisterschaft 1972. Ab 1974 gab es Grasbahnrennen. Dazu mussten eine Bahn [&hellip;]\" \/>\n<meta property=\"og:url\" content=\"https:\/\/msc-werlte.de\/index.php\/verein\/entstehungsgeschichte\/\" \/>\n<meta property=\"og:site_name\" content=\"MSC H\u00fcmmling Werlte\" \/>\n<meta property=\"article:publisher\" content=\"https:\/\/www.facebook.com\/MscHummlingWerlteEvImAdac\" \/>\n<meta property=\"article:modified_time\" content=\"2024-05-13T14:16:35+00:00\" \/>\n<meta name=\"twitter:card\" content=\"summary_large_image\" \/>\n<meta name=\"twitter:label1\" content=\"Gesch\u00e4tzte Lesezeit\" \/>\n\t<meta name=\"twitter:data1\" content=\"2\u00a0Minuten\" \/>\n<script type=\"application\/ld+json\" class=\"yoast-schema-graph\">{\"@context\":\"https:\\\/\\\/schema.org\",\"@graph\":[{\"@type\":\"WebPage\",\"@id\":\"https:\\\/\\\/msc-werlte.de\\\/index.php\\\/verein\\\/entstehungsgeschichte\\\/\",\"url\":\"https:\\\/\\\/msc-werlte.de\\\/index.php\\\/verein\\\/entstehungsgeschichte\\\/\",\"name\":\"Entstehungsgeschichte - MSC H\u00fcmmling Werlte\",\"isPartOf\":{\"@id\":\"https:\\\/\\\/msc-werlte.de\\\/#website\"},\"datePublished\":\"2024-04-01T07:59:58+00:00\",\"dateModified\":\"2024-05-13T14:16:35+00:00\",\"breadcrumb\":{\"@id\":\"https:\\\/\\\/msc-werlte.de\\\/index.php\\\/verein\\\/entstehungsgeschichte\\\/#breadcrumb\"},\"inLanguage\":\"de\",\"potentialAction\":[{\"@type\":\"ReadAction\",\"target\":[\"https:\\\/\\\/msc-werlte.de\\\/index.php\\\/verein\\\/entstehungsgeschichte\\\/\"]}]},{\"@type\":\"BreadcrumbList\",\"@id\":\"https:\\\/\\\/msc-werlte.de\\\/index.php\\\/verein\\\/entstehungsgeschichte\\\/#breadcrumb\",\"itemListElement\":[{\"@type\":\"ListItem\",\"position\":1,\"name\":\"Startseite\",\"item\":\"https:\\\/\\\/msc-werlte.de\\\/\"},{\"@type\":\"ListItem\",\"position\":2,\"name\":\"Verein\",\"item\":\"https:\\\/\\\/msc-werlte.de\\\/index.php\\\/verein\\\/\"},{\"@type\":\"ListItem\",\"position\":3,\"name\":\"Entstehungsgeschichte\"}]},{\"@type\":\"WebSite\",\"@id\":\"https:\\\/\\\/msc-werlte.de\\\/#website\",\"url\":\"https:\\\/\\\/msc-werlte.de\\\/\",\"name\":\"MSC H\u00fcmmling Werlte\",\"description\":\"\",\"publisher\":{\"@id\":\"https:\\\/\\\/msc-werlte.de\\\/#organization\"},\"potentialAction\":[{\"@type\":\"SearchAction\",\"target\":{\"@type\":\"EntryPoint\",\"urlTemplate\":\"https:\\\/\\\/msc-werlte.de\\\/?s={search_term_string}\"},\"query-input\":{\"@type\":\"PropertyValueSpecification\",\"valueRequired\":true,\"valueName\":\"search_term_string\"}}],\"inLanguage\":\"de\"},{\"@type\":\"Organization\",\"@id\":\"https:\\\/\\\/msc-werlte.de\\\/#organization\",\"name\":\"MSC H\u00fcmmling Werlte\",\"url\":\"https:\\\/\\\/msc-werlte.de\\\/\",\"logo\":{\"@type\":\"ImageObject\",\"inLanguage\":\"de\",\"@id\":\"https:\\\/\\\/msc-werlte.de\\\/#\\\/schema\\\/logo\\\/image\\\/\",\"url\":\"https:\\\/\\\/msc-werlte.de\\\/wp-content\\\/uploads\\\/2022\\\/10\\\/MSC-Werlte_329px_Final.png\",\"contentUrl\":\"https:\\\/\\\/msc-werlte.de\\\/wp-content\\\/uploads\\\/2022\\\/10\\\/MSC-Werlte_329px_Final.png\",\"width\":329,\"height\":329,\"caption\":\"MSC H\u00fcmmling Werlte\"},\"image\":{\"@id\":\"https:\\\/\\\/msc-werlte.de\\\/#\\\/schema\\\/logo\\\/image\\\/\"},\"sameAs\":[\"https:\\\/\\\/www.facebook.com\\\/MscHummlingWerlteEvImAdac\"]}]}<\/script>\n<!-- \/ Yoast SEO plugin. -->","yoast_head_json":{"title":"Entstehungsgeschichte - MSC H\u00fcmmling Werlte","robots":{"index":"index","follow":"follow","max-snippet":"max-snippet:-1","max-image-preview":"max-image-preview:large","max-video-preview":"max-video-preview:-1"},"canonical":"https:\/\/msc-werlte.de\/index.php\/verein\/entstehungsgeschichte\/","og_locale":"de_DE","og_type":"article","og_title":"Entstehungsgeschichte - MSC H\u00fcmmling Werlte","og_description":"&nbsp; 1953 wurde MSC Werlte e.V. im ADAC durch Emil Goldschmidt gegr\u00fcndet. Ab 1968 wurde das Vereinsleben aktiviert. Zun\u00e4chst stand alles unter dem Fokus des Autosports: es gab Slalom-Geschicklichkeitsturniere, Orientierungsfahrten sowie Ralleys. In den 70r Jahren folgten dann Oldtimer Rallyecross-Veranstaltungen. Hier gab es sogar vereinsinterne Erfolge in der deutschen Meisterschaft 1972. Ab 1974 gab es Grasbahnrennen. Dazu mussten eine Bahn [&hellip;]","og_url":"https:\/\/msc-werlte.de\/index.php\/verein\/entstehungsgeschichte\/","og_site_name":"MSC H\u00fcmmling Werlte","article_publisher":"https:\/\/www.facebook.com\/MscHummlingWerlteEvImAdac","article_modified_time":"2024-05-13T14:16:35+00:00","twitter_card":"summary_large_image","twitter_misc":{"Gesch\u00e4tzte Lesezeit":"2\u00a0Minuten"},"schema":{"@context":"https:\/\/schema.org","@graph":[{"@type":"WebPage","@id":"https:\/\/msc-werlte.de\/index.php\/verein\/entstehungsgeschichte\/","url":"https:\/\/msc-werlte.de\/index.php\/verein\/entstehungsgeschichte\/","name":"Entstehungsgeschichte - MSC H\u00fcmmling Werlte","isPartOf":{"@id":"https:\/\/msc-werlte.de\/#website"},"datePublished":"2024-04-01T07:59:58+00:00","dateModified":"2024-05-13T14:16:35+00:00","breadcrumb":{"@id":"https:\/\/msc-werlte.de\/index.php\/verein\/entstehungsgeschichte\/#breadcrumb"},"inLanguage":"de","potentialAction":[{"@type":"ReadAction","target":["https:\/\/msc-werlte.de\/index.php\/verein\/entstehungsgeschichte\/"]}]},{"@type":"BreadcrumbList","@id":"https:\/\/msc-werlte.de\/index.php\/verein\/entstehungsgeschichte\/#breadcrumb","itemListElement":[{"@type":"ListItem","position":1,"name":"Startseite","item":"https:\/\/msc-werlte.de\/"},{"@type":"ListItem","position":2,"name":"Verein","item":"https:\/\/msc-werlte.de\/index.php\/verein\/"},{"@type":"ListItem","position":3,"name":"Entstehungsgeschichte"}]},{"@type":"WebSite","@id":"https:\/\/msc-werlte.de\/#website","url":"https:\/\/msc-werlte.de\/","name":"MSC H\u00fcmmling Werlte","description":"","publisher":{"@id":"https:\/\/msc-werlte.de\/#organization"},"potentialAction":[{"@type":"SearchAction","target":{"@type":"EntryPoint","urlTemplate":"https:\/\/msc-werlte.de\/?s={search_term_string}"},"query-input":{"@type":"PropertyValueSpecification","valueRequired":true,"valueName":"search_term_string"}}],"inLanguage":"de"},{"@type":"Organization","@id":"https:\/\/msc-werlte.de\/#organization","name":"MSC H\u00fcmmling Werlte","url":"https:\/\/msc-werlte.de\/","logo":{"@type":"ImageObject","inLanguage":"de","@id":"https:\/\/msc-werlte.de\/#\/schema\/logo\/image\/","url":"https:\/\/msc-werlte.de\/wp-content\/uploads\/2022\/10\/MSC-Werlte_329px_Final.png","contentUrl":"https:\/\/msc-werlte.de\/wp-content\/uploads\/2022\/10\/MSC-Werlte_329px_Final.png","width":329,"height":329,"caption":"MSC H\u00fcmmling Werlte"},"image":{"@id":"https:\/\/msc-werlte.de\/#\/schema\/logo\/image\/"},"sameAs":["https:\/\/www.facebook.com\/MscHummlingWerlteEvImAdac"]}]}},"_links":{"self":[{"href":"https:\/\/msc-werlte.de\/index.php\/wp-json\/wp\/v2\/pages\/41","targetHints":{"allow":["GET"]}}],"collection":[{"href":"https:\/\/msc-werlte.de\/index.php\/wp-json\/wp\/v2\/pages"}],"about":[{"href":"https:\/\/msc-werlte.de\/index.php\/wp-json\/wp\/v2\/types\/page"}],"author":[{"embeddable":true,"href":"https:\/\/msc-werlte.de\/index.php\/wp-json\/wp\/v2\/users\/1"}],"replies":[{"embeddable":true,"href":"https:\/\/msc-werlte.de\/index.php\/wp-json\/wp\/v2\/comments?post=41"}],"version-history":[{"count":4,"href":"https:\/\/msc-werlte.de\/index.php\/wp-json\/wp\/v2\/pages\/41\/revisions"}],"predecessor-version":[{"id":679,"href":"https:\/\/msc-werlte.de\/index.php\/wp-json\/wp\/v2\/pages\/41\/revisions\/679"}],"up":[{"embeddable":true,"href":"https:\/\/msc-werlte.de\/index.php\/wp-json\/wp\/v2\/pages\/37"}],"wp:attachment":[{"href":"https:\/\/msc-werlte.de\/index.php\/wp-json\/wp\/v2\/media?parent=41"}],"curies":[{"name":"wp","href":"https:\/\/api.w.org\/{rel}","templated":true}]}}