{"id":39,"date":"2024-04-01T09:59:11","date_gmt":"2024-04-01T07:59:11","guid":{"rendered":"https:\/\/msc-werlte.de\/?page_id=39"},"modified":"2024-04-27T20:13:49","modified_gmt":"2024-04-27T18:13:49","slug":"was-macht-der-msc-werlte","status":"publish","type":"page","link":"https:\/\/msc-werlte.de\/index.php\/verein\/was-macht-der-msc-werlte\/","title":{"rendered":"Was macht der MSC Werlte?"},"content":{"rendered":"<p><span style=\"font-size: 16px;\"><strong>MSC Werlte? &#8211; Was ist das und was macht der Verein eigentlich?<\/strong><\/span><\/p>\n<p><span id=\"wpaicg-chat-message-13368\" class=\"wpaicg-chat-message\">Der Verein widmet sich dem Motorsport, speziell dem Bahnsport, welcher als eine der spektakul\u00e4rsten Disziplinen im Motorsport gilt. Die speziellen Motorr\u00e4der haben keine Bremsen und nur zwei G\u00e4nge (im Bereich der Langbahn). Die Fahrer absolvieren vier Ru<\/span><img loading=\"lazy\" decoding=\"async\" class=\"wp-image-525 alignleft\" src=\"https:\/\/msc-werlte.de\/wp-content\/uploads\/2024\/04\/A47I0647-scaled.jpg\" alt=\"\" width=\"375\" height=\"196\" srcset=\"https:\/\/msc-werlte.de\/wp-content\/uploads\/2024\/04\/A47I0647-scaled.jpg 2560w, https:\/\/msc-werlte.de\/wp-content\/uploads\/2024\/04\/A47I0647-300x157.jpg 300w, https:\/\/msc-werlte.de\/wp-content\/uploads\/2024\/04\/A47I0647-1024x535.jpg 1024w, https:\/\/msc-werlte.de\/wp-content\/uploads\/2024\/04\/A47I0647-768x401.jpg 768w, https:\/\/msc-werlte.de\/wp-content\/uploads\/2024\/04\/A47I0647-1536x802.jpg 1536w, https:\/\/msc-werlte.de\/wp-content\/uploads\/2024\/04\/A47I0647-2048x1070.jpg 2048w\" sizes=\"auto, (max-width: 375px) 100vw, 375px\" \/><span id=\"wpaicg-chat-message-13368\" class=\"wpaicg-chat-message\">nde<\/span><span id=\"wpaicg-chat-message-13368\" class=\"wpaicg-chat-message\">n Vollgas auf Gras- oder Sandbahnen sowie auf Speedwaybahnen. <\/span><\/p>\n<p><span id=\"wpaicg-chat-message-13368\" class=\"wpaicg-chat-message\">Der umweltfreundliche Treibstoff, reines Methanol, wird dabei r\u00fcckstandfrei verbrannt. <\/span><\/p>\n<p><span id=\"wpaicg-chat-message-13368\" class=\"wpaicg-chat-message\">W\u00e4hr<\/span><span id=\"wpaicg-chat-message-13368\" class=\"wpaicg-chat-message\">end des Rennens sind die Fans hautnah dabei, staunen, fiebern mit und feuern die Fahrer an. Jeder Rennlauf ist einmalig. Es starten zwischen 5-6 Fahrer pro Lauf, hierbei gibt es immer packende \u00dcberholman\u00f6ver und Duelle, bei denen im Drift \u00fcber vier Runden nur linksrum gefahren wird.<\/span><\/p>\n<p><span style=\"font-size: 16px;\"><strong>Langbahn? Grasbahn? Sandbahn? Speedway? &#8211; Was sind die Unterschiede?<\/strong><\/span><\/p>\n<p>Im Bereich der Langbahn sind die Bahnen, die einen Sand- oder Grasbelag haben, bis zu 1000 Meter lang. Speedwayrennen finden auf Bahnen bis zu 400 Meter statt, wobei der Bahnbelag oft aus einer speziellen Sandmischung besteht. Auf Speedwaybahnen wird lediglich mit vier Fahrern gestartet.<\/p>\n<p>&nbsp;<\/p>\n<p><span style=\"font-size: 10px;\">Foto: Daniel Sievers<\/span><\/p>\n<div class=\"shariff\" data-services=\"facebook\" data-url=\"https:\/\/msc-werlte.de\/index.php\/verein\/was-macht-der-msc-werlte\/\" data-timestamp=\"1714248829\" data-backendurl=\"https:\/\/msc-werlte.de\/wp-json\/shariff\/v1\/share_counts?\"><ul class=\"shariff-buttons theme-default orientation-horizontal buttonsize-medium\"><li class=\"shariff-button facebook shariff-nocustomcolor\" style=\"background-color:#4273c8\"><a href=\"https:\/\/www.facebook.com\/sharer\/sharer.php?u=https%3A%2F%2Fmsc-werlte.de%2Findex.php%2Fverein%2Fwas-macht-der-msc-werlte%2F\" title=\"Bei Facebook teilen\" aria-label=\"Bei Facebook teilen\" role=\"button\" rel=\"nofollow\" class=\"shariff-link\" style=\"; background-color:#3b5998; color:#fff\" target=\"_blank\"><span class=\"shariff-icon\" style=\"\"><svg width=\"32px\" height=\"20px\" xmlns=\"http:\/\/www.w3.org\/2000\/svg\" viewBox=\"0 0 18 32\"><path fill=\"#3b5998\" d=\"M17.1 0.2v4.7h-2.8q-1.5 0-2.1 0.6t-0.5 1.9v3.4h5.2l-0.7 5.3h-4.5v13.6h-5.5v-13.6h-4.5v-5.3h4.5v-3.9q0-3.3 1.9-5.2t5-1.8q2.6 0 4.1 0.2z\"\/><\/svg><\/span><span class=\"shariff-text\">teilen<\/span>&nbsp;<span data-service=\"facebook\" style=\"color:#3b5998\" class=\"shariff-count shariff-hidezero\"><\/span>&nbsp;<\/a><\/li><\/ul><\/div>","protected":false},"excerpt":{"rendered":"<p>MSC Werlte? &#8211; Was ist das und was macht der Verein eigentlich? Der Verein widmet sich dem Motorsport, speziell dem Bahnsport, welcher als eine der spektakul\u00e4rsten Disziplinen im Motorsport gilt. Die speziellen Motorr\u00e4der haben keine Bremsen und nur zwei G\u00e4nge (im Bereich der Langbahn). Die Fahrer absolvieren vier Runden Vollgas auf Gras- oder Sandbahnen sowie auf Speedwaybahnen. Der umweltfreundliche Treibstoff, [&hellip;]<\/p>\n","protected":false},"author":1,"featured_media":0,"parent":37,"menu_order":0,"comment_status":"closed","ping_status":"closed","template":"","meta":{"footnotes":""},"class_list":["post-39","page","type-page","status-publish","hentry"],"yoast_head":"<!-- This site is optimized with the Yoast SEO plugin v27.5 - https:\/\/yoast.com\/product\/yoast-seo-wordpress\/ -->\n<title>Was macht der MSC Werlte? - MSC H\u00fcmmling Werlte<\/title>\n<meta name=\"robots\" content=\"index, follow, max-snippet:-1, max-image-preview:large, max-video-preview:-1\" \/>\n<link rel=\"canonical\" href=\"https:\/\/msc-werlte.de\/index.php\/verein\/was-macht-der-msc-werlte\/\" \/>\n<meta property=\"og:locale\" content=\"de_DE\" \/>\n<meta property=\"og:type\" content=\"article\" \/>\n<meta property=\"og:title\" content=\"Was macht der MSC Werlte? - MSC H\u00fcmmling Werlte\" \/>\n<meta property=\"og:description\" content=\"MSC Werlte? &#8211; Was ist das und was macht der Verein eigentlich? Der Verein widmet sich dem Motorsport, speziell dem Bahnsport, welcher als eine der spektakul\u00e4rsten Disziplinen im Motorsport gilt. Die speziellen Motorr\u00e4der haben keine Bremsen und nur zwei G\u00e4nge (im Bereich der Langbahn). Die Fahrer absolvieren vier Runden Vollgas auf Gras- oder Sandbahnen sowie auf Speedwaybahnen. Der umweltfreundliche Treibstoff, [&hellip;]\" \/>\n<meta property=\"og:url\" content=\"https:\/\/msc-werlte.de\/index.php\/verein\/was-macht-der-msc-werlte\/\" \/>\n<meta property=\"og:site_name\" content=\"MSC H\u00fcmmling Werlte\" \/>\n<meta property=\"article:publisher\" content=\"https:\/\/www.facebook.com\/MscHummlingWerlteEvImAdac\" \/>\n<meta property=\"article:modified_time\" content=\"2024-04-27T18:13:49+00:00\" \/>\n<meta property=\"og:image\" content=\"https:\/\/msc-werlte.de\/wp-content\/uploads\/2024\/04\/A47I0647-scaled.jpg\" \/>\n<meta name=\"twitter:card\" content=\"summary_large_image\" \/>\n<meta name=\"twitter:label1\" content=\"Gesch\u00e4tzte Lesezeit\" \/>\n\t<meta name=\"twitter:data1\" content=\"2\u00a0Minuten\" \/>\n<script type=\"application\/ld+json\" class=\"yoast-schema-graph\">{\"@context\":\"https:\\\/\\\/schema.org\",\"@graph\":[{\"@type\":\"WebPage\",\"@id\":\"https:\\\/\\\/msc-werlte.de\\\/index.php\\\/verein\\\/was-macht-der-msc-werlte\\\/\",\"url\":\"https:\\\/\\\/msc-werlte.de\\\/index.php\\\/verein\\\/was-macht-der-msc-werlte\\\/\",\"name\":\"Was macht der MSC Werlte? - MSC H\u00fcmmling Werlte\",\"isPartOf\":{\"@id\":\"https:\\\/\\\/msc-werlte.de\\\/#website\"},\"primaryImageOfPage\":{\"@id\":\"https:\\\/\\\/msc-werlte.de\\\/index.php\\\/verein\\\/was-macht-der-msc-werlte\\\/#primaryimage\"},\"image\":{\"@id\":\"https:\\\/\\\/msc-werlte.de\\\/index.php\\\/verein\\\/was-macht-der-msc-werlte\\\/#primaryimage\"},\"thumbnailUrl\":\"https:\\\/\\\/msc-werlte.de\\\/wp-content\\\/uploads\\\/2024\\\/04\\\/A47I0647-scaled.jpg\",\"datePublished\":\"2024-04-01T07:59:11+00:00\",\"dateModified\":\"2024-04-27T18:13:49+00:00\",\"breadcrumb\":{\"@id\":\"https:\\\/\\\/msc-werlte.de\\\/index.php\\\/verein\\\/was-macht-der-msc-werlte\\\/#breadcrumb\"},\"inLanguage\":\"de\",\"potentialAction\":[{\"@type\":\"ReadAction\",\"target\":[\"https:\\\/\\\/msc-werlte.de\\\/index.php\\\/verein\\\/was-macht-der-msc-werlte\\\/\"]}]},{\"@type\":\"ImageObject\",\"inLanguage\":\"de\",\"@id\":\"https:\\\/\\\/msc-werlte.de\\\/index.php\\\/verein\\\/was-macht-der-msc-werlte\\\/#primaryimage\",\"url\":\"https:\\\/\\\/msc-werlte.de\\\/wp-content\\\/uploads\\\/2024\\\/04\\\/A47I0647-scaled.jpg\",\"contentUrl\":\"https:\\\/\\\/msc-werlte.de\\\/wp-content\\\/uploads\\\/2024\\\/04\\\/A47I0647-scaled.jpg\",\"width\":2560,\"height\":1337},{\"@type\":\"BreadcrumbList\",\"@id\":\"https:\\\/\\\/msc-werlte.de\\\/index.php\\\/verein\\\/was-macht-der-msc-werlte\\\/#breadcrumb\",\"itemListElement\":[{\"@type\":\"ListItem\",\"position\":1,\"name\":\"Startseite\",\"item\":\"https:\\\/\\\/msc-werlte.de\\\/\"},{\"@type\":\"ListItem\",\"position\":2,\"name\":\"Verein\",\"item\":\"https:\\\/\\\/msc-werlte.de\\\/index.php\\\/verein\\\/\"},{\"@type\":\"ListItem\",\"position\":3,\"name\":\"Was macht der MSC Werlte?\"}]},{\"@type\":\"WebSite\",\"@id\":\"https:\\\/\\\/msc-werlte.de\\\/#website\",\"url\":\"https:\\\/\\\/msc-werlte.de\\\/\",\"name\":\"MSC H\u00fcmmling Werlte\",\"description\":\"\",\"publisher\":{\"@id\":\"https:\\\/\\\/msc-werlte.de\\\/#organization\"},\"potentialAction\":[{\"@type\":\"SearchAction\",\"target\":{\"@type\":\"EntryPoint\",\"urlTemplate\":\"https:\\\/\\\/msc-werlte.de\\\/?s={search_term_string}\"},\"query-input\":{\"@type\":\"PropertyValueSpecification\",\"valueRequired\":true,\"valueName\":\"search_term_string\"}}],\"inLanguage\":\"de\"},{\"@type\":\"Organization\",\"@id\":\"https:\\\/\\\/msc-werlte.de\\\/#organization\",\"name\":\"MSC H\u00fcmmling Werlte\",\"url\":\"https:\\\/\\\/msc-werlte.de\\\/\",\"logo\":{\"@type\":\"ImageObject\",\"inLanguage\":\"de\",\"@id\":\"https:\\\/\\\/msc-werlte.de\\\/#\\\/schema\\\/logo\\\/image\\\/\",\"url\":\"https:\\\/\\\/msc-werlte.de\\\/wp-content\\\/uploads\\\/2022\\\/10\\\/MSC-Werlte_329px_Final.png\",\"contentUrl\":\"https:\\\/\\\/msc-werlte.de\\\/wp-content\\\/uploads\\\/2022\\\/10\\\/MSC-Werlte_329px_Final.png\",\"width\":329,\"height\":329,\"caption\":\"MSC H\u00fcmmling Werlte\"},\"image\":{\"@id\":\"https:\\\/\\\/msc-werlte.de\\\/#\\\/schema\\\/logo\\\/image\\\/\"},\"sameAs\":[\"https:\\\/\\\/www.facebook.com\\\/MscHummlingWerlteEvImAdac\"]}]}<\/script>\n<!-- \/ Yoast SEO plugin. -->","yoast_head_json":{"title":"Was macht der MSC Werlte? - MSC H\u00fcmmling Werlte","robots":{"index":"index","follow":"follow","max-snippet":"max-snippet:-1","max-image-preview":"max-image-preview:large","max-video-preview":"max-video-preview:-1"},"canonical":"https:\/\/msc-werlte.de\/index.php\/verein\/was-macht-der-msc-werlte\/","og_locale":"de_DE","og_type":"article","og_title":"Was macht der MSC Werlte? - MSC H\u00fcmmling Werlte","og_description":"MSC Werlte? &#8211; Was ist das und was macht der Verein eigentlich? Der Verein widmet sich dem Motorsport, speziell dem Bahnsport, welcher als eine der spektakul\u00e4rsten Disziplinen im Motorsport gilt. Die speziellen Motorr\u00e4der haben keine Bremsen und nur zwei G\u00e4nge (im Bereich der Langbahn). Die Fahrer absolvieren vier Runden Vollgas auf Gras- oder Sandbahnen sowie auf Speedwaybahnen. Der umweltfreundliche Treibstoff, [&hellip;]","og_url":"https:\/\/msc-werlte.de\/index.php\/verein\/was-macht-der-msc-werlte\/","og_site_name":"MSC H\u00fcmmling Werlte","article_publisher":"https:\/\/www.facebook.com\/MscHummlingWerlteEvImAdac","article_modified_time":"2024-04-27T18:13:49+00:00","og_image":[{"url":"https:\/\/msc-werlte.de\/wp-content\/uploads\/2024\/04\/A47I0647-scaled.jpg","type":"","width":"","height":""}],"twitter_card":"summary_large_image","twitter_misc":{"Gesch\u00e4tzte Lesezeit":"2\u00a0Minuten"},"schema":{"@context":"https:\/\/schema.org","@graph":[{"@type":"WebPage","@id":"https:\/\/msc-werlte.de\/index.php\/verein\/was-macht-der-msc-werlte\/","url":"https:\/\/msc-werlte.de\/index.php\/verein\/was-macht-der-msc-werlte\/","name":"Was macht der MSC Werlte? - MSC H\u00fcmmling Werlte","isPartOf":{"@id":"https:\/\/msc-werlte.de\/#website"},"primaryImageOfPage":{"@id":"https:\/\/msc-werlte.de\/index.php\/verein\/was-macht-der-msc-werlte\/#primaryimage"},"image":{"@id":"https:\/\/msc-werlte.de\/index.php\/verein\/was-macht-der-msc-werlte\/#primaryimage"},"thumbnailUrl":"https:\/\/msc-werlte.de\/wp-content\/uploads\/2024\/04\/A47I0647-scaled.jpg","datePublished":"2024-04-01T07:59:11+00:00","dateModified":"2024-04-27T18:13:49+00:00","breadcrumb":{"@id":"https:\/\/msc-werlte.de\/index.php\/verein\/was-macht-der-msc-werlte\/#breadcrumb"},"inLanguage":"de","potentialAction":[{"@type":"ReadAction","target":["https:\/\/msc-werlte.de\/index.php\/verein\/was-macht-der-msc-werlte\/"]}]},{"@type":"ImageObject","inLanguage":"de","@id":"https:\/\/msc-werlte.de\/index.php\/verein\/was-macht-der-msc-werlte\/#primaryimage","url":"https:\/\/msc-werlte.de\/wp-content\/uploads\/2024\/04\/A47I0647-scaled.jpg","contentUrl":"https:\/\/msc-werlte.de\/wp-content\/uploads\/2024\/04\/A47I0647-scaled.jpg","width":2560,"height":1337},{"@type":"BreadcrumbList","@id":"https:\/\/msc-werlte.de\/index.php\/verein\/was-macht-der-msc-werlte\/#breadcrumb","itemListElement":[{"@type":"ListItem","position":1,"name":"Startseite","item":"https:\/\/msc-werlte.de\/"},{"@type":"ListItem","position":2,"name":"Verein","item":"https:\/\/msc-werlte.de\/index.php\/verein\/"},{"@type":"ListItem","position":3,"name":"Was macht der MSC Werlte?"}]},{"@type":"WebSite","@id":"https:\/\/msc-werlte.de\/#website","url":"https:\/\/msc-werlte.de\/","name":"MSC H\u00fcmmling Werlte","description":"","publisher":{"@id":"https:\/\/msc-werlte.de\/#organization"},"potentialAction":[{"@type":"SearchAction","target":{"@type":"EntryPoint","urlTemplate":"https:\/\/msc-werlte.de\/?s={search_term_string}"},"query-input":{"@type":"PropertyValueSpecification","valueRequired":true,"valueName":"search_term_string"}}],"inLanguage":"de"},{"@type":"Organization","@id":"https:\/\/msc-werlte.de\/#organization","name":"MSC H\u00fcmmling Werlte","url":"https:\/\/msc-werlte.de\/","logo":{"@type":"ImageObject","inLanguage":"de","@id":"https:\/\/msc-werlte.de\/#\/schema\/logo\/image\/","url":"https:\/\/msc-werlte.de\/wp-content\/uploads\/2022\/10\/MSC-Werlte_329px_Final.png","contentUrl":"https:\/\/msc-werlte.de\/wp-content\/uploads\/2022\/10\/MSC-Werlte_329px_Final.png","width":329,"height":329,"caption":"MSC H\u00fcmmling Werlte"},"image":{"@id":"https:\/\/msc-werlte.de\/#\/schema\/logo\/image\/"},"sameAs":["https:\/\/www.facebook.com\/MscHummlingWerlteEvImAdac"]}]}},"_links":{"self":[{"href":"https:\/\/msc-werlte.de\/index.php\/wp-json\/wp\/v2\/pages\/39","targetHints":{"allow":["GET"]}}],"collection":[{"href":"https:\/\/msc-werlte.de\/index.php\/wp-json\/wp\/v2\/pages"}],"about":[{"href":"https:\/\/msc-werlte.de\/index.php\/wp-json\/wp\/v2\/types\/page"}],"author":[{"embeddable":true,"href":"https:\/\/msc-werlte.de\/index.php\/wp-json\/wp\/v2\/users\/1"}],"replies":[{"embeddable":true,"href":"https:\/\/msc-werlte.de\/index.php\/wp-json\/wp\/v2\/comments?post=39"}],"version-history":[{"count":3,"href":"https:\/\/msc-werlte.de\/index.php\/wp-json\/wp\/v2\/pages\/39\/revisions"}],"predecessor-version":[{"id":527,"href":"https:\/\/msc-werlte.de\/index.php\/wp-json\/wp\/v2\/pages\/39\/revisions\/527"}],"up":[{"embeddable":true,"href":"https:\/\/msc-werlte.de\/index.php\/wp-json\/wp\/v2\/pages\/37"}],"wp:attachment":[{"href":"https:\/\/msc-werlte.de\/index.php\/wp-json\/wp\/v2\/media?parent=39"}],"curies":[{"name":"wp","href":"https:\/\/api.w.org\/{rel}","templated":true}]}}