{"id":173,"date":"2024-04-01T10:46:17","date_gmt":"2024-04-01T08:46:17","guid":{"rendered":"https:\/\/msc-werlte.de\/?page_id=173"},"modified":"2024-04-11T20:11:58","modified_gmt":"2024-04-11T18:11:58","slug":"adac-mitglied-werden","status":"publish","type":"page","link":"https:\/\/msc-werlte.de\/index.php\/downloads\/adac-mitglied-werden\/","title":{"rendered":"ADAC Mitglied werden"},"content":{"rendered":"<p>Du bist noch kein ADAC Mitglied, m\u00f6chtest es aber zuk\u00fcnftig werden?<\/p>\n<p>Unter folgendem Link erh\u00e4ltst du alle wichtigen Informationen \u00fcber die verschiedenen Mitgliedschaften. Au\u00dferdem erh\u00e4ltst du einen \u00dcberblick \u00fcber die optimalen Tarife, Vorteile und Angebote.<\/p>\n<p>&nbsp;<\/p>\n<p><a title=\"ADAC Mitglied werden\" href=\"https:\/\/www.adac.de\/mitgliedschaft\/mitglied-werden\/?sc_camp=DE144EA1710D4A7F867118789F692CFE\">Klicke hier:<\/a><\/p>\n<p><a title=\"ADAC Mitglied werden\" href=\"https:\/\/www.adac.de\/mitgliedschaft\/mitglied-werden\/?sc_camp=DE144EA1710D4A7F867118789F692CFE\">https:\/\/www.adac.de\/mitgliedschaft\/mitglied-werden\/?sc_camp=DE144EA1710D4A7F867118789F692CFE<\/a><\/p>\n<p>&nbsp;<\/p>\n<p>Unser Verein ist:<\/p>\n<p><img loading=\"lazy\" decoding=\"async\" class=\"alignnone size-medium wp-image-441\" src=\"https:\/\/msc-werlte.de\/wp-content\/uploads\/2024\/04\/Ortsclub_QF_RGB-300x125.jpg\" alt=\"\" width=\"300\" height=\"125\" srcset=\"https:\/\/msc-werlte.de\/wp-content\/uploads\/2024\/04\/Ortsclub_QF_RGB-300x125.jpg 300w, https:\/\/msc-werlte.de\/wp-content\/uploads\/2024\/04\/Ortsclub_QF_RGB.jpg 763w\" sizes=\"auto, (max-width: 300px) 100vw, 300px\" \/><\/p>\n<div class=\"shariff\" data-services=\"facebook\" data-url=\"https:\/\/msc-werlte.de\/index.php\/downloads\/adac-mitglied-werden\/\" data-timestamp=\"1712866318\" data-backendurl=\"https:\/\/msc-werlte.de\/wp-json\/shariff\/v1\/share_counts?\"><ul class=\"shariff-buttons theme-default orientation-horizontal buttonsize-medium\"><li class=\"shariff-button facebook shariff-nocustomcolor\" style=\"background-color:#4273c8\"><a href=\"https:\/\/www.facebook.com\/sharer\/sharer.php?u=https%3A%2F%2Fmsc-werlte.de%2Findex.php%2Fdownloads%2Fadac-mitglied-werden%2F\" title=\"Bei Facebook teilen\" aria-label=\"Bei Facebook teilen\" role=\"button\" rel=\"nofollow\" class=\"shariff-link\" style=\"; background-color:#3b5998; color:#fff\" target=\"_blank\"><span class=\"shariff-icon\" style=\"\"><svg width=\"32px\" height=\"20px\" xmlns=\"http:\/\/www.w3.org\/2000\/svg\" viewBox=\"0 0 18 32\"><path fill=\"#3b5998\" d=\"M17.1 0.2v4.7h-2.8q-1.5 0-2.1 0.6t-0.5 1.9v3.4h5.2l-0.7 5.3h-4.5v13.6h-5.5v-13.6h-4.5v-5.3h4.5v-3.9q0-3.3 1.9-5.2t5-1.8q2.6 0 4.1 0.2z\"\/><\/svg><\/span><span class=\"shariff-text\">teilen<\/span>&nbsp;<span data-service=\"facebook\" style=\"color:#3b5998\" class=\"shariff-count shariff-hidezero\"><\/span>&nbsp;<\/a><\/li><\/ul><\/div>","protected":false},"excerpt":{"rendered":"<p>Du bist noch kein ADAC Mitglied, m\u00f6chtest es aber zuk\u00fcnftig werden? Unter folgendem Link erh\u00e4ltst du alle wichtigen Informationen \u00fcber die verschiedenen Mitgliedschaften. Au\u00dferdem erh\u00e4ltst du einen \u00dcberblick \u00fcber die optimalen Tarife, Vorteile und Angebote. &nbsp; Klicke hier: https:\/\/www.adac.de\/mitgliedschaft\/mitglied-werden\/?sc_camp=DE144EA1710D4A7F867118789F692CFE &nbsp; Unser Verein ist:<\/p>\n","protected":false},"author":1,"featured_media":0,"parent":161,"menu_order":0,"comment_status":"closed","ping_status":"closed","template":"","meta":{"footnotes":""},"class_list":["post-173","page","type-page","status-publish","hentry"],"yoast_head":"<!-- This site is optimized with the Yoast SEO plugin v27.5 - https:\/\/yoast.com\/product\/yoast-seo-wordpress\/ -->\n<title>ADAC Mitglied werden - MSC H\u00fcmmling Werlte<\/title>\n<meta name=\"robots\" content=\"index, follow, max-snippet:-1, max-image-preview:large, max-video-preview:-1\" \/>\n<link rel=\"canonical\" href=\"https:\/\/msc-werlte.de\/index.php\/downloads\/adac-mitglied-werden\/\" \/>\n<meta property=\"og:locale\" content=\"de_DE\" \/>\n<meta property=\"og:type\" content=\"article\" \/>\n<meta property=\"og:title\" content=\"ADAC Mitglied werden - MSC H\u00fcmmling Werlte\" \/>\n<meta property=\"og:description\" content=\"Du bist noch kein ADAC Mitglied, m\u00f6chtest es aber zuk\u00fcnftig werden? Unter folgendem Link erh\u00e4ltst du alle wichtigen Informationen \u00fcber die verschiedenen Mitgliedschaften. Au\u00dferdem erh\u00e4ltst du einen \u00dcberblick \u00fcber die optimalen Tarife, Vorteile und Angebote. &nbsp; Klicke hier: https:\/\/www.adac.de\/mitgliedschaft\/mitglied-werden\/?sc_camp=DE144EA1710D4A7F867118789F692CFE &nbsp; Unser Verein ist:\" \/>\n<meta property=\"og:url\" content=\"https:\/\/msc-werlte.de\/index.php\/downloads\/adac-mitglied-werden\/\" \/>\n<meta property=\"og:site_name\" content=\"MSC H\u00fcmmling Werlte\" \/>\n<meta property=\"article:publisher\" content=\"https:\/\/www.facebook.com\/MscHummlingWerlteEvImAdac\" \/>\n<meta property=\"article:modified_time\" content=\"2024-04-11T18:11:58+00:00\" \/>\n<meta property=\"og:image\" content=\"https:\/\/msc-werlte.de\/wp-content\/uploads\/2024\/04\/Ortsclub_QF_RGB-300x125.jpg\" \/>\n<meta name=\"twitter:card\" content=\"summary_large_image\" \/>\n<meta name=\"twitter:label1\" content=\"Gesch\u00e4tzte Lesezeit\" \/>\n\t<meta name=\"twitter:data1\" content=\"1\u00a0Minute\" \/>\n<script type=\"application\/ld+json\" class=\"yoast-schema-graph\">{\"@context\":\"https:\\\/\\\/schema.org\",\"@graph\":[{\"@type\":\"WebPage\",\"@id\":\"https:\\\/\\\/msc-werlte.de\\\/index.php\\\/downloads\\\/adac-mitglied-werden\\\/\",\"url\":\"https:\\\/\\\/msc-werlte.de\\\/index.php\\\/downloads\\\/adac-mitglied-werden\\\/\",\"name\":\"ADAC Mitglied werden - MSC H\u00fcmmling Werlte\",\"isPartOf\":{\"@id\":\"https:\\\/\\\/msc-werlte.de\\\/#website\"},\"primaryImageOfPage\":{\"@id\":\"https:\\\/\\\/msc-werlte.de\\\/index.php\\\/downloads\\\/adac-mitglied-werden\\\/#primaryimage\"},\"image\":{\"@id\":\"https:\\\/\\\/msc-werlte.de\\\/index.php\\\/downloads\\\/adac-mitglied-werden\\\/#primaryimage\"},\"thumbnailUrl\":\"https:\\\/\\\/msc-werlte.de\\\/wp-content\\\/uploads\\\/2024\\\/04\\\/Ortsclub_QF_RGB-300x125.jpg\",\"datePublished\":\"2024-04-01T08:46:17+00:00\",\"dateModified\":\"2024-04-11T18:11:58+00:00\",\"breadcrumb\":{\"@id\":\"https:\\\/\\\/msc-werlte.de\\\/index.php\\\/downloads\\\/adac-mitglied-werden\\\/#breadcrumb\"},\"inLanguage\":\"de\",\"potentialAction\":[{\"@type\":\"ReadAction\",\"target\":[\"https:\\\/\\\/msc-werlte.de\\\/index.php\\\/downloads\\\/adac-mitglied-werden\\\/\"]}]},{\"@type\":\"ImageObject\",\"inLanguage\":\"de\",\"@id\":\"https:\\\/\\\/msc-werlte.de\\\/index.php\\\/downloads\\\/adac-mitglied-werden\\\/#primaryimage\",\"url\":\"https:\\\/\\\/msc-werlte.de\\\/wp-content\\\/uploads\\\/2024\\\/04\\\/Ortsclub_QF_RGB.jpg\",\"contentUrl\":\"https:\\\/\\\/msc-werlte.de\\\/wp-content\\\/uploads\\\/2024\\\/04\\\/Ortsclub_QF_RGB.jpg\",\"width\":763,\"height\":319},{\"@type\":\"BreadcrumbList\",\"@id\":\"https:\\\/\\\/msc-werlte.de\\\/index.php\\\/downloads\\\/adac-mitglied-werden\\\/#breadcrumb\",\"itemListElement\":[{\"@type\":\"ListItem\",\"position\":1,\"name\":\"Startseite\",\"item\":\"https:\\\/\\\/msc-werlte.de\\\/\"},{\"@type\":\"ListItem\",\"position\":2,\"name\":\"Downloads\",\"item\":\"https:\\\/\\\/msc-werlte.de\\\/index.php\\\/downloads\\\/\"},{\"@type\":\"ListItem\",\"position\":3,\"name\":\"ADAC Mitglied werden\"}]},{\"@type\":\"WebSite\",\"@id\":\"https:\\\/\\\/msc-werlte.de\\\/#website\",\"url\":\"https:\\\/\\\/msc-werlte.de\\\/\",\"name\":\"MSC H\u00fcmmling Werlte\",\"description\":\"\",\"publisher\":{\"@id\":\"https:\\\/\\\/msc-werlte.de\\\/#organization\"},\"potentialAction\":[{\"@type\":\"SearchAction\",\"target\":{\"@type\":\"EntryPoint\",\"urlTemplate\":\"https:\\\/\\\/msc-werlte.de\\\/?s={search_term_string}\"},\"query-input\":{\"@type\":\"PropertyValueSpecification\",\"valueRequired\":true,\"valueName\":\"search_term_string\"}}],\"inLanguage\":\"de\"},{\"@type\":\"Organization\",\"@id\":\"https:\\\/\\\/msc-werlte.de\\\/#organization\",\"name\":\"MSC H\u00fcmmling Werlte\",\"url\":\"https:\\\/\\\/msc-werlte.de\\\/\",\"logo\":{\"@type\":\"ImageObject\",\"inLanguage\":\"de\",\"@id\":\"https:\\\/\\\/msc-werlte.de\\\/#\\\/schema\\\/logo\\\/image\\\/\",\"url\":\"https:\\\/\\\/msc-werlte.de\\\/wp-content\\\/uploads\\\/2022\\\/10\\\/MSC-Werlte_329px_Final.png\",\"contentUrl\":\"https:\\\/\\\/msc-werlte.de\\\/wp-content\\\/uploads\\\/2022\\\/10\\\/MSC-Werlte_329px_Final.png\",\"width\":329,\"height\":329,\"caption\":\"MSC H\u00fcmmling Werlte\"},\"image\":{\"@id\":\"https:\\\/\\\/msc-werlte.de\\\/#\\\/schema\\\/logo\\\/image\\\/\"},\"sameAs\":[\"https:\\\/\\\/www.facebook.com\\\/MscHummlingWerlteEvImAdac\"]}]}<\/script>\n<!-- \/ Yoast SEO plugin. -->","yoast_head_json":{"title":"ADAC Mitglied werden - MSC H\u00fcmmling Werlte","robots":{"index":"index","follow":"follow","max-snippet":"max-snippet:-1","max-image-preview":"max-image-preview:large","max-video-preview":"max-video-preview:-1"},"canonical":"https:\/\/msc-werlte.de\/index.php\/downloads\/adac-mitglied-werden\/","og_locale":"de_DE","og_type":"article","og_title":"ADAC Mitglied werden - MSC H\u00fcmmling Werlte","og_description":"Du bist noch kein ADAC Mitglied, m\u00f6chtest es aber zuk\u00fcnftig werden? Unter folgendem Link erh\u00e4ltst du alle wichtigen Informationen \u00fcber die verschiedenen Mitgliedschaften. Au\u00dferdem erh\u00e4ltst du einen \u00dcberblick \u00fcber die optimalen Tarife, Vorteile und Angebote. &nbsp; Klicke hier: https:\/\/www.adac.de\/mitgliedschaft\/mitglied-werden\/?sc_camp=DE144EA1710D4A7F867118789F692CFE &nbsp; Unser Verein ist:","og_url":"https:\/\/msc-werlte.de\/index.php\/downloads\/adac-mitglied-werden\/","og_site_name":"MSC H\u00fcmmling Werlte","article_publisher":"https:\/\/www.facebook.com\/MscHummlingWerlteEvImAdac","article_modified_time":"2024-04-11T18:11:58+00:00","og_image":[{"url":"https:\/\/msc-werlte.de\/wp-content\/uploads\/2024\/04\/Ortsclub_QF_RGB-300x125.jpg","type":"","width":"","height":""}],"twitter_card":"summary_large_image","twitter_misc":{"Gesch\u00e4tzte Lesezeit":"1\u00a0Minute"},"schema":{"@context":"https:\/\/schema.org","@graph":[{"@type":"WebPage","@id":"https:\/\/msc-werlte.de\/index.php\/downloads\/adac-mitglied-werden\/","url":"https:\/\/msc-werlte.de\/index.php\/downloads\/adac-mitglied-werden\/","name":"ADAC Mitglied werden - MSC H\u00fcmmling Werlte","isPartOf":{"@id":"https:\/\/msc-werlte.de\/#website"},"primaryImageOfPage":{"@id":"https:\/\/msc-werlte.de\/index.php\/downloads\/adac-mitglied-werden\/#primaryimage"},"image":{"@id":"https:\/\/msc-werlte.de\/index.php\/downloads\/adac-mitglied-werden\/#primaryimage"},"thumbnailUrl":"https:\/\/msc-werlte.de\/wp-content\/uploads\/2024\/04\/Ortsclub_QF_RGB-300x125.jpg","datePublished":"2024-04-01T08:46:17+00:00","dateModified":"2024-04-11T18:11:58+00:00","breadcrumb":{"@id":"https:\/\/msc-werlte.de\/index.php\/downloads\/adac-mitglied-werden\/#breadcrumb"},"inLanguage":"de","potentialAction":[{"@type":"ReadAction","target":["https:\/\/msc-werlte.de\/index.php\/downloads\/adac-mitglied-werden\/"]}]},{"@type":"ImageObject","inLanguage":"de","@id":"https:\/\/msc-werlte.de\/index.php\/downloads\/adac-mitglied-werden\/#primaryimage","url":"https:\/\/msc-werlte.de\/wp-content\/uploads\/2024\/04\/Ortsclub_QF_RGB.jpg","contentUrl":"https:\/\/msc-werlte.de\/wp-content\/uploads\/2024\/04\/Ortsclub_QF_RGB.jpg","width":763,"height":319},{"@type":"BreadcrumbList","@id":"https:\/\/msc-werlte.de\/index.php\/downloads\/adac-mitglied-werden\/#breadcrumb","itemListElement":[{"@type":"ListItem","position":1,"name":"Startseite","item":"https:\/\/msc-werlte.de\/"},{"@type":"ListItem","position":2,"name":"Downloads","item":"https:\/\/msc-werlte.de\/index.php\/downloads\/"},{"@type":"ListItem","position":3,"name":"ADAC Mitglied werden"}]},{"@type":"WebSite","@id":"https:\/\/msc-werlte.de\/#website","url":"https:\/\/msc-werlte.de\/","name":"MSC H\u00fcmmling Werlte","description":"","publisher":{"@id":"https:\/\/msc-werlte.de\/#organization"},"potentialAction":[{"@type":"SearchAction","target":{"@type":"EntryPoint","urlTemplate":"https:\/\/msc-werlte.de\/?s={search_term_string}"},"query-input":{"@type":"PropertyValueSpecification","valueRequired":true,"valueName":"search_term_string"}}],"inLanguage":"de"},{"@type":"Organization","@id":"https:\/\/msc-werlte.de\/#organization","name":"MSC H\u00fcmmling Werlte","url":"https:\/\/msc-werlte.de\/","logo":{"@type":"ImageObject","inLanguage":"de","@id":"https:\/\/msc-werlte.de\/#\/schema\/logo\/image\/","url":"https:\/\/msc-werlte.de\/wp-content\/uploads\/2022\/10\/MSC-Werlte_329px_Final.png","contentUrl":"https:\/\/msc-werlte.de\/wp-content\/uploads\/2022\/10\/MSC-Werlte_329px_Final.png","width":329,"height":329,"caption":"MSC H\u00fcmmling Werlte"},"image":{"@id":"https:\/\/msc-werlte.de\/#\/schema\/logo\/image\/"},"sameAs":["https:\/\/www.facebook.com\/MscHummlingWerlteEvImAdac"]}]}},"_links":{"self":[{"href":"https:\/\/msc-werlte.de\/index.php\/wp-json\/wp\/v2\/pages\/173","targetHints":{"allow":["GET"]}}],"collection":[{"href":"https:\/\/msc-werlte.de\/index.php\/wp-json\/wp\/v2\/pages"}],"about":[{"href":"https:\/\/msc-werlte.de\/index.php\/wp-json\/wp\/v2\/types\/page"}],"author":[{"embeddable":true,"href":"https:\/\/msc-werlte.de\/index.php\/wp-json\/wp\/v2\/users\/1"}],"replies":[{"embeddable":true,"href":"https:\/\/msc-werlte.de\/index.php\/wp-json\/wp\/v2\/comments?post=173"}],"version-history":[{"count":0,"href":"https:\/\/msc-werlte.de\/index.php\/wp-json\/wp\/v2\/pages\/173\/revisions"}],"up":[{"embeddable":true,"href":"https:\/\/msc-werlte.de\/index.php\/wp-json\/wp\/v2\/pages\/161"}],"wp:attachment":[{"href":"https:\/\/msc-werlte.de\/index.php\/wp-json\/wp\/v2\/media?parent=173"}],"curies":[{"name":"wp","href":"https:\/\/api.w.org\/{rel}","templated":true}]}}