{"id":167,"date":"2024-04-01T10:44:48","date_gmt":"2024-04-01T08:44:48","guid":{"rendered":"https:\/\/msc-werlte.de\/?page_id=167"},"modified":"2025-01-03T13:11:41","modified_gmt":"2025-01-03T12:11:41","slug":"msc-presseakkreditierung","status":"publish","type":"page","link":"https:\/\/msc-werlte.de\/index.php\/downloads\/msc-presseakkreditierung\/","title":{"rendered":"MSC Presseakkreditierung"},"content":{"rendered":"<p class=\"text-danger\"><strong class=\"text-danger\">Liebe Fotografen, bitte beachten!<br \/>\n<\/strong><\/p>\n<p>Mit dem untenstehenden Formular ist es m\u00f6glich, eine Akkreditierung f\u00fcr die verschiedenen Veranstaltungen zu beantragen. F\u00fcllen Sie das Formular vollst\u00e4ndig und wahrheitsgem\u00e4\u00df aus.<\/p>\n<p>Nach Eingang der Akkreditierung werden die offiziellen Best\u00e4tigungen zeitnah per E-Mail mitgeteilt. Abgelehnte Akkreditierungen werden ebenso via Mail mitgeteilt.<\/p>\n<p>Akkreditierungen werden nur in Verbindung mit einem aktuellen Presseausweis oder einer nachgewiesenen Eignung f\u00fcr den als Motorsportfotograf-Bahnsport gew\u00e4hrt.<\/p>\n<p><strong>G\u00fcltige Presseausweise sind der FIM-Ausweis oder der nationale Presseausweis.<\/strong><\/p>\n<p>Zutritt zum Innenfeld haben nur erfahrene Motorsportfotografen. Es sind maximal vier Fotografen bei dem Rennen im Innenfeld erlaubt. Die Verteilung der Pressewesten erfolgt am Renntag vor Ort. Notwendige Einteilungen f\u00fcr das Innenfeld, werden ebenso am Renntag vor Ort besprochen.<\/p>\n<div class=\"forminator-ui forminator-custom-form forminator-custom-form-511 forminator-design--default  forminator_ajax\" data-forminator-render=\"0\" data-form=\"forminator-module-511\" data-uid=\"69f53c15bfc4b\"><br\/><\/div><form\n\t\t\t\tid=\"forminator-module-511\"\n\t\t\t\tclass=\"forminator-ui forminator-custom-form forminator-custom-form-511 forminator-design--default  forminator_ajax\"\n\t\t\t\tmethod=\"post\"\n\t\t\t\tdata-forminator-render=\"0\"\n\t\t\t\tdata-form-id=\"511\"\n\t\t\t\tenctype=\"multipart\/form-data\" data-color-option=\"default\" data-design=\"default\" data-grid=\"open\" style=\"display: none;\"\n\t\t\t\tdata-uid=\"69f53c15bfc4b\"\n\t\t\t><div role=\"alert\" aria-live=\"polite\" class=\"forminator-response-message forminator-error\" aria-hidden=\"true\"><\/div><div class=\"forminator-row\"><div id=\"name-1\" class=\"forminator-field-name forminator-col forminator-col-6 \"><div class=\"forminator-field\"><label for=\"forminator-field-name-1_69f53c15bfc4b\" id=\"forminator-field-name-1_69f53c15bfc4b-label\" class=\"forminator-label\">Vorname <span class=\"forminator-required\">*<\/span><\/label><input type=\"text\" name=\"name-1\" value=\"\" placeholder=\"z. B. Max\" id=\"forminator-field-name-1_69f53c15bfc4b\" class=\"forminator-input forminator-name--field\" aria-required=\"true\" autocomplete=\"name\" \/><\/div><\/div><div id=\"name-2\" class=\"forminator-field-name forminator-col forminator-col-6 \"><div class=\"forminator-field\"><label for=\"forminator-field-name-2_69f53c15bfc4b\" id=\"forminator-field-name-2_69f53c15bfc4b-label\" class=\"forminator-label\">Nachname <span class=\"forminator-required\">*<\/span><\/label><input type=\"text\" name=\"name-2\" value=\"\" placeholder=\"z.B. Mustermann\" id=\"forminator-field-name-2_69f53c15bfc4b\" class=\"forminator-input forminator-name--field\" aria-required=\"true\" autocomplete=\"name\" \/><\/div><\/div><\/div><div class=\"forminator-row\"><div id=\"email-1\" class=\"forminator-field-email forminator-col forminator-col-12 \"><div class=\"forminator-field\"><label for=\"forminator-field-email-1_69f53c15bfc4b\" id=\"forminator-field-email-1_69f53c15bfc4b-label\" class=\"forminator-label\">E-Mail-Adresse <span class=\"forminator-required\">*<\/span><\/label><input type=\"email\" name=\"email-1\" value=\"\" placeholder=\"z. B. max@mustermann.de\" id=\"forminator-field-email-1_69f53c15bfc4b\" class=\"forminator-input forminator-email--field\" data-required=\"true\" aria-required=\"true\" autocomplete=\"email\" \/><\/div><\/div><\/div><div class=\"forminator-row\"><div id=\"checkbox-1\" class=\"forminator-field-checkbox forminator-col forminator-col-12 \"><div role=\"group\" class=\"forminator-field required\" aria-labelledby=\"forminator-checkbox-group-forminator-field-checkbox-1-69f53c15bfc4b-label\"><span id=\"forminator-checkbox-group-forminator-field-checkbox-1-69f53c15bfc4b-label\" class=\"forminator-label\">F\u00fcr welche T\u00e4tigkeit m\u00f6chten Sie akkreditiert werden? <span class=\"forminator-required\">*<\/span><\/span><label id=\"forminator-field-checkbox-1-1-69f53c15bfc4b-label\" for=\"forminator-field-checkbox-1-1-69f53c15bfc4b\" class=\"forminator-checkbox forminator-checkbox-inline\" title=\"Zeitung\"><input type=\"checkbox\" name=\"checkbox-1[]\" value=\"one\" id=\"forminator-field-checkbox-1-1-69f53c15bfc4b\" aria-labelledby=\"forminator-field-checkbox-1-1-69f53c15bfc4b-label\" data-calculation=\"0\"   data-hidden-behavior=\"zero\"\/><span class=\"forminator-checkbox-box\" aria-hidden=\"true\"><\/span><span class=\"forminator-checkbox-label\">Zeitung<\/span><\/label><label id=\"forminator-field-checkbox-1-2-69f53c15bfc4b-label\" for=\"forminator-field-checkbox-1-2-69f53c15bfc4b\" class=\"forminator-checkbox forminator-checkbox-inline\" title=\"Fotograf\"><input type=\"checkbox\" name=\"checkbox-1[]\" value=\"two\" id=\"forminator-field-checkbox-1-2-69f53c15bfc4b\" aria-labelledby=\"forminator-field-checkbox-1-2-69f53c15bfc4b-label\" data-calculation=\"0\"   data-hidden-behavior=\"zero\"\/><span class=\"forminator-checkbox-box\" aria-hidden=\"true\"><\/span><span class=\"forminator-checkbox-label\">Fotograf<\/span><\/label><label id=\"forminator-field-checkbox-1-3-69f53c15bfc4b-label\" for=\"forminator-field-checkbox-1-3-69f53c15bfc4b\" class=\"forminator-checkbox forminator-checkbox-inline\" title=\"Digitale Medien\"><input type=\"checkbox\" name=\"checkbox-1[]\" value=\"Digitale-Medien\" id=\"forminator-field-checkbox-1-3-69f53c15bfc4b\" aria-labelledby=\"forminator-field-checkbox-1-3-69f53c15bfc4b-label\" data-calculation=\"0\"   data-hidden-behavior=\"zero\"\/><span class=\"forminator-checkbox-box\" aria-hidden=\"true\"><\/span><span class=\"forminator-checkbox-label\">Digitale Medien<\/span><\/label><label id=\"forminator-field-checkbox-1-4-69f53c15bfc4b-label\" for=\"forminator-field-checkbox-1-4-69f53c15bfc4b\" class=\"forminator-checkbox forminator-checkbox-inline\" title=\"Video\"><input type=\"checkbox\" name=\"checkbox-1[]\" value=\"Video\" id=\"forminator-field-checkbox-1-4-69f53c15bfc4b\" aria-labelledby=\"forminator-field-checkbox-1-4-69f53c15bfc4b-label\" data-calculation=\"0\"   data-hidden-behavior=\"zero\"\/><span class=\"forminator-checkbox-box\" aria-hidden=\"true\"><\/span><span class=\"forminator-checkbox-label\">Video<\/span><\/label><label id=\"forminator-field-checkbox-1-5-69f53c15bfc4b-label\" for=\"forminator-field-checkbox-1-5-69f53c15bfc4b\" class=\"forminator-checkbox forminator-checkbox-inline\" title=\"Sonstiges\"><input type=\"checkbox\" name=\"checkbox-1[]\" value=\"Sonstiges\" id=\"forminator-field-checkbox-1-5-69f53c15bfc4b\" aria-labelledby=\"forminator-field-checkbox-1-5-69f53c15bfc4b-label\" data-calculation=\"0\"   data-hidden-behavior=\"zero\"\/><span class=\"forminator-checkbox-box\" aria-hidden=\"true\"><\/span><span class=\"forminator-checkbox-label\">Sonstiges<\/span><\/label><\/div><\/div><\/div><div class=\"forminator-row\"><div id=\"text-1\" class=\"forminator-field-text forminator-col forminator-col-12 \"><div class=\"forminator-field\"><label for=\"forminator-field-text-1_69f53c15bfc4b\" id=\"forminator-field-text-1_69f53c15bfc4b-label\" class=\"forminator-label\">Name der Redaktion \/ Medium: <span class=\"forminator-required\">*<\/span><\/label><input type=\"text\" name=\"text-1\" value=\"\" placeholder=\"\" id=\"forminator-field-text-1_69f53c15bfc4b\" class=\"forminator-input forminator-name--field\" data-required=\"1\" \/><\/div><\/div><\/div><div class=\"forminator-row\"><div id=\"text-2\" class=\"forminator-field-text forminator-col forminator-col-12 \"><div class=\"forminator-field\"><label for=\"forminator-field-text-2_69f53c15bfc4b\" id=\"forminator-field-text-2_69f53c15bfc4b-label\" class=\"forminator-label\">Presseausweises (Nummer ):<\/label><input type=\"text\" name=\"text-2\" value=\"\" placeholder=\"\" id=\"forminator-field-text-2_69f53c15bfc4b\" class=\"forminator-input forminator-name--field\" data-required=\"\" \/><\/div><\/div><\/div><div class=\"forminator-row\"><div id=\"checkbox-2\" class=\"forminator-field-checkbox forminator-col forminator-col-12 \"><div role=\"group\" class=\"forminator-field required\" aria-labelledby=\"forminator-checkbox-group-forminator-field-checkbox-2-69f53c15bfc4b-label\"><span id=\"forminator-checkbox-group-forminator-field-checkbox-2-69f53c15bfc4b-label\" class=\"forminator-label\">F\u00fcr welches Rennen \/ Veranstaltung m\u00f6chten Sie akkreditiert werden ? <span class=\"forminator-required\">*<\/span><\/span><label id=\"forminator-field-checkbox-2-1-69f53c15bfc4b-label\" for=\"forminator-field-checkbox-2-1-69f53c15bfc4b\" class=\"forminator-checkbox forminator-checkbox-inline\" title=\"Flutlicht-Grasbahnrennen\"><input type=\"checkbox\" name=\"checkbox-2[]\" value=\"one\" id=\"forminator-field-checkbox-2-1-69f53c15bfc4b\" aria-labelledby=\"forminator-field-checkbox-2-1-69f53c15bfc4b-label\" data-calculation=\"0\"   data-hidden-behavior=\"zero\"\/><span class=\"forminator-checkbox-box\" aria-hidden=\"true\"><\/span><span class=\"forminator-checkbox-label\">Flutlicht-Grasbahnrennen<\/span><\/label><label id=\"forminator-field-checkbox-2-2-69f53c15bfc4b-label\" for=\"forminator-field-checkbox-2-2-69f53c15bfc4b\" class=\"forminator-checkbox forminator-checkbox-inline\" title=\"ADAC Weser-Ems Bahnsport Nachwuchs Cup\"><input type=\"checkbox\" name=\"checkbox-2[]\" value=\"two\" id=\"forminator-field-checkbox-2-2-69f53c15bfc4b\" aria-labelledby=\"forminator-field-checkbox-2-2-69f53c15bfc4b-label\" data-calculation=\"0\"   data-hidden-behavior=\"zero\"\/><span class=\"forminator-checkbox-box\" aria-hidden=\"true\"><\/span><span class=\"forminator-checkbox-label\">ADAC Weser-Ems Bahnsport Nachwuchs Cup<\/span><\/label><label id=\"forminator-field-checkbox-2-3-69f53c15bfc4b-label\" for=\"forminator-field-checkbox-2-3-69f53c15bfc4b\" class=\"forminator-checkbox forminator-checkbox-inline\" title=\"Andere Veranstaltung\"><input type=\"checkbox\" name=\"checkbox-2[]\" value=\"Andere-Veranstaltung\" id=\"forminator-field-checkbox-2-3-69f53c15bfc4b\" aria-labelledby=\"forminator-field-checkbox-2-3-69f53c15bfc4b-label\" data-calculation=\"0\"   data-hidden-behavior=\"zero\"\/><span class=\"forminator-checkbox-box\" aria-hidden=\"true\"><\/span><span class=\"forminator-checkbox-label\">Andere Veranstaltung<\/span><\/label><\/div><\/div><\/div><div class=\"forminator-row\"><div id=\"text-3\" class=\"forminator-field-text forminator-col forminator-col-12 \"><div class=\"forminator-field\"><label for=\"forminator-field-text-3_69f53c15bfc4b\" id=\"forminator-field-text-3_69f53c15bfc4b-label\" class=\"forminator-label\">Veranstaltung<\/label><input type=\"text\" name=\"text-3\" value=\"\" placeholder=\"Veranstaltung eintragen\" id=\"forminator-field-text-3_69f53c15bfc4b\" class=\"forminator-input forminator-name--field\" data-required=\"\" \/><\/div><\/div><\/div><div class=\"forminator-row\"><div id=\"upload-1\" class=\"forminator-field-upload forminator-col forminator-col-12 \"><div class=\"forminator-field\"><label for=\"forminator-field-upload-1_69f53c15bfc4b\" id=\"forminator-field-upload-1_69f53c15bfc4b-label\" class=\"forminator-label\">Hier k\u00f6nnen Sie die ausgef\u00fcllte DMSB Medienberichterstatter \u2013 Erkl\u00e4rung schon hochladen. (max. 8 MB)<\/label><div class=\"forminator-file-upload \" data-element=\"upload-1_69f53c15bfc4b\"><input type=\"file\" name=\"upload-1\" id=\"forminator-field-upload-1_69f53c15bfc4b\" class=\"forminator-input-file\" accept=\".class,.doc,.xcf,.psd,.onetoc,.onetmp,.onepkg,.onetoc2,.oxps,.pdf,.rtf,.key,.numbers,.pages,.mdb,.xlt,.xla,.xlw,.xls,.xlam,.xlsb,.xlsm,.xltm,.ppt,.pot,.pps,.ppam,.pptm,.sldm,.ppsm,.potm,.mpp,.docm,.dotm,.wri,.xps,.odc,.odb,.odf,.odg,.odp,.ods,.odt,.pptx,.sldx,.ppsx,.potx,.xlsx,.xltx,.docx,.dotx,.wpd,.wp,.7z,.gzip,.gz,.tar,.zip,.aac,.flac,.midi,.mid,.mp3,.m4a,.m4b,.oga,.ogg,.wav,.mka,.wax,.wma,.ram,.ra,.avif,.bmp,.gif,.heic,.jpg,.jpeg,.jpe,.png,.tif,.tiff,.webp,.ico,.ics,.csv,.h,.cc,.c,.txt,.asc,.srt,.rtx,.tsv,.vtt,.3gpp,.3gp,.3g2,.3gp2,.avi,.divx,.m4v,.mp4,.mpe,.mpeg,.mpg,.ogv,.qt,.mov,.webm,.flv,.mkv,.asx,.asf,.wm,.wmv,.wmx\" tabindex=\"-1\"><button id=\"forminator-field-upload-1_69f53c15bfc4b_button\" class=\"forminator-button forminator-button-upload\" data-id=\"forminator-field-upload-1_69f53c15bfc4b\">Datei ausw\u00e4hlen<\/button><span data-empty-text=\"Keine Datei ausgew\u00e4hlt\">Keine Datei ausgew\u00e4hlt<\/span><button class=\"forminator-button-delete\" style=\"display: none;\"><i class=\"forminator-icon-close\" aria-hidden=\"true\"><\/i><span class=\"forminator-screen-reader-only\">Hochgeladene Datei l\u00f6schen<\/span><\/button><\/div><\/div><\/div><\/div><div class=\"forminator-row\"><div id=\"textarea-1\" class=\"forminator-field-textarea forminator-col forminator-col-12 \"><div class=\"forminator-field\"><label for=\"forminator-field-textarea-1_69f53c15bfc4b\" id=\"forminator-field-textarea-1_69f53c15bfc4b-label\" class=\"forminator-label\">Nachricht oder Hinweis:<\/label><textarea name=\"textarea-1\" placeholder=\"Falls notwendig, kann hier eine Nachricht \/ Hinweis \/ Info hinterlassen werden.\" id=\"forminator-field-textarea-1_69f53c15bfc4b\" class=\"forminator-textarea\" rows=\"6\" style=\"--forminator-textarea-min-height:140px;\" maxlength=\"250\" ><\/textarea><span id=\"forminator-field-textarea-1_69f53c15bfc4b-description\" class=\"forminator-description\"><span data-limit=\"250\" data-type=\"characters\" data-editor=\"\">0 \/ 250<\/span><\/span><\/div><\/div><\/div><div class=\"forminator-row\"><div id=\"captcha-1\" class=\"forminator-field-captcha forminator-col forminator-col-12 \"><div class=\"forminator-captcha-left forminator-g-recaptcha\" data-theme=\"light\"  data-sitekey=\"6Les47gpAAAAAAWFr-omS0jCK4VJWuSY7P-pusjB\" data-size=\"normal\"><\/div> <\/div><\/div><input type=\"hidden\" name=\"referer_url\" value=\"\" \/><div class=\"forminator-row forminator-row-last\"><div class=\"forminator-col\"><div class=\"forminator-field\"><button class=\"forminator-button forminator-button-submit\">Antrag auf Presse-Akkreditierung einreichen.....<\/button><\/div><\/div><\/div><input type=\"hidden\" id=\"forminator_nonce\" name=\"forminator_nonce\" value=\"bf1a11c1fa\" \/><input type=\"hidden\" name=\"_wp_http_referer\" value=\"\/index.php\/wp-json\/wp\/v2\/pages\/167\" \/><input type=\"hidden\" name=\"form_id\" value=\"511\"><input type=\"hidden\" name=\"page_id\" value=\"167\"><input type=\"hidden\" name=\"form_type\" value=\"default\"><input type=\"hidden\" name=\"current_url\" value=\"https:\/\/msc-werlte.de\/index.php\/downloads\/msc-presseakkreditierung\/\"><input type=\"hidden\" name=\"render_id\" value=\"0\"><input type=\"hidden\" name=\"action\" value=\"forminator_submit_form_custom-forms\"><\/form>\n<div class=\"shariff\" data-services=\"facebook\" data-url=\"https:\/\/msc-werlte.de\/index.php\/downloads\/msc-presseakkreditierung\/\" data-timestamp=\"1735909901\" data-backendurl=\"https:\/\/msc-werlte.de\/wp-json\/shariff\/v1\/share_counts?\"><ul class=\"shariff-buttons theme-default orientation-horizontal buttonsize-medium\"><li class=\"shariff-button facebook shariff-nocustomcolor\" style=\"background-color:#4273c8\"><a href=\"https:\/\/www.facebook.com\/sharer\/sharer.php?u=https%3A%2F%2Fmsc-werlte.de%2Findex.php%2Fdownloads%2Fmsc-presseakkreditierung%2F\" title=\"Bei Facebook teilen\" aria-label=\"Bei Facebook teilen\" role=\"button\" rel=\"nofollow\" class=\"shariff-link\" style=\"; background-color:#3b5998; color:#fff\" target=\"_blank\"><span class=\"shariff-icon\" style=\"\"><svg width=\"32px\" height=\"20px\" xmlns=\"http:\/\/www.w3.org\/2000\/svg\" viewBox=\"0 0 18 32\"><path fill=\"#3b5998\" d=\"M17.1 0.2v4.7h-2.8q-1.5 0-2.1 0.6t-0.5 1.9v3.4h5.2l-0.7 5.3h-4.5v13.6h-5.5v-13.6h-4.5v-5.3h4.5v-3.9q0-3.3 1.9-5.2t5-1.8q2.6 0 4.1 0.2z\"\/><\/svg><\/span><span class=\"shariff-text\">teilen<\/span>&nbsp;<span data-service=\"facebook\" style=\"color:#3b5998\" class=\"shariff-count shariff-hidezero\"><\/span>&nbsp;<\/a><\/li><\/ul><\/div>","protected":false},"excerpt":{"rendered":"<p>Liebe Fotografen, bitte beachten! Mit dem untenstehenden Formular ist es m\u00f6glich, eine Akkreditierung f\u00fcr die verschiedenen Veranstaltungen zu beantragen. F\u00fcllen Sie das Formular vollst\u00e4ndig und wahrheitsgem\u00e4\u00df aus. Nach Eingang der Akkreditierung werden die offiziellen Best\u00e4tigungen zeitnah per E-Mail mitgeteilt. Abgelehnte Akkreditierungen werden ebenso via Mail mitgeteilt. Akkreditierungen werden nur in Verbindung mit einem aktuellen Presseausweis oder einer nachgewiesenen Eignung f\u00fcr [&hellip;]<\/p>\n","protected":false},"author":1,"featured_media":0,"parent":161,"menu_order":0,"comment_status":"closed","ping_status":"closed","template":"","meta":{"footnotes":""},"class_list":["post-167","page","type-page","status-publish","hentry"],"yoast_head":"<!-- This site is optimized with the Yoast SEO plugin v27.5 - https:\/\/yoast.com\/product\/yoast-seo-wordpress\/ -->\n<title>MSC Presseakkreditierung - MSC H\u00fcmmling Werlte<\/title>\n<meta name=\"robots\" content=\"index, follow, max-snippet:-1, max-image-preview:large, max-video-preview:-1\" \/>\n<link rel=\"canonical\" href=\"https:\/\/msc-werlte.de\/index.php\/downloads\/msc-presseakkreditierung\/\" \/>\n<meta property=\"og:locale\" content=\"de_DE\" \/>\n<meta property=\"og:type\" content=\"article\" \/>\n<meta property=\"og:title\" content=\"MSC Presseakkreditierung - MSC H\u00fcmmling Werlte\" \/>\n<meta property=\"og:description\" content=\"Liebe Fotografen, bitte beachten! Mit dem untenstehenden Formular ist es m\u00f6glich, eine Akkreditierung f\u00fcr die verschiedenen Veranstaltungen zu beantragen. F\u00fcllen Sie das Formular vollst\u00e4ndig und wahrheitsgem\u00e4\u00df aus. Nach Eingang der Akkreditierung werden die offiziellen Best\u00e4tigungen zeitnah per E-Mail mitgeteilt. Abgelehnte Akkreditierungen werden ebenso via Mail mitgeteilt. Akkreditierungen werden nur in Verbindung mit einem aktuellen Presseausweis oder einer nachgewiesenen Eignung f\u00fcr [&hellip;]\" \/>\n<meta property=\"og:url\" content=\"https:\/\/msc-werlte.de\/index.php\/downloads\/msc-presseakkreditierung\/\" \/>\n<meta property=\"og:site_name\" content=\"MSC H\u00fcmmling Werlte\" \/>\n<meta property=\"article:publisher\" content=\"https:\/\/www.facebook.com\/MscHummlingWerlteEvImAdac\" \/>\n<meta property=\"article:modified_time\" content=\"2025-01-03T12:11:41+00:00\" \/>\n<meta name=\"twitter:card\" content=\"summary_large_image\" \/>\n<meta name=\"twitter:label1\" content=\"Gesch\u00e4tzte Lesezeit\" \/>\n\t<meta name=\"twitter:data1\" content=\"1\u00a0Minute\" \/>\n<script type=\"application\/ld+json\" class=\"yoast-schema-graph\">{\"@context\":\"https:\\\/\\\/schema.org\",\"@graph\":[{\"@type\":\"WebPage\",\"@id\":\"https:\\\/\\\/msc-werlte.de\\\/index.php\\\/downloads\\\/msc-presseakkreditierung\\\/\",\"url\":\"https:\\\/\\\/msc-werlte.de\\\/index.php\\\/downloads\\\/msc-presseakkreditierung\\\/\",\"name\":\"MSC Presseakkreditierung - MSC H\u00fcmmling Werlte\",\"isPartOf\":{\"@id\":\"https:\\\/\\\/msc-werlte.de\\\/#website\"},\"datePublished\":\"2024-04-01T08:44:48+00:00\",\"dateModified\":\"2025-01-03T12:11:41+00:00\",\"breadcrumb\":{\"@id\":\"https:\\\/\\\/msc-werlte.de\\\/index.php\\\/downloads\\\/msc-presseakkreditierung\\\/#breadcrumb\"},\"inLanguage\":\"de\",\"potentialAction\":[{\"@type\":\"ReadAction\",\"target\":[\"https:\\\/\\\/msc-werlte.de\\\/index.php\\\/downloads\\\/msc-presseakkreditierung\\\/\"]}]},{\"@type\":\"BreadcrumbList\",\"@id\":\"https:\\\/\\\/msc-werlte.de\\\/index.php\\\/downloads\\\/msc-presseakkreditierung\\\/#breadcrumb\",\"itemListElement\":[{\"@type\":\"ListItem\",\"position\":1,\"name\":\"Startseite\",\"item\":\"https:\\\/\\\/msc-werlte.de\\\/\"},{\"@type\":\"ListItem\",\"position\":2,\"name\":\"Downloads\",\"item\":\"https:\\\/\\\/msc-werlte.de\\\/index.php\\\/downloads\\\/\"},{\"@type\":\"ListItem\",\"position\":3,\"name\":\"MSC Presseakkreditierung\"}]},{\"@type\":\"WebSite\",\"@id\":\"https:\\\/\\\/msc-werlte.de\\\/#website\",\"url\":\"https:\\\/\\\/msc-werlte.de\\\/\",\"name\":\"MSC H\u00fcmmling Werlte\",\"description\":\"\",\"publisher\":{\"@id\":\"https:\\\/\\\/msc-werlte.de\\\/#organization\"},\"potentialAction\":[{\"@type\":\"SearchAction\",\"target\":{\"@type\":\"EntryPoint\",\"urlTemplate\":\"https:\\\/\\\/msc-werlte.de\\\/?s={search_term_string}\"},\"query-input\":{\"@type\":\"PropertyValueSpecification\",\"valueRequired\":true,\"valueName\":\"search_term_string\"}}],\"inLanguage\":\"de\"},{\"@type\":\"Organization\",\"@id\":\"https:\\\/\\\/msc-werlte.de\\\/#organization\",\"name\":\"MSC H\u00fcmmling Werlte\",\"url\":\"https:\\\/\\\/msc-werlte.de\\\/\",\"logo\":{\"@type\":\"ImageObject\",\"inLanguage\":\"de\",\"@id\":\"https:\\\/\\\/msc-werlte.de\\\/#\\\/schema\\\/logo\\\/image\\\/\",\"url\":\"https:\\\/\\\/msc-werlte.de\\\/wp-content\\\/uploads\\\/2022\\\/10\\\/MSC-Werlte_329px_Final.png\",\"contentUrl\":\"https:\\\/\\\/msc-werlte.de\\\/wp-content\\\/uploads\\\/2022\\\/10\\\/MSC-Werlte_329px_Final.png\",\"width\":329,\"height\":329,\"caption\":\"MSC H\u00fcmmling Werlte\"},\"image\":{\"@id\":\"https:\\\/\\\/msc-werlte.de\\\/#\\\/schema\\\/logo\\\/image\\\/\"},\"sameAs\":[\"https:\\\/\\\/www.facebook.com\\\/MscHummlingWerlteEvImAdac\"]}]}<\/script>\n<!-- \/ Yoast SEO plugin. -->","yoast_head_json":{"title":"MSC Presseakkreditierung - MSC H\u00fcmmling Werlte","robots":{"index":"index","follow":"follow","max-snippet":"max-snippet:-1","max-image-preview":"max-image-preview:large","max-video-preview":"max-video-preview:-1"},"canonical":"https:\/\/msc-werlte.de\/index.php\/downloads\/msc-presseakkreditierung\/","og_locale":"de_DE","og_type":"article","og_title":"MSC Presseakkreditierung - MSC H\u00fcmmling Werlte","og_description":"Liebe Fotografen, bitte beachten! Mit dem untenstehenden Formular ist es m\u00f6glich, eine Akkreditierung f\u00fcr die verschiedenen Veranstaltungen zu beantragen. F\u00fcllen Sie das Formular vollst\u00e4ndig und wahrheitsgem\u00e4\u00df aus. Nach Eingang der Akkreditierung werden die offiziellen Best\u00e4tigungen zeitnah per E-Mail mitgeteilt. Abgelehnte Akkreditierungen werden ebenso via Mail mitgeteilt. Akkreditierungen werden nur in Verbindung mit einem aktuellen Presseausweis oder einer nachgewiesenen Eignung f\u00fcr [&hellip;]","og_url":"https:\/\/msc-werlte.de\/index.php\/downloads\/msc-presseakkreditierung\/","og_site_name":"MSC H\u00fcmmling Werlte","article_publisher":"https:\/\/www.facebook.com\/MscHummlingWerlteEvImAdac","article_modified_time":"2025-01-03T12:11:41+00:00","twitter_card":"summary_large_image","twitter_misc":{"Gesch\u00e4tzte Lesezeit":"1\u00a0Minute"},"schema":{"@context":"https:\/\/schema.org","@graph":[{"@type":"WebPage","@id":"https:\/\/msc-werlte.de\/index.php\/downloads\/msc-presseakkreditierung\/","url":"https:\/\/msc-werlte.de\/index.php\/downloads\/msc-presseakkreditierung\/","name":"MSC Presseakkreditierung - MSC H\u00fcmmling Werlte","isPartOf":{"@id":"https:\/\/msc-werlte.de\/#website"},"datePublished":"2024-04-01T08:44:48+00:00","dateModified":"2025-01-03T12:11:41+00:00","breadcrumb":{"@id":"https:\/\/msc-werlte.de\/index.php\/downloads\/msc-presseakkreditierung\/#breadcrumb"},"inLanguage":"de","potentialAction":[{"@type":"ReadAction","target":["https:\/\/msc-werlte.de\/index.php\/downloads\/msc-presseakkreditierung\/"]}]},{"@type":"BreadcrumbList","@id":"https:\/\/msc-werlte.de\/index.php\/downloads\/msc-presseakkreditierung\/#breadcrumb","itemListElement":[{"@type":"ListItem","position":1,"name":"Startseite","item":"https:\/\/msc-werlte.de\/"},{"@type":"ListItem","position":2,"name":"Downloads","item":"https:\/\/msc-werlte.de\/index.php\/downloads\/"},{"@type":"ListItem","position":3,"name":"MSC Presseakkreditierung"}]},{"@type":"WebSite","@id":"https:\/\/msc-werlte.de\/#website","url":"https:\/\/msc-werlte.de\/","name":"MSC H\u00fcmmling Werlte","description":"","publisher":{"@id":"https:\/\/msc-werlte.de\/#organization"},"potentialAction":[{"@type":"SearchAction","target":{"@type":"EntryPoint","urlTemplate":"https:\/\/msc-werlte.de\/?s={search_term_string}"},"query-input":{"@type":"PropertyValueSpecification","valueRequired":true,"valueName":"search_term_string"}}],"inLanguage":"de"},{"@type":"Organization","@id":"https:\/\/msc-werlte.de\/#organization","name":"MSC H\u00fcmmling Werlte","url":"https:\/\/msc-werlte.de\/","logo":{"@type":"ImageObject","inLanguage":"de","@id":"https:\/\/msc-werlte.de\/#\/schema\/logo\/image\/","url":"https:\/\/msc-werlte.de\/wp-content\/uploads\/2022\/10\/MSC-Werlte_329px_Final.png","contentUrl":"https:\/\/msc-werlte.de\/wp-content\/uploads\/2022\/10\/MSC-Werlte_329px_Final.png","width":329,"height":329,"caption":"MSC H\u00fcmmling Werlte"},"image":{"@id":"https:\/\/msc-werlte.de\/#\/schema\/logo\/image\/"},"sameAs":["https:\/\/www.facebook.com\/MscHummlingWerlteEvImAdac"]}]}},"_links":{"self":[{"href":"https:\/\/msc-werlte.de\/index.php\/wp-json\/wp\/v2\/pages\/167","targetHints":{"allow":["GET"]}}],"collection":[{"href":"https:\/\/msc-werlte.de\/index.php\/wp-json\/wp\/v2\/pages"}],"about":[{"href":"https:\/\/msc-werlte.de\/index.php\/wp-json\/wp\/v2\/types\/page"}],"author":[{"embeddable":true,"href":"https:\/\/msc-werlte.de\/index.php\/wp-json\/wp\/v2\/users\/1"}],"replies":[{"embeddable":true,"href":"https:\/\/msc-werlte.de\/index.php\/wp-json\/wp\/v2\/comments?post=167"}],"version-history":[{"count":4,"href":"https:\/\/msc-werlte.de\/index.php\/wp-json\/wp\/v2\/pages\/167\/revisions"}],"predecessor-version":[{"id":994,"href":"https:\/\/msc-werlte.de\/index.php\/wp-json\/wp\/v2\/pages\/167\/revisions\/994"}],"up":[{"embeddable":true,"href":"https:\/\/msc-werlte.de\/index.php\/wp-json\/wp\/v2\/pages\/161"}],"wp:attachment":[{"href":"https:\/\/msc-werlte.de\/index.php\/wp-json\/wp\/v2\/media?parent=167"}],"curies":[{"name":"wp","href":"https:\/\/api.w.org\/{rel}","templated":true}]}}