{"id":159,"date":"2024-04-01T10:42:53","date_gmt":"2024-04-01T08:42:53","guid":{"rendered":"https:\/\/msc-werlte.de\/?page_id=159"},"modified":"2024-05-06T20:12:32","modified_gmt":"2024-05-06T18:12:32","slug":"sponsoring-moeglichkeiten","status":"publish","type":"page","link":"https:\/\/msc-werlte.de\/index.php\/sponsoren\/sponsoring-moeglichkeiten\/","title":{"rendered":"Sponsoring &#8211; M\u00f6glichkeiten"},"content":{"rendered":"<p><strong>Wenn Sie Sponsor unseres Vereins werden, stehen Ihnen folgende M\u00f6glichkeiten zur Auswahl:<\/strong><\/p>\n<ul style=\"list-style-type: disc;\">\n<li>Bandenwerbung<\/li>\n<li>Werbung in\/an der Boxengasse<\/li>\n<li>Fahnen im Stadion<\/li>\n<li>Aufstellen von Beachflags<\/li>\n<li>Werbung auf dem Siegerehrungswagen<\/li>\n<li>Werbung auf dem Plakat (national\/internationale Reichweite)<\/li>\n<li>Werbung im Programmheft<\/li>\n<li>Werbung auf den clubeigenen Fahrerwesten<\/li>\n<li>Stiftung von besonderen Ehrenpreisen und Pokalen<\/li>\n<li>Durchsagen w\u00e4hrend der Veranstaltung<\/li>\n<li>M\u00f6glichkeiten von Radio-\/Kinowerbung<\/li>\n<li>Pr\u00e4sentation des Unternehmens in \u00f6ffentlichen Medien (Homepage, Facebook)<\/li>\n<li>Anbringen von &#8222;sheets&#8220; auf den Airfences (Sicherheitsluftpolster an der Bande)<\/li>\n<li>Teilnahme eines Firmenvertreters an der Fahrervorstellung<\/li>\n<\/ul>\n<p>Haben Sie eine individuelle Idee, Ihre Firma\/Ihr Unternehmen zu pr\u00e4sentieren, sind wir gerne bereit, Ihren Vorschlag pers\u00f6nlich durchzusprechen und diesen-sofern es die M\u00f6glichkeiten im Stadion erlauben- umzusetzen.<\/p>\n<p>&nbsp;<\/p>\n<p><strong>Impressionen aus dem Stadion:<\/strong><\/p>\n\n\t\t<style type=\"text\/css\">\n\t\t\t#gallery-1 {\n\t\t\t\tmargin: auto;\n\t\t\t}\n\t\t\t#gallery-1 .gallery-item {\n\t\t\t\tfloat: left;\n\t\t\t\tmargin-top: 10px;\n\t\t\t\ttext-align: center;\n\t\t\t\twidth: 25%;\n\t\t\t}\n\t\t\t#gallery-1 img {\n\t\t\t\tborder: 2px solid #cfcfcf;\n\t\t\t}\n\t\t\t#gallery-1 .gallery-caption {\n\t\t\t\tmargin-left: 0;\n\t\t\t}\n\t\t\t\/* see gallery_shortcode() in wp-includes\/media.php *\/\n\t\t<\/style>\n\t\t<div id='gallery-1' class='gallery galleryid-159 gallery-columns-4 gallery-size-medium'><dl class='gallery-item'>\n\t\t\t<dt class='gallery-icon landscape'>\n\t\t\t\t<a href='https:\/\/msc-werlte.de\/index.php\/sponsoren\/sponsoring-moeglichkeiten\/img_3383\/'><img loading=\"lazy\" decoding=\"async\" width=\"300\" height=\"176\" src=\"https:\/\/msc-werlte.de\/wp-content\/uploads\/2024\/05\/IMG_3383-300x176.jpg\" class=\"attachment-medium size-medium\" alt=\"\" srcset=\"https:\/\/msc-werlte.de\/wp-content\/uploads\/2024\/05\/IMG_3383-300x175.jpg 300w, https:\/\/msc-werlte.de\/wp-content\/uploads\/2024\/05\/IMG_3383-600x350.jpg 600w, https:\/\/msc-werlte.de\/wp-content\/uploads\/2024\/05\/IMG_3383-480x280.jpg 480w, https:\/\/msc-werlte.de\/wp-content\/uploads\/2024\/05\/IMG_3383.jpg 640w\" sizes=\"auto, (max-width: 300px) 100vw, 300px\" \/><\/a>\n\t\t\t<\/dt><\/dl><dl class='gallery-item'>\n\t\t\t<dt class='gallery-icon landscape'>\n\t\t\t\t<a href='https:\/\/msc-werlte.de\/index.php\/sponsoren\/sponsoring-moeglichkeiten\/img_3382\/'><img loading=\"lazy\" decoding=\"async\" width=\"300\" height=\"185\" src=\"https:\/\/msc-werlte.de\/wp-content\/uploads\/2024\/05\/IMG_3382-300x185.jpg\" class=\"attachment-medium size-medium\" alt=\"\" srcset=\"https:\/\/msc-werlte.de\/wp-content\/uploads\/2024\/05\/IMG_3382-300x185.jpg 300w, https:\/\/msc-werlte.de\/wp-content\/uploads\/2024\/05\/IMG_3382.jpg 720w\" sizes=\"auto, (max-width: 300px) 100vw, 300px\" \/><\/a>\n\t\t\t<\/dt><\/dl><dl class='gallery-item'>\n\t\t\t<dt class='gallery-icon landscape'>\n\t\t\t\t<a href='https:\/\/msc-werlte.de\/index.php\/sponsoren\/sponsoring-moeglichkeiten\/img_3380\/'><img loading=\"lazy\" decoding=\"async\" width=\"300\" height=\"264\" src=\"https:\/\/msc-werlte.de\/wp-content\/uploads\/2024\/05\/IMG_3380-300x264.jpg\" class=\"attachment-medium size-medium\" alt=\"\" srcset=\"https:\/\/msc-werlte.de\/wp-content\/uploads\/2024\/05\/IMG_3380-300x264.jpg 300w, https:\/\/msc-werlte.de\/wp-content\/uploads\/2024\/05\/IMG_3380-1024x902.jpg 1024w, https:\/\/msc-werlte.de\/wp-content\/uploads\/2024\/05\/IMG_3380-768x677.jpg 768w, https:\/\/msc-werlte.de\/wp-content\/uploads\/2024\/05\/IMG_3380.jpg 1125w\" sizes=\"auto, (max-width: 300px) 100vw, 300px\" \/><\/a>\n\t\t\t<\/dt><\/dl><dl class='gallery-item'>\n\t\t\t<dt class='gallery-icon landscape'>\n\t\t\t\t<a href='https:\/\/msc-werlte.de\/index.php\/sponsoren\/sponsoring-moeglichkeiten\/img_3379\/'><img loading=\"lazy\" decoding=\"async\" width=\"300\" height=\"199\" src=\"https:\/\/msc-werlte.de\/wp-content\/uploads\/2024\/05\/IMG_3379-300x199.jpg\" class=\"attachment-medium size-medium\" alt=\"\" srcset=\"https:\/\/msc-werlte.de\/wp-content\/uploads\/2024\/05\/IMG_3379-300x199.jpg 300w, https:\/\/msc-werlte.de\/wp-content\/uploads\/2024\/05\/IMG_3379-1024x681.jpg 1024w, https:\/\/msc-werlte.de\/wp-content\/uploads\/2024\/05\/IMG_3379-768x511.jpg 768w, https:\/\/msc-werlte.de\/wp-content\/uploads\/2024\/05\/IMG_3379.jpg 1125w\" sizes=\"auto, (max-width: 300px) 100vw, 300px\" \/><\/a>\n\t\t\t<\/dt><\/dl><br style=\"clear: both\" \/><dl class='gallery-item'>\n\t\t\t<dt class='gallery-icon landscape'>\n\t\t\t\t<a href='https:\/\/msc-werlte.de\/index.php\/sponsoren\/sponsoring-moeglichkeiten\/img_3378\/'><img loading=\"lazy\" decoding=\"async\" width=\"300\" height=\"208\" src=\"https:\/\/msc-werlte.de\/wp-content\/uploads\/2024\/05\/IMG_3378-300x208.jpg\" class=\"attachment-medium size-medium\" alt=\"\" srcset=\"https:\/\/msc-werlte.de\/wp-content\/uploads\/2024\/05\/IMG_3378-300x208.jpg 300w, https:\/\/msc-werlte.de\/wp-content\/uploads\/2024\/05\/IMG_3378-768x533.jpg 768w, https:\/\/msc-werlte.de\/wp-content\/uploads\/2024\/05\/IMG_3378-100x70.jpg 100w, https:\/\/msc-werlte.de\/wp-content\/uploads\/2024\/05\/IMG_3378.jpg 1013w\" sizes=\"auto, (max-width: 300px) 100vw, 300px\" \/><\/a>\n\t\t\t<\/dt><\/dl><dl class='gallery-item'>\n\t\t\t<dt class='gallery-icon landscape'>\n\t\t\t\t<a href='https:\/\/msc-werlte.de\/index.php\/sponsoren\/sponsoring-moeglichkeiten\/img_3377\/'><img loading=\"lazy\" decoding=\"async\" width=\"300\" height=\"168\" src=\"https:\/\/msc-werlte.de\/wp-content\/uploads\/2024\/05\/IMG_3377-300x168.jpg\" class=\"attachment-medium size-medium\" alt=\"\" srcset=\"https:\/\/msc-werlte.de\/wp-content\/uploads\/2024\/05\/IMG_3377-300x168.jpg 300w, https:\/\/msc-werlte.de\/wp-content\/uploads\/2024\/05\/IMG_3377-768x430.jpg 768w, https:\/\/msc-werlte.de\/wp-content\/uploads\/2024\/05\/IMG_3377.jpg 960w\" sizes=\"auto, (max-width: 300px) 100vw, 300px\" \/><\/a>\n\t\t\t<\/dt><\/dl><dl class='gallery-item'>\n\t\t\t<dt class='gallery-icon landscape'>\n\t\t\t\t<a href='https:\/\/msc-werlte.de\/index.php\/sponsoren\/sponsoring-moeglichkeiten\/img_3376\/'><img loading=\"lazy\" decoding=\"async\" width=\"300\" height=\"199\" src=\"https:\/\/msc-werlte.de\/wp-content\/uploads\/2024\/05\/IMG_3376-300x199.jpg\" class=\"attachment-medium size-medium\" alt=\"\" srcset=\"https:\/\/msc-werlte.de\/wp-content\/uploads\/2024\/05\/IMG_3376-300x199.jpg 300w, https:\/\/msc-werlte.de\/wp-content\/uploads\/2024\/05\/IMG_3376-768x510.jpg 768w, https:\/\/msc-werlte.de\/wp-content\/uploads\/2024\/05\/IMG_3376.jpg 960w\" sizes=\"auto, (max-width: 300px) 100vw, 300px\" \/><\/a>\n\t\t\t<\/dt><\/dl><dl class='gallery-item'>\n\t\t\t<dt class='gallery-icon landscape'>\n\t\t\t\t<a href='https:\/\/msc-werlte.de\/index.php\/sponsoren\/sponsoring-moeglichkeiten\/img_3375\/'><img loading=\"lazy\" decoding=\"async\" width=\"300\" height=\"158\" src=\"https:\/\/msc-werlte.de\/wp-content\/uploads\/2024\/05\/IMG_3375-300x158.jpg\" class=\"attachment-medium size-medium\" alt=\"\" srcset=\"https:\/\/msc-werlte.de\/wp-content\/uploads\/2024\/05\/IMG_3375-300x158.jpg 300w, https:\/\/msc-werlte.de\/wp-content\/uploads\/2024\/05\/IMG_3375.jpg 640w\" sizes=\"auto, (max-width: 300px) 100vw, 300px\" \/><\/a>\n\t\t\t<\/dt><\/dl><br style=\"clear: both\" \/><dl class='gallery-item'>\n\t\t\t<dt class='gallery-icon portrait'>\n\t\t\t\t<a href='https:\/\/msc-werlte.de\/index.php\/sponsoren\/sponsoring-moeglichkeiten\/img_3374\/'><img loading=\"lazy\" decoding=\"async\" width=\"283\" height=\"300\" src=\"https:\/\/msc-werlte.de\/wp-content\/uploads\/2024\/05\/IMG_3374-283x300.jpg\" class=\"attachment-medium size-medium\" alt=\"\" srcset=\"https:\/\/msc-werlte.de\/wp-content\/uploads\/2024\/05\/IMG_3374-283x300.jpg 283w, https:\/\/msc-werlte.de\/wp-content\/uploads\/2024\/05\/IMG_3374.jpg 603w\" sizes=\"auto, (max-width: 283px) 100vw, 283px\" \/><\/a>\n\t\t\t<\/dt><\/dl><dl class='gallery-item'>\n\t\t\t<dt class='gallery-icon portrait'>\n\t\t\t\t<a href='https:\/\/msc-werlte.de\/index.php\/sponsoren\/sponsoring-moeglichkeiten\/img_3373\/'><img loading=\"lazy\" decoding=\"async\" width=\"225\" height=\"300\" src=\"https:\/\/msc-werlte.de\/wp-content\/uploads\/2024\/05\/IMG_3373-225x300.jpg\" class=\"attachment-medium size-medium\" alt=\"\" srcset=\"https:\/\/msc-werlte.de\/wp-content\/uploads\/2024\/05\/IMG_3373-225x300.jpg 225w, https:\/\/msc-werlte.de\/wp-content\/uploads\/2024\/05\/IMG_3373.jpg 720w\" sizes=\"auto, (max-width: 225px) 100vw, 225px\" \/><\/a>\n\t\t\t<\/dt><\/dl><dl class='gallery-item'>\n\t\t\t<dt class='gallery-icon portrait'>\n\t\t\t\t<a href='https:\/\/msc-werlte.de\/index.php\/sponsoren\/sponsoring-moeglichkeiten\/img_3372\/'><img loading=\"lazy\" decoding=\"async\" width=\"225\" height=\"300\" src=\"https:\/\/msc-werlte.de\/wp-content\/uploads\/2024\/05\/IMG_3372-225x300.jpg\" class=\"attachment-medium size-medium\" alt=\"\" srcset=\"https:\/\/msc-werlte.de\/wp-content\/uploads\/2024\/05\/IMG_3372-225x300.jpg 225w, https:\/\/msc-werlte.de\/wp-content\/uploads\/2024\/05\/IMG_3372.jpg 720w\" sizes=\"auto, (max-width: 225px) 100vw, 225px\" \/><\/a>\n\t\t\t<\/dt><\/dl><dl class='gallery-item'>\n\t\t\t<dt class='gallery-icon portrait'>\n\t\t\t\t<a href='https:\/\/msc-werlte.de\/index.php\/sponsoren\/sponsoring-moeglichkeiten\/img_3371\/'><img loading=\"lazy\" decoding=\"async\" width=\"225\" height=\"300\" src=\"https:\/\/msc-werlte.de\/wp-content\/uploads\/2024\/05\/IMG_3371-225x300.jpg\" class=\"attachment-medium size-medium\" alt=\"\" srcset=\"https:\/\/msc-werlte.de\/wp-content\/uploads\/2024\/05\/IMG_3371-225x300.jpg 225w, https:\/\/msc-werlte.de\/wp-content\/uploads\/2024\/05\/IMG_3371.jpg 720w\" sizes=\"auto, (max-width: 225px) 100vw, 225px\" \/><\/a>\n\t\t\t<\/dt><\/dl><br style=\"clear: both\" \/><dl class='gallery-item'>\n\t\t\t<dt class='gallery-icon landscape'>\n\t\t\t\t<a href='https:\/\/msc-werlte.de\/index.php\/sponsoren\/sponsoring-moeglichkeiten\/img_3370\/'><img loading=\"lazy\" decoding=\"async\" width=\"300\" height=\"201\" src=\"https:\/\/msc-werlte.de\/wp-content\/uploads\/2024\/05\/IMG_3370-300x201.jpg\" class=\"attachment-medium size-medium\" alt=\"\" srcset=\"https:\/\/msc-werlte.de\/wp-content\/uploads\/2024\/05\/IMG_3370-300x201.jpg 300w, https:\/\/msc-werlte.de\/wp-content\/uploads\/2024\/05\/IMG_3370.jpg 640w\" sizes=\"auto, (max-width: 300px) 100vw, 300px\" \/><\/a>\n\t\t\t<\/dt><\/dl><dl class='gallery-item'>\n\t\t\t<dt class='gallery-icon landscape'>\n\t\t\t\t<a href='https:\/\/msc-werlte.de\/index.php\/sponsoren\/sponsoring-moeglichkeiten\/img_3369\/'><img loading=\"lazy\" decoding=\"async\" width=\"300\" height=\"200\" src=\"https:\/\/msc-werlte.de\/wp-content\/uploads\/2024\/05\/IMG_3369-300x200.jpg\" class=\"attachment-medium size-medium\" alt=\"\" srcset=\"https:\/\/msc-werlte.de\/wp-content\/uploads\/2024\/05\/IMG_3369-300x200.jpg 300w, https:\/\/msc-werlte.de\/wp-content\/uploads\/2024\/05\/IMG_3369-768x511.jpg 768w, https:\/\/msc-werlte.de\/wp-content\/uploads\/2024\/05\/IMG_3369.jpg 961w\" sizes=\"auto, (max-width: 300px) 100vw, 300px\" \/><\/a>\n\t\t\t<\/dt><\/dl><dl class='gallery-item'>\n\t\t\t<dt class='gallery-icon landscape'>\n\t\t\t\t<a href='https:\/\/msc-werlte.de\/index.php\/sponsoren\/sponsoring-moeglichkeiten\/img_3367\/'><img loading=\"lazy\" decoding=\"async\" width=\"300\" height=\"201\" src=\"https:\/\/msc-werlte.de\/wp-content\/uploads\/2024\/05\/IMG_3367-300x201.jpg\" class=\"attachment-medium size-medium\" alt=\"\" srcset=\"https:\/\/msc-werlte.de\/wp-content\/uploads\/2024\/05\/IMG_3367-300x201.jpg 300w, https:\/\/msc-werlte.de\/wp-content\/uploads\/2024\/05\/IMG_3367.jpg 640w\" sizes=\"auto, (max-width: 300px) 100vw, 300px\" \/><\/a>\n\t\t\t<\/dt><\/dl><dl class='gallery-item'>\n\t\t\t<dt class='gallery-icon landscape'>\n\t\t\t\t<a href='https:\/\/msc-werlte.de\/index.php\/sponsoren\/sponsoring-moeglichkeiten\/img_3364\/'><img loading=\"lazy\" decoding=\"async\" width=\"300\" height=\"201\" src=\"https:\/\/msc-werlte.de\/wp-content\/uploads\/2024\/05\/IMG_3364-300x201.jpg\" class=\"attachment-medium size-medium\" alt=\"\" srcset=\"https:\/\/msc-werlte.de\/wp-content\/uploads\/2024\/05\/IMG_3364-300x201.jpg 300w, https:\/\/msc-werlte.de\/wp-content\/uploads\/2024\/05\/IMG_3364.jpg 640w\" sizes=\"auto, (max-width: 300px) 100vw, 300px\" \/><\/a>\n\t\t\t<\/dt><\/dl><br style=\"clear: both\" \/><dl class='gallery-item'>\n\t\t\t<dt class='gallery-icon landscape'>\n\t\t\t\t<a href='https:\/\/msc-werlte.de\/index.php\/sponsoren\/sponsoring-moeglichkeiten\/img_3362-kopie\/'><img loading=\"lazy\" decoding=\"async\" width=\"300\" height=\"201\" src=\"https:\/\/msc-werlte.de\/wp-content\/uploads\/2024\/05\/IMG_3362-Kopie-300x201.jpg\" class=\"attachment-medium size-medium\" alt=\"\" srcset=\"https:\/\/msc-werlte.de\/wp-content\/uploads\/2024\/05\/IMG_3362-Kopie-300x201.jpg 300w, https:\/\/msc-werlte.de\/wp-content\/uploads\/2024\/05\/IMG_3362-Kopie.jpg 640w\" sizes=\"auto, (max-width: 300px) 100vw, 300px\" \/><\/a>\n\t\t\t<\/dt><\/dl><dl class='gallery-item'>\n\t\t\t<dt class='gallery-icon landscape'>\n\t\t\t\t<a href='https:\/\/msc-werlte.de\/index.php\/sponsoren\/sponsoring-moeglichkeiten\/img_3361-kopie\/'><img loading=\"lazy\" decoding=\"async\" width=\"300\" height=\"201\" src=\"https:\/\/msc-werlte.de\/wp-content\/uploads\/2024\/05\/IMG_3361-Kopie-300x201.jpg\" class=\"attachment-medium size-medium\" alt=\"\" srcset=\"https:\/\/msc-werlte.de\/wp-content\/uploads\/2024\/05\/IMG_3361-Kopie-300x201.jpg 300w, https:\/\/msc-werlte.de\/wp-content\/uploads\/2024\/05\/IMG_3361-Kopie.jpg 640w\" sizes=\"auto, (max-width: 300px) 100vw, 300px\" \/><\/a>\n\t\t\t<\/dt><\/dl><dl class='gallery-item'>\n\t\t\t<dt class='gallery-icon landscape'>\n\t\t\t\t<a href='https:\/\/msc-werlte.de\/index.php\/sponsoren\/sponsoring-moeglichkeiten\/img_3360\/'><img loading=\"lazy\" decoding=\"async\" width=\"300\" height=\"201\" src=\"https:\/\/msc-werlte.de\/wp-content\/uploads\/2024\/05\/IMG_3360-300x201.jpg\" class=\"attachment-medium size-medium\" alt=\"\" srcset=\"https:\/\/msc-werlte.de\/wp-content\/uploads\/2024\/05\/IMG_3360-300x201.jpg 300w, https:\/\/msc-werlte.de\/wp-content\/uploads\/2024\/05\/IMG_3360.jpg 640w\" sizes=\"auto, (max-width: 300px) 100vw, 300px\" \/><\/a>\n\t\t\t<\/dt><\/dl>\n\t\t\t<br style='clear: both' \/>\n\t\t<\/div>\n\n<p>&nbsp;<\/p>\n<p><strong>Video Pr\u00e4sentation Boxengasse<\/strong> (Klicke auf den Link):<\/p>\n<p><a title=\"pr\u00e4si boxengasse\" href=\" https:\/\/www.facebook.com\/share\/v\/JYp3U23p9bP1G92P\/?mibextid=KsPBc6\"> https:\/\/www.facebook.com\/share\/v\/JYp3U23p9bP1G92P\/?mibextid=KsPBc6<\/a><\/p>\n<p>&nbsp;<\/p>\n<div class=\"shariff\" data-services=\"facebook\" data-url=\"https:\/\/msc-werlte.de\/index.php\/sponsoren\/sponsoring-moeglichkeiten\/\" data-timestamp=\"1715026352\" data-backendurl=\"https:\/\/msc-werlte.de\/wp-json\/shariff\/v1\/share_counts?\"><ul class=\"shariff-buttons theme-default orientation-horizontal buttonsize-medium\"><li class=\"shariff-button facebook shariff-nocustomcolor\" style=\"background-color:#4273c8\"><a href=\"https:\/\/www.facebook.com\/sharer\/sharer.php?u=https%3A%2F%2Fmsc-werlte.de%2Findex.php%2Fsponsoren%2Fsponsoring-moeglichkeiten%2F\" title=\"Bei Facebook teilen\" aria-label=\"Bei Facebook teilen\" role=\"button\" rel=\"nofollow\" class=\"shariff-link\" style=\"; background-color:#3b5998; color:#fff\" target=\"_blank\"><span class=\"shariff-icon\" style=\"\"><svg width=\"32px\" height=\"20px\" xmlns=\"http:\/\/www.w3.org\/2000\/svg\" viewBox=\"0 0 18 32\"><path fill=\"#3b5998\" d=\"M17.1 0.2v4.7h-2.8q-1.5 0-2.1 0.6t-0.5 1.9v3.4h5.2l-0.7 5.3h-4.5v13.6h-5.5v-13.6h-4.5v-5.3h4.5v-3.9q0-3.3 1.9-5.2t5-1.8q2.6 0 4.1 0.2z\"\/><\/svg><\/span><span class=\"shariff-text\">teilen<\/span>&nbsp;<span data-service=\"facebook\" style=\"color:#3b5998\" class=\"shariff-count shariff-hidezero\"><\/span>&nbsp;<\/a><\/li><\/ul><\/div>","protected":false},"excerpt":{"rendered":"<p>Wenn Sie Sponsor unseres Vereins werden, stehen Ihnen folgende M\u00f6glichkeiten zur Auswahl: Bandenwerbung Werbung in\/an der Boxengasse Fahnen im Stadion Aufstellen von Beachflags Werbung auf dem Siegerehrungswagen Werbung auf dem Plakat (national\/internationale Reichweite) Werbung im Programmheft Werbung auf den clubeigenen Fahrerwesten Stiftung von besonderen Ehrenpreisen und Pokalen Durchsagen w\u00e4hrend der Veranstaltung M\u00f6glichkeiten von Radio-\/Kinowerbung Pr\u00e4sentation des Unternehmens in \u00f6ffentlichen Medien [&hellip;]<\/p>\n","protected":false},"author":1,"featured_media":0,"parent":153,"menu_order":0,"comment_status":"closed","ping_status":"closed","template":"","meta":{"footnotes":""},"class_list":["post-159","page","type-page","status-publish","hentry"],"yoast_head":"<!-- This site is optimized with the Yoast SEO plugin v27.5 - https:\/\/yoast.com\/product\/yoast-seo-wordpress\/ -->\n<title>Sponsoring - M\u00f6glichkeiten - MSC H\u00fcmmling Werlte<\/title>\n<meta name=\"robots\" content=\"index, follow, max-snippet:-1, max-image-preview:large, max-video-preview:-1\" \/>\n<link rel=\"canonical\" href=\"https:\/\/msc-werlte.de\/index.php\/sponsoren\/sponsoring-moeglichkeiten\/\" \/>\n<meta property=\"og:locale\" content=\"de_DE\" \/>\n<meta property=\"og:type\" content=\"article\" \/>\n<meta property=\"og:title\" content=\"Sponsoring - M\u00f6glichkeiten - MSC H\u00fcmmling Werlte\" \/>\n<meta property=\"og:description\" content=\"Wenn Sie Sponsor unseres Vereins werden, stehen Ihnen folgende M\u00f6glichkeiten zur Auswahl: Bandenwerbung Werbung in\/an der Boxengasse Fahnen im Stadion Aufstellen von Beachflags Werbung auf dem Siegerehrungswagen Werbung auf dem Plakat (national\/internationale Reichweite) Werbung im Programmheft Werbung auf den clubeigenen Fahrerwesten Stiftung von besonderen Ehrenpreisen und Pokalen Durchsagen w\u00e4hrend der Veranstaltung M\u00f6glichkeiten von Radio-\/Kinowerbung Pr\u00e4sentation des Unternehmens in \u00f6ffentlichen Medien [&hellip;]\" \/>\n<meta property=\"og:url\" content=\"https:\/\/msc-werlte.de\/index.php\/sponsoren\/sponsoring-moeglichkeiten\/\" \/>\n<meta property=\"og:site_name\" content=\"MSC H\u00fcmmling Werlte\" \/>\n<meta property=\"article:publisher\" content=\"https:\/\/www.facebook.com\/MscHummlingWerlteEvImAdac\" \/>\n<meta property=\"article:modified_time\" content=\"2024-05-06T18:12:32+00:00\" \/>\n<meta name=\"twitter:card\" content=\"summary_large_image\" \/>\n<meta name=\"twitter:label1\" content=\"Gesch\u00e4tzte Lesezeit\" \/>\n\t<meta name=\"twitter:data1\" content=\"1\u00a0Minute\" \/>\n<script type=\"application\/ld+json\" class=\"yoast-schema-graph\">{\"@context\":\"https:\\\/\\\/schema.org\",\"@graph\":[{\"@type\":\"WebPage\",\"@id\":\"https:\\\/\\\/msc-werlte.de\\\/index.php\\\/sponsoren\\\/sponsoring-moeglichkeiten\\\/\",\"url\":\"https:\\\/\\\/msc-werlte.de\\\/index.php\\\/sponsoren\\\/sponsoring-moeglichkeiten\\\/\",\"name\":\"Sponsoring - M\u00f6glichkeiten - MSC H\u00fcmmling Werlte\",\"isPartOf\":{\"@id\":\"https:\\\/\\\/msc-werlte.de\\\/#website\"},\"datePublished\":\"2024-04-01T08:42:53+00:00\",\"dateModified\":\"2024-05-06T18:12:32+00:00\",\"breadcrumb\":{\"@id\":\"https:\\\/\\\/msc-werlte.de\\\/index.php\\\/sponsoren\\\/sponsoring-moeglichkeiten\\\/#breadcrumb\"},\"inLanguage\":\"de\",\"potentialAction\":[{\"@type\":\"ReadAction\",\"target\":[\"https:\\\/\\\/msc-werlte.de\\\/index.php\\\/sponsoren\\\/sponsoring-moeglichkeiten\\\/\"]}]},{\"@type\":\"BreadcrumbList\",\"@id\":\"https:\\\/\\\/msc-werlte.de\\\/index.php\\\/sponsoren\\\/sponsoring-moeglichkeiten\\\/#breadcrumb\",\"itemListElement\":[{\"@type\":\"ListItem\",\"position\":1,\"name\":\"Startseite\",\"item\":\"https:\\\/\\\/msc-werlte.de\\\/\"},{\"@type\":\"ListItem\",\"position\":2,\"name\":\"Sponsoren\",\"item\":\"https:\\\/\\\/msc-werlte.de\\\/index.php\\\/sponsoren\\\/\"},{\"@type\":\"ListItem\",\"position\":3,\"name\":\"Sponsoring &#8211; M\u00f6glichkeiten\"}]},{\"@type\":\"WebSite\",\"@id\":\"https:\\\/\\\/msc-werlte.de\\\/#website\",\"url\":\"https:\\\/\\\/msc-werlte.de\\\/\",\"name\":\"MSC H\u00fcmmling Werlte\",\"description\":\"\",\"publisher\":{\"@id\":\"https:\\\/\\\/msc-werlte.de\\\/#organization\"},\"potentialAction\":[{\"@type\":\"SearchAction\",\"target\":{\"@type\":\"EntryPoint\",\"urlTemplate\":\"https:\\\/\\\/msc-werlte.de\\\/?s={search_term_string}\"},\"query-input\":{\"@type\":\"PropertyValueSpecification\",\"valueRequired\":true,\"valueName\":\"search_term_string\"}}],\"inLanguage\":\"de\"},{\"@type\":\"Organization\",\"@id\":\"https:\\\/\\\/msc-werlte.de\\\/#organization\",\"name\":\"MSC H\u00fcmmling Werlte\",\"url\":\"https:\\\/\\\/msc-werlte.de\\\/\",\"logo\":{\"@type\":\"ImageObject\",\"inLanguage\":\"de\",\"@id\":\"https:\\\/\\\/msc-werlte.de\\\/#\\\/schema\\\/logo\\\/image\\\/\",\"url\":\"https:\\\/\\\/msc-werlte.de\\\/wp-content\\\/uploads\\\/2022\\\/10\\\/MSC-Werlte_329px_Final.png\",\"contentUrl\":\"https:\\\/\\\/msc-werlte.de\\\/wp-content\\\/uploads\\\/2022\\\/10\\\/MSC-Werlte_329px_Final.png\",\"width\":329,\"height\":329,\"caption\":\"MSC H\u00fcmmling Werlte\"},\"image\":{\"@id\":\"https:\\\/\\\/msc-werlte.de\\\/#\\\/schema\\\/logo\\\/image\\\/\"},\"sameAs\":[\"https:\\\/\\\/www.facebook.com\\\/MscHummlingWerlteEvImAdac\"]}]}<\/script>\n<!-- \/ Yoast SEO plugin. -->","yoast_head_json":{"title":"Sponsoring - M\u00f6glichkeiten - MSC H\u00fcmmling Werlte","robots":{"index":"index","follow":"follow","max-snippet":"max-snippet:-1","max-image-preview":"max-image-preview:large","max-video-preview":"max-video-preview:-1"},"canonical":"https:\/\/msc-werlte.de\/index.php\/sponsoren\/sponsoring-moeglichkeiten\/","og_locale":"de_DE","og_type":"article","og_title":"Sponsoring - M\u00f6glichkeiten - MSC H\u00fcmmling Werlte","og_description":"Wenn Sie Sponsor unseres Vereins werden, stehen Ihnen folgende M\u00f6glichkeiten zur Auswahl: Bandenwerbung Werbung in\/an der Boxengasse Fahnen im Stadion Aufstellen von Beachflags Werbung auf dem Siegerehrungswagen Werbung auf dem Plakat (national\/internationale Reichweite) Werbung im Programmheft Werbung auf den clubeigenen Fahrerwesten Stiftung von besonderen Ehrenpreisen und Pokalen Durchsagen w\u00e4hrend der Veranstaltung M\u00f6glichkeiten von Radio-\/Kinowerbung Pr\u00e4sentation des Unternehmens in \u00f6ffentlichen Medien [&hellip;]","og_url":"https:\/\/msc-werlte.de\/index.php\/sponsoren\/sponsoring-moeglichkeiten\/","og_site_name":"MSC H\u00fcmmling Werlte","article_publisher":"https:\/\/www.facebook.com\/MscHummlingWerlteEvImAdac","article_modified_time":"2024-05-06T18:12:32+00:00","twitter_card":"summary_large_image","twitter_misc":{"Gesch\u00e4tzte Lesezeit":"1\u00a0Minute"},"schema":{"@context":"https:\/\/schema.org","@graph":[{"@type":"WebPage","@id":"https:\/\/msc-werlte.de\/index.php\/sponsoren\/sponsoring-moeglichkeiten\/","url":"https:\/\/msc-werlte.de\/index.php\/sponsoren\/sponsoring-moeglichkeiten\/","name":"Sponsoring - M\u00f6glichkeiten - MSC H\u00fcmmling Werlte","isPartOf":{"@id":"https:\/\/msc-werlte.de\/#website"},"datePublished":"2024-04-01T08:42:53+00:00","dateModified":"2024-05-06T18:12:32+00:00","breadcrumb":{"@id":"https:\/\/msc-werlte.de\/index.php\/sponsoren\/sponsoring-moeglichkeiten\/#breadcrumb"},"inLanguage":"de","potentialAction":[{"@type":"ReadAction","target":["https:\/\/msc-werlte.de\/index.php\/sponsoren\/sponsoring-moeglichkeiten\/"]}]},{"@type":"BreadcrumbList","@id":"https:\/\/msc-werlte.de\/index.php\/sponsoren\/sponsoring-moeglichkeiten\/#breadcrumb","itemListElement":[{"@type":"ListItem","position":1,"name":"Startseite","item":"https:\/\/msc-werlte.de\/"},{"@type":"ListItem","position":2,"name":"Sponsoren","item":"https:\/\/msc-werlte.de\/index.php\/sponsoren\/"},{"@type":"ListItem","position":3,"name":"Sponsoring &#8211; M\u00f6glichkeiten"}]},{"@type":"WebSite","@id":"https:\/\/msc-werlte.de\/#website","url":"https:\/\/msc-werlte.de\/","name":"MSC H\u00fcmmling Werlte","description":"","publisher":{"@id":"https:\/\/msc-werlte.de\/#organization"},"potentialAction":[{"@type":"SearchAction","target":{"@type":"EntryPoint","urlTemplate":"https:\/\/msc-werlte.de\/?s={search_term_string}"},"query-input":{"@type":"PropertyValueSpecification","valueRequired":true,"valueName":"search_term_string"}}],"inLanguage":"de"},{"@type":"Organization","@id":"https:\/\/msc-werlte.de\/#organization","name":"MSC H\u00fcmmling Werlte","url":"https:\/\/msc-werlte.de\/","logo":{"@type":"ImageObject","inLanguage":"de","@id":"https:\/\/msc-werlte.de\/#\/schema\/logo\/image\/","url":"https:\/\/msc-werlte.de\/wp-content\/uploads\/2022\/10\/MSC-Werlte_329px_Final.png","contentUrl":"https:\/\/msc-werlte.de\/wp-content\/uploads\/2022\/10\/MSC-Werlte_329px_Final.png","width":329,"height":329,"caption":"MSC H\u00fcmmling Werlte"},"image":{"@id":"https:\/\/msc-werlte.de\/#\/schema\/logo\/image\/"},"sameAs":["https:\/\/www.facebook.com\/MscHummlingWerlteEvImAdac"]}]}},"_links":{"self":[{"href":"https:\/\/msc-werlte.de\/index.php\/wp-json\/wp\/v2\/pages\/159","targetHints":{"allow":["GET"]}}],"collection":[{"href":"https:\/\/msc-werlte.de\/index.php\/wp-json\/wp\/v2\/pages"}],"about":[{"href":"https:\/\/msc-werlte.de\/index.php\/wp-json\/wp\/v2\/types\/page"}],"author":[{"embeddable":true,"href":"https:\/\/msc-werlte.de\/index.php\/wp-json\/wp\/v2\/users\/1"}],"replies":[{"embeddable":true,"href":"https:\/\/msc-werlte.de\/index.php\/wp-json\/wp\/v2\/comments?post=159"}],"version-history":[{"count":3,"href":"https:\/\/msc-werlte.de\/index.php\/wp-json\/wp\/v2\/pages\/159\/revisions"}],"predecessor-version":[{"id":657,"href":"https:\/\/msc-werlte.de\/index.php\/wp-json\/wp\/v2\/pages\/159\/revisions\/657"}],"up":[{"embeddable":true,"href":"https:\/\/msc-werlte.de\/index.php\/wp-json\/wp\/v2\/pages\/153"}],"wp:attachment":[{"href":"https:\/\/msc-werlte.de\/index.php\/wp-json\/wp\/v2\/media?parent=159"}],"curies":[{"name":"wp","href":"https:\/\/api.w.org\/{rel}","templated":true}]}}