{"id":1191,"date":"2025-03-09T16:27:47","date_gmt":"2025-03-09T15:27:47","guid":{"rendered":"https:\/\/msc-werlte.de\/?page_id=1191"},"modified":"2025-07-14T14:47:53","modified_gmt":"2025-07-14T12:47:53","slug":"silvano-born","status":"publish","type":"page","link":"https:\/\/msc-werlte.de\/index.php\/silvano-born\/","title":{"rendered":"Silvano Born"},"content":{"rendered":"<p><span style=\"font-size: 20px;\"><strong>Silvano Born<\/strong><\/span><\/p>\n<p><img loading=\"lazy\" decoding=\"async\" class=\"aligncenter wp-image-1270 \" src=\"https:\/\/msc-werlte.de\/wp-content\/uploads\/2025\/07\/silvano-born.jpg\" alt=\"\" width=\"231\" height=\"325\" srcset=\"https:\/\/msc-werlte.de\/wp-content\/uploads\/2025\/07\/silvano-born.jpg 620w, https:\/\/msc-werlte.de\/wp-content\/uploads\/2025\/07\/silvano-born-213x300.jpg 213w\" sizes=\"auto, (max-width: 231px) 100vw, 231px\" \/><\/p>\n<table style=\"width: 100%;\">\n<tbody>\n<tr>\n<td style=\"width: 35.7143%;\"><strong>Geburtstag:<\/strong><\/td>\n<td style=\"width: 64.1429%;\">09. Mai 2017<\/td>\n<\/tr>\n<tr>\n<td style=\"width: 35.7143%;\"><strong>Wohnort:<\/strong><\/td>\n<td style=\"width: 64.1429%;\">Werlte<\/td>\n<\/tr>\n<tr>\n<td style=\"width: 35.7143%;\"><strong>Hobbies:<\/strong><\/td>\n<td style=\"width: 64.1429%;\">Motorrad fahren, Fahrrad fahren, Freunde treffen<\/td>\n<\/tr>\n<tr>\n<td style=\"width: 35.7143%;\"><strong>Beruf:<\/strong><\/td>\n<td style=\"width: 64.1429%;\">Sch\u00fcler<\/td>\n<\/tr>\n<tr>\n<td style=\"width: 35.7143%;\"><strong>Lieblingsbahn(en):<\/strong><\/td>\n<td style=\"width: 64.1429%;\">noch gibt es keinen Favoriten<\/td>\n<\/tr>\n<tr>\n<td style=\"width: 35.7143%;\"><strong>Rennfahrer seit:<\/strong><\/td>\n<td style=\"width: 64.1429%;\">2025<\/td>\n<\/tr>\n<tr>\n<td style=\"width: 35.7143%;\"><strong>Gr\u00f6\u00dfter Erfolg:<\/strong><\/td>\n<td style=\"width: 64.1429%;\">Treppchenpl\u00e4tze in der ersten Saison<\/td>\n<\/tr>\n<tr>\n<td style=\"width: 35.7143%;\"><strong>Vereine:<\/strong><\/td>\n<td style=\"width: 64.1429%;\">MSC Werlte<\/td>\n<\/tr>\n<tr>\n<td style=\"width: 35.7143%;\"><strong>Erkennungsmerkmal:<\/strong><\/td>\n<td style=\"width: 64.1429%;\">#61, bunter lilafarbener Helm<\/td>\n<\/tr>\n<tr>\n<td style=\"width: 35.7143%;\"><strong>Motivationsritual:<\/strong><\/td>\n<td style=\"width: 64.1429%;\">Geheimsprache mit dem Motorrad<\/td>\n<\/tr>\n<\/tbody>\n<\/table>\n<div class=\"shariff\" data-services=\"facebook\" data-url=\"https:\/\/msc-werlte.de\/index.php\/silvano-born\/\" data-timestamp=\"1752504473\" data-backendurl=\"https:\/\/msc-werlte.de\/wp-json\/shariff\/v1\/share_counts?\"><ul class=\"shariff-buttons theme-default orientation-horizontal buttonsize-medium\"><li class=\"shariff-button facebook shariff-nocustomcolor\" style=\"background-color:#4273c8\"><a href=\"https:\/\/www.facebook.com\/sharer\/sharer.php?u=https%3A%2F%2Fmsc-werlte.de%2Findex.php%2Fsilvano-born%2F\" title=\"Bei Facebook teilen\" aria-label=\"Bei Facebook teilen\" role=\"button\" rel=\"nofollow\" class=\"shariff-link\" style=\"; background-color:#3b5998; color:#fff\" target=\"_blank\"><span class=\"shariff-icon\" style=\"\"><svg width=\"32px\" height=\"20px\" xmlns=\"http:\/\/www.w3.org\/2000\/svg\" viewBox=\"0 0 18 32\"><path fill=\"#3b5998\" d=\"M17.1 0.2v4.7h-2.8q-1.5 0-2.1 0.6t-0.5 1.9v3.4h5.2l-0.7 5.3h-4.5v13.6h-5.5v-13.6h-4.5v-5.3h4.5v-3.9q0-3.3 1.9-5.2t5-1.8q2.6 0 4.1 0.2z\"\/><\/svg><\/span><span class=\"shariff-text\">teilen<\/span>&nbsp;<span data-service=\"facebook\" style=\"color:#3b5998\" class=\"shariff-count shariff-hidezero\"><\/span>&nbsp;<\/a><\/li><\/ul><\/div>","protected":false},"excerpt":{"rendered":"<p>Silvano Born Geburtstag: 09. Mai 2017 Wohnort: Werlte Hobbies: Motorrad fahren, Fahrrad fahren, Freunde treffen Beruf: Sch\u00fcler Lieblingsbahn(en): noch gibt es keinen Favoriten Rennfahrer seit: 2025 Gr\u00f6\u00dfter Erfolg: Treppchenpl\u00e4tze in der ersten Saison Vereine: MSC Werlte Erkennungsmerkmal: #61, bunter lilafarbener Helm Motivationsritual: Geheimsprache mit dem Motorrad<\/p>\n","protected":false},"author":2,"featured_media":0,"parent":0,"menu_order":0,"comment_status":"closed","ping_status":"closed","template":"","meta":{"footnotes":""},"class_list":["post-1191","page","type-page","status-publish","hentry"],"yoast_head":"<!-- This site is optimized with the Yoast SEO plugin v27.5 - https:\/\/yoast.com\/product\/yoast-seo-wordpress\/ -->\n<title>Silvano Born - MSC H\u00fcmmling Werlte<\/title>\n<meta name=\"robots\" content=\"index, follow, max-snippet:-1, max-image-preview:large, max-video-preview:-1\" \/>\n<link rel=\"canonical\" href=\"https:\/\/msc-werlte.de\/index.php\/silvano-born\/\" \/>\n<meta property=\"og:locale\" content=\"de_DE\" \/>\n<meta property=\"og:type\" content=\"article\" \/>\n<meta property=\"og:title\" content=\"Silvano Born - MSC H\u00fcmmling Werlte\" \/>\n<meta property=\"og:description\" content=\"Silvano Born Geburtstag: 09. Mai 2017 Wohnort: Werlte Hobbies: Motorrad fahren, Fahrrad fahren, Freunde treffen Beruf: Sch\u00fcler Lieblingsbahn(en): noch gibt es keinen Favoriten Rennfahrer seit: 2025 Gr\u00f6\u00dfter Erfolg: Treppchenpl\u00e4tze in der ersten Saison Vereine: MSC Werlte Erkennungsmerkmal: #61, bunter lilafarbener Helm Motivationsritual: Geheimsprache mit dem Motorrad\" \/>\n<meta property=\"og:url\" content=\"https:\/\/msc-werlte.de\/index.php\/silvano-born\/\" \/>\n<meta property=\"og:site_name\" content=\"MSC H\u00fcmmling Werlte\" \/>\n<meta property=\"article:publisher\" content=\"https:\/\/www.facebook.com\/MscHummlingWerlteEvImAdac\" \/>\n<meta property=\"article:modified_time\" content=\"2025-07-14T12:47:53+00:00\" \/>\n<meta property=\"og:image\" content=\"https:\/\/msc-werlte.de\/wp-content\/uploads\/2025\/07\/silvano-born.jpg\" \/>\n\t<meta property=\"og:image:width\" content=\"620\" \/>\n\t<meta property=\"og:image:height\" content=\"873\" \/>\n\t<meta property=\"og:image:type\" content=\"image\/jpeg\" \/>\n<meta name=\"twitter:card\" content=\"summary_large_image\" \/>\n<meta name=\"twitter:label1\" content=\"Gesch\u00e4tzte Lesezeit\" \/>\n\t<meta name=\"twitter:data1\" content=\"1\u00a0Minute\" \/>\n<script type=\"application\/ld+json\" class=\"yoast-schema-graph\">{\"@context\":\"https:\\\/\\\/schema.org\",\"@graph\":[{\"@type\":\"WebPage\",\"@id\":\"https:\\\/\\\/msc-werlte.de\\\/index.php\\\/silvano-born\\\/\",\"url\":\"https:\\\/\\\/msc-werlte.de\\\/index.php\\\/silvano-born\\\/\",\"name\":\"Silvano Born - MSC H\u00fcmmling Werlte\",\"isPartOf\":{\"@id\":\"https:\\\/\\\/msc-werlte.de\\\/#website\"},\"primaryImageOfPage\":{\"@id\":\"https:\\\/\\\/msc-werlte.de\\\/index.php\\\/silvano-born\\\/#primaryimage\"},\"image\":{\"@id\":\"https:\\\/\\\/msc-werlte.de\\\/index.php\\\/silvano-born\\\/#primaryimage\"},\"thumbnailUrl\":\"https:\\\/\\\/msc-werlte.de\\\/wp-content\\\/uploads\\\/2025\\\/07\\\/silvano-born.jpg\",\"datePublished\":\"2025-03-09T15:27:47+00:00\",\"dateModified\":\"2025-07-14T12:47:53+00:00\",\"breadcrumb\":{\"@id\":\"https:\\\/\\\/msc-werlte.de\\\/index.php\\\/silvano-born\\\/#breadcrumb\"},\"inLanguage\":\"de\",\"potentialAction\":[{\"@type\":\"ReadAction\",\"target\":[\"https:\\\/\\\/msc-werlte.de\\\/index.php\\\/silvano-born\\\/\"]}]},{\"@type\":\"ImageObject\",\"inLanguage\":\"de\",\"@id\":\"https:\\\/\\\/msc-werlte.de\\\/index.php\\\/silvano-born\\\/#primaryimage\",\"url\":\"https:\\\/\\\/msc-werlte.de\\\/wp-content\\\/uploads\\\/2025\\\/07\\\/silvano-born.jpg\",\"contentUrl\":\"https:\\\/\\\/msc-werlte.de\\\/wp-content\\\/uploads\\\/2025\\\/07\\\/silvano-born.jpg\",\"width\":620,\"height\":873},{\"@type\":\"BreadcrumbList\",\"@id\":\"https:\\\/\\\/msc-werlte.de\\\/index.php\\\/silvano-born\\\/#breadcrumb\",\"itemListElement\":[{\"@type\":\"ListItem\",\"position\":1,\"name\":\"Startseite\",\"item\":\"https:\\\/\\\/msc-werlte.de\\\/\"},{\"@type\":\"ListItem\",\"position\":2,\"name\":\"Silvano Born\"}]},{\"@type\":\"WebSite\",\"@id\":\"https:\\\/\\\/msc-werlte.de\\\/#website\",\"url\":\"https:\\\/\\\/msc-werlte.de\\\/\",\"name\":\"MSC H\u00fcmmling Werlte\",\"description\":\"\",\"publisher\":{\"@id\":\"https:\\\/\\\/msc-werlte.de\\\/#organization\"},\"potentialAction\":[{\"@type\":\"SearchAction\",\"target\":{\"@type\":\"EntryPoint\",\"urlTemplate\":\"https:\\\/\\\/msc-werlte.de\\\/?s={search_term_string}\"},\"query-input\":{\"@type\":\"PropertyValueSpecification\",\"valueRequired\":true,\"valueName\":\"search_term_string\"}}],\"inLanguage\":\"de\"},{\"@type\":\"Organization\",\"@id\":\"https:\\\/\\\/msc-werlte.de\\\/#organization\",\"name\":\"MSC H\u00fcmmling Werlte\",\"url\":\"https:\\\/\\\/msc-werlte.de\\\/\",\"logo\":{\"@type\":\"ImageObject\",\"inLanguage\":\"de\",\"@id\":\"https:\\\/\\\/msc-werlte.de\\\/#\\\/schema\\\/logo\\\/image\\\/\",\"url\":\"https:\\\/\\\/msc-werlte.de\\\/wp-content\\\/uploads\\\/2022\\\/10\\\/MSC-Werlte_329px_Final.png\",\"contentUrl\":\"https:\\\/\\\/msc-werlte.de\\\/wp-content\\\/uploads\\\/2022\\\/10\\\/MSC-Werlte_329px_Final.png\",\"width\":329,\"height\":329,\"caption\":\"MSC H\u00fcmmling Werlte\"},\"image\":{\"@id\":\"https:\\\/\\\/msc-werlte.de\\\/#\\\/schema\\\/logo\\\/image\\\/\"},\"sameAs\":[\"https:\\\/\\\/www.facebook.com\\\/MscHummlingWerlteEvImAdac\"]}]}<\/script>\n<!-- \/ Yoast SEO plugin. -->","yoast_head_json":{"title":"Silvano Born - MSC H\u00fcmmling Werlte","robots":{"index":"index","follow":"follow","max-snippet":"max-snippet:-1","max-image-preview":"max-image-preview:large","max-video-preview":"max-video-preview:-1"},"canonical":"https:\/\/msc-werlte.de\/index.php\/silvano-born\/","og_locale":"de_DE","og_type":"article","og_title":"Silvano Born - MSC H\u00fcmmling Werlte","og_description":"Silvano Born Geburtstag: 09. Mai 2017 Wohnort: Werlte Hobbies: Motorrad fahren, Fahrrad fahren, Freunde treffen Beruf: Sch\u00fcler Lieblingsbahn(en): noch gibt es keinen Favoriten Rennfahrer seit: 2025 Gr\u00f6\u00dfter Erfolg: Treppchenpl\u00e4tze in der ersten Saison Vereine: MSC Werlte Erkennungsmerkmal: #61, bunter lilafarbener Helm Motivationsritual: Geheimsprache mit dem Motorrad","og_url":"https:\/\/msc-werlte.de\/index.php\/silvano-born\/","og_site_name":"MSC H\u00fcmmling Werlte","article_publisher":"https:\/\/www.facebook.com\/MscHummlingWerlteEvImAdac","article_modified_time":"2025-07-14T12:47:53+00:00","og_image":[{"width":620,"height":873,"url":"https:\/\/msc-werlte.de\/wp-content\/uploads\/2025\/07\/silvano-born.jpg","type":"image\/jpeg"}],"twitter_card":"summary_large_image","twitter_misc":{"Gesch\u00e4tzte Lesezeit":"1\u00a0Minute"},"schema":{"@context":"https:\/\/schema.org","@graph":[{"@type":"WebPage","@id":"https:\/\/msc-werlte.de\/index.php\/silvano-born\/","url":"https:\/\/msc-werlte.de\/index.php\/silvano-born\/","name":"Silvano Born - MSC H\u00fcmmling Werlte","isPartOf":{"@id":"https:\/\/msc-werlte.de\/#website"},"primaryImageOfPage":{"@id":"https:\/\/msc-werlte.de\/index.php\/silvano-born\/#primaryimage"},"image":{"@id":"https:\/\/msc-werlte.de\/index.php\/silvano-born\/#primaryimage"},"thumbnailUrl":"https:\/\/msc-werlte.de\/wp-content\/uploads\/2025\/07\/silvano-born.jpg","datePublished":"2025-03-09T15:27:47+00:00","dateModified":"2025-07-14T12:47:53+00:00","breadcrumb":{"@id":"https:\/\/msc-werlte.de\/index.php\/silvano-born\/#breadcrumb"},"inLanguage":"de","potentialAction":[{"@type":"ReadAction","target":["https:\/\/msc-werlte.de\/index.php\/silvano-born\/"]}]},{"@type":"ImageObject","inLanguage":"de","@id":"https:\/\/msc-werlte.de\/index.php\/silvano-born\/#primaryimage","url":"https:\/\/msc-werlte.de\/wp-content\/uploads\/2025\/07\/silvano-born.jpg","contentUrl":"https:\/\/msc-werlte.de\/wp-content\/uploads\/2025\/07\/silvano-born.jpg","width":620,"height":873},{"@type":"BreadcrumbList","@id":"https:\/\/msc-werlte.de\/index.php\/silvano-born\/#breadcrumb","itemListElement":[{"@type":"ListItem","position":1,"name":"Startseite","item":"https:\/\/msc-werlte.de\/"},{"@type":"ListItem","position":2,"name":"Silvano Born"}]},{"@type":"WebSite","@id":"https:\/\/msc-werlte.de\/#website","url":"https:\/\/msc-werlte.de\/","name":"MSC H\u00fcmmling Werlte","description":"","publisher":{"@id":"https:\/\/msc-werlte.de\/#organization"},"potentialAction":[{"@type":"SearchAction","target":{"@type":"EntryPoint","urlTemplate":"https:\/\/msc-werlte.de\/?s={search_term_string}"},"query-input":{"@type":"PropertyValueSpecification","valueRequired":true,"valueName":"search_term_string"}}],"inLanguage":"de"},{"@type":"Organization","@id":"https:\/\/msc-werlte.de\/#organization","name":"MSC H\u00fcmmling Werlte","url":"https:\/\/msc-werlte.de\/","logo":{"@type":"ImageObject","inLanguage":"de","@id":"https:\/\/msc-werlte.de\/#\/schema\/logo\/image\/","url":"https:\/\/msc-werlte.de\/wp-content\/uploads\/2022\/10\/MSC-Werlte_329px_Final.png","contentUrl":"https:\/\/msc-werlte.de\/wp-content\/uploads\/2022\/10\/MSC-Werlte_329px_Final.png","width":329,"height":329,"caption":"MSC H\u00fcmmling Werlte"},"image":{"@id":"https:\/\/msc-werlte.de\/#\/schema\/logo\/image\/"},"sameAs":["https:\/\/www.facebook.com\/MscHummlingWerlteEvImAdac"]}]}},"_links":{"self":[{"href":"https:\/\/msc-werlte.de\/index.php\/wp-json\/wp\/v2\/pages\/1191","targetHints":{"allow":["GET"]}}],"collection":[{"href":"https:\/\/msc-werlte.de\/index.php\/wp-json\/wp\/v2\/pages"}],"about":[{"href":"https:\/\/msc-werlte.de\/index.php\/wp-json\/wp\/v2\/types\/page"}],"author":[{"embeddable":true,"href":"https:\/\/msc-werlte.de\/index.php\/wp-json\/wp\/v2\/users\/2"}],"replies":[{"embeddable":true,"href":"https:\/\/msc-werlte.de\/index.php\/wp-json\/wp\/v2\/comments?post=1191"}],"version-history":[{"count":4,"href":"https:\/\/msc-werlte.de\/index.php\/wp-json\/wp\/v2\/pages\/1191\/revisions"}],"predecessor-version":[{"id":1271,"href":"https:\/\/msc-werlte.de\/index.php\/wp-json\/wp\/v2\/pages\/1191\/revisions\/1271"}],"wp:attachment":[{"href":"https:\/\/msc-werlte.de\/index.php\/wp-json\/wp\/v2\/media?parent=1191"}],"curies":[{"name":"wp","href":"https:\/\/api.w.org\/{rel}","templated":true}]}}