{"id":1006,"date":"2025-01-11T14:51:14","date_gmt":"2025-01-11T13:51:14","guid":{"rendered":"https:\/\/msc-werlte.de\/?page_id=1006"},"modified":"2026-03-08T15:34:26","modified_gmt":"2026-03-08T14:34:26","slug":"mitgliedschaft","status":"publish","type":"page","link":"https:\/\/msc-werlte.de\/index.php\/mitgliedschaft\/","title":{"rendered":"Mitgliedschaft"},"content":{"rendered":"<p>Der MSC &#8222;H\u00fcmmling&#8220; Werlte e.V. im ADAC freut sich immer, neue Mitglieder in seinem Club willkommen zu hei\u00dfen!<\/p>\n<p>Egal, ob du begeisterter Fan, Bahnsport-Enthusiast, Unterst\u00fctzer, aktiver Fahrer oder MSC Helfer bist oder werden m\u00f6chtest &#8211; bei uns bist du genau richtig!<\/p>\n<p>Werde Teil einer starken Gemeinschaft, erlebe spannende Events und gestalte den Bahnsport mit uns aktiv mit!<\/p>\n<p>Wir haben f\u00fcr jeden die passende Mitgliedschaft im Angebot! Werde jetzt Mitglied und erlebe den Bahnsport hautnah!<\/p>\n<p>Wir freuen uns auf dich!<\/p>\n<p>&nbsp;<\/p>\n<p><span style=\"text-decoration: underline;\"><strong>\u00dcbersicht unserer Mitgliedschaften:<\/strong><\/span><\/p>\n<p>O\u00a0\u00a0\u00a0\u00a0\u00a0\u00a0\u00a0\u00a0 Erwachsene (m\/w\/d ab 18 Jahren): 30,00\u20ac<\/p>\n<p>O\u00a0\u00a0\u00a0\u00a0\u00a0\u00a0\u00a0\u00a0 Junge-Leute-Tarif (m\/w\/d, 18-25 Jahre)*: 20,00\u20ac<\/p>\n<p>O\u00a0\u00a0\u00a0\u00a0\u00a0\u00a0\u00a0\u00a0 aktives Jugendgruppenmitglied (m\/w\/d bis 18 Jahren)*: 17,00\u20ac<\/p>\n<p>O\u00a0\u00a0\u00a0\u00a0\u00a0\u00a0\u00a0\u00a0 Familienbeitrag (Kind(er) bis 17 Jahren)*: 50,00\u20ac<\/p>\n<p><span style=\"font-size: 12px;\">* Der Mitgliedsbeitrag wird automatisch bei \u00c4nderung der Altersgrenze angepasst.<\/span><\/p>\n<p>&nbsp;<\/p>\n<p><strong><span style=\"text-decoration: underline;\">Download Aufnahmeantrag:<\/span><\/strong><\/p>\n<p><a title=\"Aufnahmeantrag\" href=\"https:\/\/msc-werlte.de\/wp-content\/uploads\/2025\/02\/aufnahmeantrag-ab-2025.pdf\" target=\"_blank\" rel=\"noopener\">https:\/\/msc-werlte.de\/wp-content\/uploads\/2025\/02\/aufnahmeantrag-ab-2025.pdf<\/a><\/p>\n<p>&nbsp;<\/p>\n<p>&nbsp;<\/p>\n<p><span style=\"text-decoration: underline;\"><strong>Vorteile einer Mitgliedschaft:<\/strong><\/span><\/p>\n<ul style=\"list-style-type: disc;\">\n<li>freier Eintritt beim Flutlicht-Grasbahnrennen<\/li>\n<li>HelferInnen am Renntag erhalten clubeigenes T-Shirt<\/li>\n<li>Helferfete, Brunchen, Abschluss Jugendgruppe, Nikolausfeier mit \u00a0 \u00a0 \u00a0 \u00a0 \u00a0 \u00a0 \u00a0 \u00a0 \u00a0 \u00a0 \u00a0 \u00a0 \u00a0der Jugendgruppe und Senioren, Mitgliederversammlung mit Abendessen,\u00a0 \u00a0 \u00a0 \u00a0 \u00a0 \u00a0 \u00a0Osterfeuer, Winterfest (verg\u00fcnstigte Preise oder kostenlos) usw.<\/li>\n<li>Unterst\u00fctzung von Fahrten\/ Vereinsvorhaben (z.B. Clubfahrt zum\u00a0 \u00a0 \u00a0 \u00a0 \u00a0 \u00a0 \u00a0 \u00a0 \u00a0 \u00a0 \u00a0 \u00a0 \u00a0 \u00a0Speedwayrennen nach Dohren)<\/li>\n<\/ul>\n<p>&nbsp;<\/p>\n<div class=\"shariff\" data-services=\"facebook\" data-url=\"https:\/\/msc-werlte.de\/index.php\/mitgliedschaft\/\" data-timestamp=\"1772984066\" data-backendurl=\"https:\/\/msc-werlte.de\/wp-json\/shariff\/v1\/share_counts?\"><ul class=\"shariff-buttons theme-default orientation-horizontal buttonsize-medium\"><li class=\"shariff-button facebook shariff-nocustomcolor\" style=\"background-color:#4273c8\"><a href=\"https:\/\/www.facebook.com\/sharer\/sharer.php?u=https%3A%2F%2Fmsc-werlte.de%2Findex.php%2Fmitgliedschaft%2F\" title=\"Bei Facebook teilen\" aria-label=\"Bei Facebook teilen\" role=\"button\" rel=\"nofollow\" class=\"shariff-link\" style=\"; background-color:#3b5998; color:#fff\" target=\"_blank\"><span class=\"shariff-icon\" style=\"\"><svg width=\"32px\" height=\"20px\" xmlns=\"http:\/\/www.w3.org\/2000\/svg\" viewBox=\"0 0 18 32\"><path fill=\"#3b5998\" d=\"M17.1 0.2v4.7h-2.8q-1.5 0-2.1 0.6t-0.5 1.9v3.4h5.2l-0.7 5.3h-4.5v13.6h-5.5v-13.6h-4.5v-5.3h4.5v-3.9q0-3.3 1.9-5.2t5-1.8q2.6 0 4.1 0.2z\"\/><\/svg><\/span><span class=\"shariff-text\">teilen<\/span>&nbsp;<span data-service=\"facebook\" style=\"color:#3b5998\" class=\"shariff-count shariff-hidezero\"><\/span>&nbsp;<\/a><\/li><\/ul><\/div>","protected":false},"excerpt":{"rendered":"<p>Der MSC &#8222;H\u00fcmmling&#8220; Werlte e.V. im ADAC freut sich immer, neue Mitglieder in seinem Club willkommen zu hei\u00dfen! Egal, ob du begeisterter Fan, Bahnsport-Enthusiast, Unterst\u00fctzer, aktiver Fahrer oder MSC Helfer bist oder werden m\u00f6chtest &#8211; bei uns bist du genau richtig! Werde Teil einer starken Gemeinschaft, erlebe spannende Events und gestalte den Bahnsport mit uns aktiv mit! Wir haben f\u00fcr [&hellip;]<\/p>\n","protected":false},"author":2,"featured_media":0,"parent":0,"menu_order":0,"comment_status":"closed","ping_status":"closed","template":"","meta":{"footnotes":""},"class_list":["post-1006","page","type-page","status-publish","hentry"],"yoast_head":"<!-- This site is optimized with the Yoast SEO plugin v27.5 - https:\/\/yoast.com\/product\/yoast-seo-wordpress\/ -->\n<title>Mitgliedschaft - MSC H\u00fcmmling Werlte<\/title>\n<meta name=\"robots\" content=\"index, follow, max-snippet:-1, max-image-preview:large, max-video-preview:-1\" \/>\n<link rel=\"canonical\" href=\"https:\/\/msc-werlte.de\/index.php\/mitgliedschaft\/\" \/>\n<meta property=\"og:locale\" content=\"de_DE\" \/>\n<meta property=\"og:type\" content=\"article\" \/>\n<meta property=\"og:title\" content=\"Mitgliedschaft - MSC H\u00fcmmling Werlte\" \/>\n<meta property=\"og:description\" content=\"Der MSC &#8222;H\u00fcmmling&#8220; Werlte e.V. im ADAC freut sich immer, neue Mitglieder in seinem Club willkommen zu hei\u00dfen! Egal, ob du begeisterter Fan, Bahnsport-Enthusiast, Unterst\u00fctzer, aktiver Fahrer oder MSC Helfer bist oder werden m\u00f6chtest &#8211; bei uns bist du genau richtig! Werde Teil einer starken Gemeinschaft, erlebe spannende Events und gestalte den Bahnsport mit uns aktiv mit! Wir haben f\u00fcr [&hellip;]\" \/>\n<meta property=\"og:url\" content=\"https:\/\/msc-werlte.de\/index.php\/mitgliedschaft\/\" \/>\n<meta property=\"og:site_name\" content=\"MSC H\u00fcmmling Werlte\" \/>\n<meta property=\"article:publisher\" content=\"https:\/\/www.facebook.com\/MscHummlingWerlteEvImAdac\" \/>\n<meta property=\"article:modified_time\" content=\"2026-03-08T14:34:26+00:00\" \/>\n<meta name=\"twitter:card\" content=\"summary_large_image\" \/>\n<meta name=\"twitter:label1\" content=\"Gesch\u00e4tzte Lesezeit\" \/>\n\t<meta name=\"twitter:data1\" content=\"1\u00a0Minute\" \/>\n<script type=\"application\/ld+json\" class=\"yoast-schema-graph\">{\"@context\":\"https:\\\/\\\/schema.org\",\"@graph\":[{\"@type\":\"WebPage\",\"@id\":\"https:\\\/\\\/msc-werlte.de\\\/index.php\\\/mitgliedschaft\\\/\",\"url\":\"https:\\\/\\\/msc-werlte.de\\\/index.php\\\/mitgliedschaft\\\/\",\"name\":\"Mitgliedschaft - MSC H\u00fcmmling Werlte\",\"isPartOf\":{\"@id\":\"https:\\\/\\\/msc-werlte.de\\\/#website\"},\"datePublished\":\"2025-01-11T13:51:14+00:00\",\"dateModified\":\"2026-03-08T14:34:26+00:00\",\"breadcrumb\":{\"@id\":\"https:\\\/\\\/msc-werlte.de\\\/index.php\\\/mitgliedschaft\\\/#breadcrumb\"},\"inLanguage\":\"de\",\"potentialAction\":[{\"@type\":\"ReadAction\",\"target\":[\"https:\\\/\\\/msc-werlte.de\\\/index.php\\\/mitgliedschaft\\\/\"]}]},{\"@type\":\"BreadcrumbList\",\"@id\":\"https:\\\/\\\/msc-werlte.de\\\/index.php\\\/mitgliedschaft\\\/#breadcrumb\",\"itemListElement\":[{\"@type\":\"ListItem\",\"position\":1,\"name\":\"Startseite\",\"item\":\"https:\\\/\\\/msc-werlte.de\\\/\"},{\"@type\":\"ListItem\",\"position\":2,\"name\":\"Mitgliedschaft\"}]},{\"@type\":\"WebSite\",\"@id\":\"https:\\\/\\\/msc-werlte.de\\\/#website\",\"url\":\"https:\\\/\\\/msc-werlte.de\\\/\",\"name\":\"MSC H\u00fcmmling Werlte\",\"description\":\"\",\"publisher\":{\"@id\":\"https:\\\/\\\/msc-werlte.de\\\/#organization\"},\"potentialAction\":[{\"@type\":\"SearchAction\",\"target\":{\"@type\":\"EntryPoint\",\"urlTemplate\":\"https:\\\/\\\/msc-werlte.de\\\/?s={search_term_string}\"},\"query-input\":{\"@type\":\"PropertyValueSpecification\",\"valueRequired\":true,\"valueName\":\"search_term_string\"}}],\"inLanguage\":\"de\"},{\"@type\":\"Organization\",\"@id\":\"https:\\\/\\\/msc-werlte.de\\\/#organization\",\"name\":\"MSC H\u00fcmmling Werlte\",\"url\":\"https:\\\/\\\/msc-werlte.de\\\/\",\"logo\":{\"@type\":\"ImageObject\",\"inLanguage\":\"de\",\"@id\":\"https:\\\/\\\/msc-werlte.de\\\/#\\\/schema\\\/logo\\\/image\\\/\",\"url\":\"https:\\\/\\\/msc-werlte.de\\\/wp-content\\\/uploads\\\/2022\\\/10\\\/MSC-Werlte_329px_Final.png\",\"contentUrl\":\"https:\\\/\\\/msc-werlte.de\\\/wp-content\\\/uploads\\\/2022\\\/10\\\/MSC-Werlte_329px_Final.png\",\"width\":329,\"height\":329,\"caption\":\"MSC H\u00fcmmling Werlte\"},\"image\":{\"@id\":\"https:\\\/\\\/msc-werlte.de\\\/#\\\/schema\\\/logo\\\/image\\\/\"},\"sameAs\":[\"https:\\\/\\\/www.facebook.com\\\/MscHummlingWerlteEvImAdac\"]}]}<\/script>\n<!-- \/ Yoast SEO plugin. -->","yoast_head_json":{"title":"Mitgliedschaft - MSC H\u00fcmmling Werlte","robots":{"index":"index","follow":"follow","max-snippet":"max-snippet:-1","max-image-preview":"max-image-preview:large","max-video-preview":"max-video-preview:-1"},"canonical":"https:\/\/msc-werlte.de\/index.php\/mitgliedschaft\/","og_locale":"de_DE","og_type":"article","og_title":"Mitgliedschaft - MSC H\u00fcmmling Werlte","og_description":"Der MSC &#8222;H\u00fcmmling&#8220; Werlte e.V. im ADAC freut sich immer, neue Mitglieder in seinem Club willkommen zu hei\u00dfen! Egal, ob du begeisterter Fan, Bahnsport-Enthusiast, Unterst\u00fctzer, aktiver Fahrer oder MSC Helfer bist oder werden m\u00f6chtest &#8211; bei uns bist du genau richtig! Werde Teil einer starken Gemeinschaft, erlebe spannende Events und gestalte den Bahnsport mit uns aktiv mit! Wir haben f\u00fcr [&hellip;]","og_url":"https:\/\/msc-werlte.de\/index.php\/mitgliedschaft\/","og_site_name":"MSC H\u00fcmmling Werlte","article_publisher":"https:\/\/www.facebook.com\/MscHummlingWerlteEvImAdac","article_modified_time":"2026-03-08T14:34:26+00:00","twitter_card":"summary_large_image","twitter_misc":{"Gesch\u00e4tzte Lesezeit":"1\u00a0Minute"},"schema":{"@context":"https:\/\/schema.org","@graph":[{"@type":"WebPage","@id":"https:\/\/msc-werlte.de\/index.php\/mitgliedschaft\/","url":"https:\/\/msc-werlte.de\/index.php\/mitgliedschaft\/","name":"Mitgliedschaft - MSC H\u00fcmmling Werlte","isPartOf":{"@id":"https:\/\/msc-werlte.de\/#website"},"datePublished":"2025-01-11T13:51:14+00:00","dateModified":"2026-03-08T14:34:26+00:00","breadcrumb":{"@id":"https:\/\/msc-werlte.de\/index.php\/mitgliedschaft\/#breadcrumb"},"inLanguage":"de","potentialAction":[{"@type":"ReadAction","target":["https:\/\/msc-werlte.de\/index.php\/mitgliedschaft\/"]}]},{"@type":"BreadcrumbList","@id":"https:\/\/msc-werlte.de\/index.php\/mitgliedschaft\/#breadcrumb","itemListElement":[{"@type":"ListItem","position":1,"name":"Startseite","item":"https:\/\/msc-werlte.de\/"},{"@type":"ListItem","position":2,"name":"Mitgliedschaft"}]},{"@type":"WebSite","@id":"https:\/\/msc-werlte.de\/#website","url":"https:\/\/msc-werlte.de\/","name":"MSC H\u00fcmmling Werlte","description":"","publisher":{"@id":"https:\/\/msc-werlte.de\/#organization"},"potentialAction":[{"@type":"SearchAction","target":{"@type":"EntryPoint","urlTemplate":"https:\/\/msc-werlte.de\/?s={search_term_string}"},"query-input":{"@type":"PropertyValueSpecification","valueRequired":true,"valueName":"search_term_string"}}],"inLanguage":"de"},{"@type":"Organization","@id":"https:\/\/msc-werlte.de\/#organization","name":"MSC H\u00fcmmling Werlte","url":"https:\/\/msc-werlte.de\/","logo":{"@type":"ImageObject","inLanguage":"de","@id":"https:\/\/msc-werlte.de\/#\/schema\/logo\/image\/","url":"https:\/\/msc-werlte.de\/wp-content\/uploads\/2022\/10\/MSC-Werlte_329px_Final.png","contentUrl":"https:\/\/msc-werlte.de\/wp-content\/uploads\/2022\/10\/MSC-Werlte_329px_Final.png","width":329,"height":329,"caption":"MSC H\u00fcmmling Werlte"},"image":{"@id":"https:\/\/msc-werlte.de\/#\/schema\/logo\/image\/"},"sameAs":["https:\/\/www.facebook.com\/MscHummlingWerlteEvImAdac"]}]}},"_links":{"self":[{"href":"https:\/\/msc-werlte.de\/index.php\/wp-json\/wp\/v2\/pages\/1006","targetHints":{"allow":["GET"]}}],"collection":[{"href":"https:\/\/msc-werlte.de\/index.php\/wp-json\/wp\/v2\/pages"}],"about":[{"href":"https:\/\/msc-werlte.de\/index.php\/wp-json\/wp\/v2\/types\/page"}],"author":[{"embeddable":true,"href":"https:\/\/msc-werlte.de\/index.php\/wp-json\/wp\/v2\/users\/2"}],"replies":[{"embeddable":true,"href":"https:\/\/msc-werlte.de\/index.php\/wp-json\/wp\/v2\/comments?post=1006"}],"version-history":[{"count":4,"href":"https:\/\/msc-werlte.de\/index.php\/wp-json\/wp\/v2\/pages\/1006\/revisions"}],"predecessor-version":[{"id":1723,"href":"https:\/\/msc-werlte.de\/index.php\/wp-json\/wp\/v2\/pages\/1006\/revisions\/1723"}],"wp:attachment":[{"href":"https:\/\/msc-werlte.de\/index.php\/wp-json\/wp\/v2\/media?parent=1006"}],"curies":[{"name":"wp","href":"https:\/\/api.w.org\/{rel}","templated":true}]}}